{"id":90030,"date":"2018-03-12T12:09:56","date_gmt":"2022-11-05T07:58:01","guid":{"rendered":"https:\/\/staging.agrovin.com\/fara-categorie\/evolutia-superbouquet\/"},"modified":"2024-06-19T08:23:55","modified_gmt":"2024-06-19T07:23:55","slug":"super-bouquet-evolution","status":"publish","type":"product","link":"https:\/\/agrovin.com\/ro\/produse-oenologice\/polizaharide-si-manoproteine\/super-bouquet-evolution\/","title":{"rendered":"SUPERBOUQUET EVOLUTION"},"content":{"rendered":"<h3>CARACTERISTICI<\/h3>\n<p>De\u0219i efectele pozitive ale glutationului \u0219i ale metaboli\u021bilor s\u0103i precursori asupra aromei \u0219i evolu\u021biei tardive a vinurilor sunt bine cunoscute, studiul efectului s\u0103u \u00een timpul fermenta\u021biei \u0219i identificarea practicilor oenologice \u0219i a factorilor care influen\u021beaz\u0103 con\u021binutul s\u0103u au permis dezvoltarea unui itinerar oenologic \u00een care efectul s\u0103u protector este maximizat.<\/p>\n<p>Utilizarea sa este foarte recomandat\u0103 \u00een produc\u021bia de vinuri albe din soiuri puternic oxidative, bogate \u00een tioli volatili (Chardonnay, Sauvignon Blanc, Verdejo).<\/p>\n<p>Capacitatea sa antioxidant\u0103 ridicat\u0103 reduce nivelul de SO2 \u00een timpul prelucr\u0103rii. Este deosebit de potrivit pentru producerea de vinuri f\u0103r\u0103 sulfi\u021bi.<\/p>\n<p><strong>Superbouquet EVOLUTION<\/strong> este rezultatul proiectului de cercetare VINNOSO2 (INNPACTO IPT 2012-0967-060000), care are ca scop reducerea nivelului de SO2 \u00een timpul vinifica\u021biei.<\/p>\n<ul>\n<li>\u00cen primele etape ale fermenta\u021biei alcoolice, pentru a permite asimilarea \u0219i sinteza glutationului de c\u0103tre drojdie.<\/li>\n<li>La sf\u00e2r\u0219itul fermenta\u021biei alcoolice.<\/li>\n<li>\u00cenvechire pe drojdie \u0219i vin finit.<\/li>\n<\/ul>\n<p>Pentru a ob\u021bine efectul protector maxim al Superbouquet EVOLUTION, este necesar s\u0103 se evite deficien\u021bele de azot. Prin urmare, se recomand\u0103 utilizarea de nutrien\u021bi organici \u00eenc\u0103 de la \u00eenceputul fermenta\u021biei (Actimax Natura). Evita\u021bi aplicarea de s\u0103ruri de amoniu.<\/p>\n<p>\u00cen cazul vinific\u0103rii cu con\u021binut sc\u0103zut de SO2 sau f\u0103r\u0103 sulfi\u021bi, se recomand\u0103 efectuarea periodic\u0103 a monitoriz\u0103rii oxigenului dizolvat \u0219i a monitoriz\u0103rii microbiologice.<\/p>\n<h3>APLICA\u021aIE<\/h3>\n<ul>\n<li>\u00cen primele etape ale fermenta\u021biei alcoolice, pentru a permite asimilarea \u0219i sinteza glutationului de c\u0103tre drojdie.<\/li>\n<li>La sf\u00e2r\u0219itul fermenta\u021biei alcoolice.<\/li>\n<li>\u00cenvechire pe drojdie \u0219i vin finit.<\/li>\n<\/ul>\n<p>Pentru a ob\u021bine efectul protector maxim al Superbouquet EVOLUTION, este necesar s\u0103 se evite deficien\u021bele de azot. Prin urmare, se recomand\u0103 utilizarea de nutrien\u021bi organici \u00eenc\u0103 de la \u00eenceputul fermenta\u021biei (Actimax Natura). Evita\u021bi aplicarea de s\u0103ruri de amoniu. \u00cen cazul vinific\u0103rii cu con\u021binut sc\u0103zut de SO2 sau f\u0103r\u0103 sulfi\u021bi, se recomand\u0103 efectuarea periodic\u0103 a monitoriz\u0103rii oxigenului dizolvat \u0219i a monitoriz\u0103rii microbiologice.<\/p>\n<h3>DOZAJ<\/h3>\n<ul>\n<li>Fermentare 20-40 g\/hl<\/li>\n<li>\u00cenvechire pe drojdie &#8211; vin finit 10-20 g\/hl<\/li>\n<\/ul>\n","protected":false},"excerpt":{"rendered":"<p>Este o drojdie inactivat\u0103 de a doua genera\u021bie cu putere antioxidant\u0103 ridicat\u0103, care favorizeaz\u0103 eliberarea de aminoacizi \u0219i peptide tiolice (glutation).<\/p>\n","protected":false},"featured_media":21261,"template":"","meta":{"_acf_changed":false,"inline_featured_image":false,"site-sidebar-layout":"default","site-content-layout":"default","ast-site-content-layout":"default","site-content-style":"default","site-sidebar-style":"default","ast-global-header-display":"","ast-banner-title-visibility":"","ast-main-header-display":"","ast-hfb-above-header-display":"","ast-hfb-below-header-display":"","ast-hfb-mobile-header-display":"","site-post-title":"","ast-breadcrumbs-content":"","ast-featured-img":"","footer-sml-layout":"","ast-disable-related-posts":"","theme-transparent-header-meta":"default","adv-header-id-meta":"","stick-header-meta":"","header-above-stick-meta":"","header-main-stick-meta":"","header-below-stick-meta":"","astra-migrate-meta-layouts":"default","ast-page-background-enabled":"default","ast-page-background-meta":{"desktop":{"background-color":"var(--ast-global-color-5)","background-image":"","background-repeat":"repeat","background-position":"center center","background-size":"auto","background-attachment":"scroll","background-type":"","background-media":"","overlay-type":"","overlay-color":"","overlay-opacity":"","overlay-gradient":""},"tablet":{"background-color":"","background-image":"","background-repeat":"repeat","background-position":"center center","background-size":"auto","background-attachment":"scroll","background-type":"","background-media":"","overlay-type":"","overlay-color":"","overlay-opacity":"","overlay-gradient":""},"mobile":{"background-color":"","background-image":"","background-repeat":"repeat","background-position":"center center","background-size":"auto","background-attachment":"scroll","background-type":"","background-media":"","overlay-type":"","overlay-color":"","overlay-opacity":"","overlay-gradient":""}},"ast-content-background-meta":{"desktop":{"background-color":"var(--ast-global-color-4)","background-image":"","background-repeat":"repeat","background-position":"center center","background-size":"auto","background-attachment":"scroll","background-type":"","background-media":"","overlay-type":"","overlay-color":"","overlay-opacity":"","overlay-gradient":""},"tablet":{"background-color":"var(--ast-global-color-4)","background-image":"","background-repeat":"repeat","background-position":"center center","background-size":"auto","background-attachment":"scroll","background-type":"","background-media":"","overlay-type":"","overlay-color":"","overlay-opacity":"","overlay-gradient":""},"mobile":{"background-color":"var(--ast-global-color-4)","background-image":"","background-repeat":"repeat","background-position":"center center","background-size":"auto","background-attachment":"scroll","background-type":"","background-media":"","overlay-type":"","overlay-color":"","overlay-opacity":"","overlay-gradient":""}}},"product_brand":[],"product_cat":[218,163],"product_tag":[427,426,817,501,423,521],"class_list":{"0":"post-90030","1":"product","2":"type-product","3":"status-publish","4":"has-post-thumbnail","6":"product_cat-polizaharide-si-manoproteine","7":"product_cat-antioxidanti-produse-oenologice","8":"product_tag-levadura-inactiva-ro","9":"product_tag-manoproteina-pura-ro","10":"product_tag-evitati-oxidarile","11":"product_tag-must-ro","12":"product_tag-drojdii-inactive","13":"product_tag-vin-ro","14":"pa_ecologico-autorizat-eu","15":"pa_ecologico-autorizat-nop-usda","16":"pa_estilo-de-vino-alb","17":"pa_estilo-de-vino-butoi","18":"pa_estilo-de-vino-rosu","19":"pa_estilo-de-vino-roz","20":"pa_estilo-de-vino-sclipitor","21":"pa_objetivo-imbunatatirea-senzoriala","22":"pa_objetivo-protectie-antioxidanta","23":"pa_vegano-vegetarian","24":"desktop-align-left","25":"tablet-align-left","26":"mobile-align-left","28":"first","29":"instock","30":"featured","31":"virtual","32":"product-type-simple"},"acf":[],"_links":{"self":[{"href":"https:\/\/agrovin.com\/ro\/wp-json\/wp\/v2\/product\/90030","targetHints":{"allow":["GET"]}}],"collection":[{"href":"https:\/\/agrovin.com\/ro\/wp-json\/wp\/v2\/product"}],"about":[{"href":"https:\/\/agrovin.com\/ro\/wp-json\/wp\/v2\/types\/product"}],"version-history":[{"count":0,"href":"https:\/\/agrovin.com\/ro\/wp-json\/wp\/v2\/product\/90030\/revisions"}],"wp:featuredmedia":[{"embeddable":true,"href":"https:\/\/agrovin.com\/ro\/wp-json\/wp\/v2\/media\/21261"}],"wp:attachment":[{"href":"https:\/\/agrovin.com\/ro\/wp-json\/wp\/v2\/media?parent=90030"}],"wp:term":[{"taxonomy":"product_brand","embeddable":true,"href":"https:\/\/agrovin.com\/ro\/wp-json\/wp\/v2\/product_brand?post=90030"},{"taxonomy":"product_cat","embeddable":true,"href":"https:\/\/agrovin.com\/ro\/wp-json\/wp\/v2\/product_cat?post=90030"},{"taxonomy":"product_tag","embeddable":true,"href":"https:\/\/agrovin.com\/ro\/wp-json\/wp\/v2\/product_tag?post=90030"}],"curies":[{"name":"wp","href":"https:\/\/api.w.org\/{rel}","templated":true}]}}