{"id":90025,"date":"2018-03-06T16:52:25","date_gmt":"2022-11-05T07:57:52","guid":{"rendered":"https:\/\/staging.agrovin.com\/fara-categorie\/proveget-fine\/"},"modified":"2022-11-06T17:14:33","modified_gmt":"2022-11-06T16:14:33","slug":"proveget-fine","status":"publish","type":"product","link":"https:\/\/agrovin.com\/ro\/produse-oenologice\/clarificanti\/proveget-fine\/","title":{"rendered":"PROVEGET FINE"},"content":{"rendered":"<h3>CARACTERISTICI<\/h3>\n<p>\u00cen produc\u021bia de vinuri albe, are o mare capacitate de eliminare selectiv\u0103 a polifenolilor oxidabili. \u00cen cazul vinurilor ro\u0219ii, \u00eembun\u0103t\u0103\u021be\u0219te claritatea \u0219i atenueaz\u0103 astringen\u021ba taninic\u0103 f\u0103r\u0103 a modifica echilibrul polifenolic.<\/p>\n<p>Tratamentul cu Proveget FINE este foarte potrivit pentru vinurile de top, respect\u00e2nd culoarea, structura \u0219i expresia aromatic\u0103.<\/p>\n<p>Proveget FINE este un produs f\u0103r\u0103 alergeni, \u00een conformitate cu reglement\u0103rile \u00een vigoare. Provine din materii prime f\u0103r\u0103 organisme modificate genetic (Non-GMO)<\/p>\n<h3>APLICA\u021aIE<\/h3>\n<ul>\n<li>Trebuie clarificat.<\/li>\n<li>Clarificarea vinurilor ro\u0219ii \u0219i albe.<\/li>\n<\/ul>\n<h3>DOZAJ<\/h3>\n<div class=\"page\" title=\"Pagina 1\">\n<div class=\"section\">\n<div class=\"layoutArea\">\n<div class=\"column\">\n<p>Must 3-20 g\/hl<\/p>\n<p>Vin 1-10 g\/hl<\/p>\n<\/div>\n<\/div>\n<\/div>\n<\/div>\n","protected":false},"excerpt":{"rendered":"<p>Proveget FINE este un clarificator vegetal ob\u021binut din protein\u0103 de cartof pentru utilizare \u00een vinuri \u0219i musturi. Reactivitatea sa ridicat\u0103 permite clarific\u0103ri rapide \u0219i eficiente.<\/p>\n","protected":false},"featured_media":25531,"template":"","meta":{"_acf_changed":false,"inline_featured_image":false,"site-sidebar-layout":"default","site-content-layout":"default","ast-site-content-layout":"default","site-content-style":"default","site-sidebar-style":"default","ast-global-header-display":"","ast-banner-title-visibility":"","ast-main-header-display":"","ast-hfb-above-header-display":"","ast-hfb-below-header-display":"","ast-hfb-mobile-header-display":"","site-post-title":"","ast-breadcrumbs-content":"","ast-featured-img":"","footer-sml-layout":"","ast-disable-related-posts":"","theme-transparent-header-meta":"default","adv-header-id-meta":"","stick-header-meta":"","header-above-stick-meta":"","header-main-stick-meta":"","header-below-stick-meta":"","astra-migrate-meta-layouts":"default","ast-page-background-enabled":"default","ast-page-background-meta":{"desktop":{"background-color":"var(--ast-global-color-5)","background-image":"","background-repeat":"repeat","background-position":"center center","background-size":"auto","background-attachment":"scroll","background-type":"","background-media":"","overlay-type":"","overlay-color":"","overlay-opacity":"","overlay-gradient":""},"tablet":{"background-color":"","background-image":"","background-repeat":"repeat","background-position":"center center","background-size":"auto","background-attachment":"scroll","background-type":"","background-media":"","overlay-type":"","overlay-color":"","overlay-opacity":"","overlay-gradient":""},"mobile":{"background-color":"","background-image":"","background-repeat":"repeat","background-position":"center center","background-size":"auto","background-attachment":"scroll","background-type":"","background-media":"","overlay-type":"","overlay-color":"","overlay-opacity":"","overlay-gradient":""}},"ast-content-background-meta":{"desktop":{"background-color":"var(--ast-global-color-4)","background-image":"","background-repeat":"repeat","background-position":"center center","background-size":"auto","background-attachment":"scroll","background-type":"","background-media":"","overlay-type":"","overlay-color":"","overlay-opacity":"","overlay-gradient":""},"tablet":{"background-color":"var(--ast-global-color-4)","background-image":"","background-repeat":"repeat","background-position":"center center","background-size":"auto","background-attachment":"scroll","background-type":"","background-media":"","overlay-type":"","overlay-color":"","overlay-opacity":"","overlay-gradient":""},"mobile":{"background-color":"var(--ast-global-color-4)","background-image":"","background-repeat":"repeat","background-position":"center center","background-size":"auto","background-attachment":"scroll","background-type":"","background-media":"","overlay-type":"","overlay-color":"","overlay-opacity":"","overlay-gradient":""}}},"product_brand":[],"product_cat":[168],"product_tag":[863,501,800],"class_list":{"0":"post-90025","1":"product","2":"type-product","3":"status-publish","4":"has-post-thumbnail","6":"product_cat-clarificanti","7":"product_tag-alergen-liber-ro-2","8":"product_tag-must-ro","9":"product_tag-vin-finit","10":"pa_ecologico-autorizat-eu","11":"pa_ecologico-autorizat-nop-usda","12":"pa_estilo-de-vino-alb","13":"pa_estilo-de-vino-rosu","14":"pa_estilo-de-vino-roz","15":"pa_objetivo-clarificare","16":"pa_objetivo-imbunatatirea-senzoriala","17":"pa_objetivo-stabilitatea-culorii","18":"pa_origen-vegetala","19":"pa_tipo-fara-alergeni","20":"pa_vegano-vegetarian","21":"desktop-align-left","22":"tablet-align-left","23":"mobile-align-left","25":"first","26":"instock","27":"virtual","28":"product-type-simple"},"acf":[],"_links":{"self":[{"href":"https:\/\/agrovin.com\/ro\/wp-json\/wp\/v2\/product\/90025","targetHints":{"allow":["GET"]}}],"collection":[{"href":"https:\/\/agrovin.com\/ro\/wp-json\/wp\/v2\/product"}],"about":[{"href":"https:\/\/agrovin.com\/ro\/wp-json\/wp\/v2\/types\/product"}],"version-history":[{"count":0,"href":"https:\/\/agrovin.com\/ro\/wp-json\/wp\/v2\/product\/90025\/revisions"}],"wp:featuredmedia":[{"embeddable":true,"href":"https:\/\/agrovin.com\/ro\/wp-json\/wp\/v2\/media\/25531"}],"wp:attachment":[{"href":"https:\/\/agrovin.com\/ro\/wp-json\/wp\/v2\/media?parent=90025"}],"wp:term":[{"taxonomy":"product_brand","embeddable":true,"href":"https:\/\/agrovin.com\/ro\/wp-json\/wp\/v2\/product_brand?post=90025"},{"taxonomy":"product_cat","embeddable":true,"href":"https:\/\/agrovin.com\/ro\/wp-json\/wp\/v2\/product_cat?post=90025"},{"taxonomy":"product_tag","embeddable":true,"href":"https:\/\/agrovin.com\/ro\/wp-json\/wp\/v2\/product_tag?post=90025"}],"curies":[{"name":"wp","href":"https:\/\/api.w.org\/{rel}","templated":true}]}}