{"id":90020,"date":"2018-03-12T12:19:53","date_gmt":"2022-11-05T07:57:44","guid":{"rendered":"https:\/\/staging.agrovin.com\/fara-categorie\/mannocrom\/"},"modified":"2022-11-06T16:50:15","modified_gmt":"2022-11-06T15:50:15","slug":"manocrom","status":"publish","type":"product","link":"https:\/\/agrovin.com\/ro\/produse-oenologice\/polizaharide-si-manoproteine\/manocrom\/","title":{"rendered":"MANNOCROM"},"content":{"rendered":"<h3>CARACTERISTICI<\/h3>\n<ul>\n<li>Drojdiile inactive sunt o surs\u0103 de polizaharide \u0219i mannoproteine care particip\u0103 la protec\u021bia coloidal\u0103 a frac\u021biunii polifenolice, \u00eempiedic\u00e2nd precipitarea substan\u021belor colorante.<\/li>\n<li>Acestea contribuie, de asemenea, la caracteristicile senzoriale ale vinului, lustruind taninurile agresive, reduc\u00e2nd astringen\u021ba \u0219i sporind senza\u021biile de corp \u0219i volum \u00een gur\u0103.<\/li>\n<li>Furnizarea de procianidine (tanin de proantocianidin\u0103) reac\u021bioneaz\u0103 cu antocianii pentru a forma leg\u0103turi foarte stabile. Stabilitatea culorii \u0219i evolu\u021bia acesteia \u00een timp sunt \u00eembun\u0103t\u0103\u021bite.<\/li>\n<\/ul>\n<h3>APLICA\u021aIE<\/h3>\n<p>Producerea de vinuri ro\u0219ii \u00een cazul \u00een care se dore\u0219te o cre\u0219tere a stabilit\u0103\u021bii substan\u021bei colorante \u0219i o mai mare suple\u021be taninic\u0103.<\/p>\n<ul>\n<li>Prezen\u021ba polizaharidelor \u0219i a taninurilor reactive \u00een timpul procesului de extrac\u021bie a polifenolilor din pieli\u021bele de struguri permite polimerizarea timpurie a acestora.<\/li>\n<li>Datorit\u0103 con\u021binutului s\u0103u de drojdie inactiv\u0103, Mannocrom este un excelent nutrient de fermentare, oferind aminoacizi, vitamine \u0219i minerale.<\/li>\n<\/ul>\n<p>Se recomand\u0103 aplicarea Mannocrom la \u00eenceputul macer\u0103rii, astfel \u00eenc\u00e2t formarea complexelor polizaharidice \u0219i a frac\u021biunii de colorant s\u0103 \u00eenceap\u0103 c\u00e2t mai devreme posibil.<\/p>\n<p>Dup\u0103 primele faze de macerare, mai pu\u021bini polifenoli sunt disponibili pentru formarea de complexe stabile cu polizaharidele.<\/p>\n<h3>DOZAJ<\/h3>\n<div class=\"page\" title=\"Pagina 2\">\n<div class=\"layoutArea\">\n<div class=\"column\">\n<p>Must 15-35 g\/hl.<\/p>\n<\/div>\n<\/div>\n<\/div>\n","protected":false},"excerpt":{"rendered":"<p>Mannocrom este un preparat pe baz\u0103 de drojdii inactivate \u0219i tanin de proantocianidin\u0103, bogat \u00een mannoproteine cu ac\u021biune structurant\u0103 \u0219i stabilizatoare asupra calit\u0103\u021bilor cromatice ale vinurilor ro\u0219ii.<\/p>\n","protected":false},"featured_media":21136,"template":"","meta":{"_acf_changed":false,"inline_featured_image":false,"site-sidebar-layout":"default","site-content-layout":"default","ast-site-content-layout":"default","site-content-style":"default","site-sidebar-style":"default","ast-global-header-display":"","ast-banner-title-visibility":"","ast-main-header-display":"","ast-hfb-above-header-display":"","ast-hfb-below-header-display":"","ast-hfb-mobile-header-display":"","site-post-title":"","ast-breadcrumbs-content":"","ast-featured-img":"","footer-sml-layout":"","ast-disable-related-posts":"","theme-transparent-header-meta":"default","adv-header-id-meta":"","stick-header-meta":"","header-above-stick-meta":"","header-main-stick-meta":"","header-below-stick-meta":"","astra-migrate-meta-layouts":"default","ast-page-background-enabled":"default","ast-page-background-meta":{"desktop":{"background-color":"var(--ast-global-color-5)","background-image":"","background-repeat":"repeat","background-position":"center center","background-size":"auto","background-attachment":"scroll","background-type":"","background-media":"","overlay-type":"","overlay-color":"","overlay-opacity":"","overlay-gradient":""},"tablet":{"background-color":"","background-image":"","background-repeat":"repeat","background-position":"center center","background-size":"auto","background-attachment":"scroll","background-type":"","background-media":"","overlay-type":"","overlay-color":"","overlay-opacity":"","overlay-gradient":""},"mobile":{"background-color":"","background-image":"","background-repeat":"repeat","background-position":"center center","background-size":"auto","background-attachment":"scroll","background-type":"","background-media":"","overlay-type":"","overlay-color":"","overlay-opacity":"","overlay-gradient":""}},"ast-content-background-meta":{"desktop":{"background-color":"var(--ast-global-color-4)","background-image":"","background-repeat":"repeat","background-position":"center center","background-size":"auto","background-attachment":"scroll","background-type":"","background-media":"","overlay-type":"","overlay-color":"","overlay-opacity":"","overlay-gradient":""},"tablet":{"background-color":"var(--ast-global-color-4)","background-image":"","background-repeat":"repeat","background-position":"center center","background-size":"auto","background-attachment":"scroll","background-type":"","background-media":"","overlay-type":"","overlay-color":"","overlay-opacity":"","overlay-gradient":""},"mobile":{"background-color":"var(--ast-global-color-4)","background-image":"","background-repeat":"repeat","background-position":"center center","background-size":"auto","background-attachment":"scroll","background-type":"","background-media":"","overlay-type":"","overlay-color":"","overlay-opacity":"","overlay-gradient":""}}},"product_brand":[],"product_cat":[218],"product_tag":[823,423],"class_list":{"0":"post-90020","1":"product","2":"type-product","3":"status-publish","4":"has-post-thumbnail","6":"product_cat-polizaharide-si-manoproteine","7":"product_tag-stabilitate-si-culoare-aromatice","8":"product_tag-drojdii-inactive","9":"pa_aplicacion-fa-fml-ru","10":"pa_ecologico-autorizat-eu","11":"pa_ecologico-autorizat-nop-usda","12":"pa_estilo-de-vino-butoi","13":"pa_estilo-de-vino-rosu","14":"pa_vegano-vegetarian","15":"desktop-align-left","16":"tablet-align-left","17":"mobile-align-left","19":"first","20":"instock","21":"virtual","22":"product-type-simple"},"acf":[],"_links":{"self":[{"href":"https:\/\/agrovin.com\/ro\/wp-json\/wp\/v2\/product\/90020","targetHints":{"allow":["GET"]}}],"collection":[{"href":"https:\/\/agrovin.com\/ro\/wp-json\/wp\/v2\/product"}],"about":[{"href":"https:\/\/agrovin.com\/ro\/wp-json\/wp\/v2\/types\/product"}],"version-history":[{"count":0,"href":"https:\/\/agrovin.com\/ro\/wp-json\/wp\/v2\/product\/90020\/revisions"}],"wp:featuredmedia":[{"embeddable":true,"href":"https:\/\/agrovin.com\/ro\/wp-json\/wp\/v2\/media\/21136"}],"wp:attachment":[{"href":"https:\/\/agrovin.com\/ro\/wp-json\/wp\/v2\/media?parent=90020"}],"wp:term":[{"taxonomy":"product_brand","embeddable":true,"href":"https:\/\/agrovin.com\/ro\/wp-json\/wp\/v2\/product_brand?post=90020"},{"taxonomy":"product_cat","embeddable":true,"href":"https:\/\/agrovin.com\/ro\/wp-json\/wp\/v2\/product_cat?post=90020"},{"taxonomy":"product_tag","embeddable":true,"href":"https:\/\/agrovin.com\/ro\/wp-json\/wp\/v2\/product_tag?post=90020"}],"curies":[{"name":"wp","href":"https:\/\/api.w.org\/{rel}","templated":true}]}}