{"id":90014,"date":"2018-03-12T12:23:11","date_gmt":"2022-11-05T07:57:36","guid":{"rendered":"https:\/\/staging.agrovin.com\/fara-categorie\/mannocup\/"},"modified":"2024-10-28T22:49:59","modified_gmt":"2024-10-28T20:49:59","slug":"mannocup","status":"publish","type":"product","link":"https:\/\/agrovin.com\/ro\/produse-oenologice\/polizaharide-si-manoproteine\/mannocup\/","title":{"rendered":"MANNOCUP"},"content":{"rendered":"<h3>CARACTERISTICI<\/h3>\n<p>Mannocup este un preparat din coaj\u0103 de drojdie cu o afinitate ridicat\u0103 pentru compu\u0219ii sulfuro\u0219i. Con\u021binutul s\u0103u de mannoproteine solubile, care nu sunt legate de polizaharide, are un efect rapid asupra senza\u021biei de volum \u00een gur\u0103, elimin\u00e2nd eventualele dezechilibre \u0219i filtr\u00e2nd impactul senzorial al moleculelor nedorite.<\/p>\n<p>Citratul de cupru leag\u0103 moleculele de sulf cu o afinitate mai mare \u0219i are un impact mai mic asupra echilibrului senzorial al vinului dec\u00e2t sulfatul de cupru. Combina\u021bia dintre aceast\u0103 sare \u0219i coaja de drojdie ajut\u0103 la eliminarea cuprului din vin dup\u0103 ce \u00ee\u0219i face efectul.<\/p>\n<p>Mannocup permite eliminarea foarte eficient\u0103 a compu\u0219ilor de sulf, f\u0103r\u0103 a devaloriza patrimoniul aromatic al vinului \u0219i f\u0103r\u0103 a cre\u0219te semnificativ con\u021binutul de cupru al acestuia. Clarificarea albastr\u0103 nu este necesar\u0103.<\/p>\n<h3>APLICA\u021aIE<\/h3>\n<p>\u00cen vinurile albe \u0219i ro\u0219ii. \u00cenainte de clarificare \u0219i stabilizare<\/p>\n<h3>DOZAJ<\/h3>\n<div class=\"page\" title=\"Pagina 2\">\n<div class=\"layoutArea\">\n<div class=\"column\">\n<p>Vin 5-15 g\/hl<\/p>\n<\/div>\n<\/div>\n<\/div>\n","protected":false},"excerpt":{"rendered":"<p>Mannocup este un preparat biologic pe baz\u0103 de coji de drojdie bogate \u00een mannoproteine \u0219i citrat de cupru. Ac\u021biune rapid\u0103 \u0219i specific\u0103 \u00eempotriva elimin\u0103rii defectelor de reducere \u00een vinuri. Elimin\u0103 senza\u021biile olfactive anormale ale hidrogenului sulfurat \u0219i ale derivatelor sale, descrise ca: ou stricat, legume fierte, legume murate, fr\u00e2nare, cauciuc ars \u0219i altele.<\/p>\n","protected":false},"featured_media":21130,"template":"","meta":{"_acf_changed":false,"inline_featured_image":false,"site-sidebar-layout":"default","site-content-layout":"default","ast-site-content-layout":"default","site-content-style":"default","site-sidebar-style":"default","ast-global-header-display":"","ast-banner-title-visibility":"","ast-main-header-display":"","ast-hfb-above-header-display":"","ast-hfb-below-header-display":"","ast-hfb-mobile-header-display":"","site-post-title":"","ast-breadcrumbs-content":"","ast-featured-img":"","footer-sml-layout":"","ast-disable-related-posts":"","theme-transparent-header-meta":"default","adv-header-id-meta":"","stick-header-meta":"","header-above-stick-meta":"","header-main-stick-meta":"","header-below-stick-meta":"","astra-migrate-meta-layouts":"set","ast-page-background-enabled":"default","ast-page-background-meta":{"desktop":{"background-color":"var(--ast-global-color-5)","background-image":"","background-repeat":"repeat","background-position":"center center","background-size":"auto","background-attachment":"scroll","background-type":"","background-media":"","overlay-type":"","overlay-color":"","overlay-opacity":"","overlay-gradient":""},"tablet":{"background-color":"","background-image":"","background-repeat":"repeat","background-position":"center center","background-size":"auto","background-attachment":"scroll","background-type":"","background-media":"","overlay-type":"","overlay-color":"","overlay-opacity":"","overlay-gradient":""},"mobile":{"background-color":"","background-image":"","background-repeat":"repeat","background-position":"center center","background-size":"auto","background-attachment":"scroll","background-type":"","background-media":"","overlay-type":"","overlay-color":"","overlay-opacity":"","overlay-gradient":""}},"ast-content-background-meta":{"desktop":{"background-color":"var(--ast-global-color-4)","background-image":"","background-repeat":"repeat","background-position":"center center","background-size":"auto","background-attachment":"scroll","background-type":"","background-media":"","overlay-type":"","overlay-color":"","overlay-opacity":"","overlay-gradient":""},"tablet":{"background-color":"var(--ast-global-color-4)","background-image":"","background-repeat":"repeat","background-position":"center center","background-size":"auto","background-attachment":"scroll","background-type":"","background-media":"","overlay-type":"","overlay-color":"","overlay-opacity":"","overlay-gradient":""},"mobile":{"background-color":"var(--ast-global-color-4)","background-image":"","background-repeat":"repeat","background-position":"center center","background-size":"auto","background-attachment":"scroll","background-type":"","background-media":"","overlay-type":"","overlay-color":"","overlay-opacity":"","overlay-gradient":""}}},"product_brand":[],"product_cat":[218],"product_tag":[426],"class_list":{"0":"post-90014","1":"product","2":"type-product","3":"status-publish","4":"has-post-thumbnail","6":"product_cat-polizaharide-si-manoproteine","7":"product_tag-manoproteina-pura-ro","8":"pa_ecologico-autorizat-eu","9":"pa_estilo-de-vino-alb","10":"pa_estilo-de-vino-butoi","11":"pa_estilo-de-vino-rosu","12":"pa_estilo-de-vino-roz","13":"pa_estilo-de-vino-sclipitor","14":"pa_objetivo-imbunatatirea-senzoriala","15":"pa_vegano-vegetarian","16":"desktop-align-left","17":"tablet-align-left","18":"mobile-align-left","20":"first","21":"instock","22":"virtual","23":"product-type-simple"},"acf":[],"_links":{"self":[{"href":"https:\/\/agrovin.com\/ro\/wp-json\/wp\/v2\/product\/90014","targetHints":{"allow":["GET"]}}],"collection":[{"href":"https:\/\/agrovin.com\/ro\/wp-json\/wp\/v2\/product"}],"about":[{"href":"https:\/\/agrovin.com\/ro\/wp-json\/wp\/v2\/types\/product"}],"version-history":[{"count":1,"href":"https:\/\/agrovin.com\/ro\/wp-json\/wp\/v2\/product\/90014\/revisions"}],"predecessor-version":[{"id":116845,"href":"https:\/\/agrovin.com\/ro\/wp-json\/wp\/v2\/product\/90014\/revisions\/116845"}],"wp:featuredmedia":[{"embeddable":true,"href":"https:\/\/agrovin.com\/ro\/wp-json\/wp\/v2\/media\/21130"}],"wp:attachment":[{"href":"https:\/\/agrovin.com\/ro\/wp-json\/wp\/v2\/media?parent=90014"}],"wp:term":[{"taxonomy":"product_brand","embeddable":true,"href":"https:\/\/agrovin.com\/ro\/wp-json\/wp\/v2\/product_brand?post=90014"},{"taxonomy":"product_cat","embeddable":true,"href":"https:\/\/agrovin.com\/ro\/wp-json\/wp\/v2\/product_cat?post=90014"},{"taxonomy":"product_tag","embeddable":true,"href":"https:\/\/agrovin.com\/ro\/wp-json\/wp\/v2\/product_tag?post=90014"}],"curies":[{"name":"wp","href":"https:\/\/api.w.org\/{rel}","templated":true}]}}