{"id":90004,"date":"2018-03-12T12:14:55","date_gmt":"2022-11-05T07:57:20","guid":{"rendered":"https:\/\/staging.agrovin.com\/fara-categorie\/mannoblanc\/"},"modified":"2022-11-06T17:04:05","modified_gmt":"2022-11-06T16:04:05","slug":"mano-blanc","status":"publish","type":"product","link":"https:\/\/agrovin.com\/ro\/produse-oenologice\/polizaharide-si-manoproteine\/mano-blanc\/","title":{"rendered":"MANNOBLANC"},"content":{"rendered":"<h3>CARACTERISTICI<\/h3>\n<ul>\n<li>Drojdiile inactive sunt o surs\u0103 de polizaharide \u0219i mannoproteine care, pe l\u00e2ng\u0103 faptul c\u0103 particip\u0103 la stabilitatea tartric\u0103 \u0219i proteic\u0103 a vinurilor albe, contribuie la \u00eembun\u0103t\u0103\u021birea percep\u021biei organoleptice a acestora. Polizaharidele \u0219i mannoproteinele sunt direct implicate \u00een senza\u021biile de fine\u021be, volum \u0219i lungime \u00een gur\u0103, \u00een timp ce interac\u021biunea lor cu frac\u021biunea aromatic\u0103 spore\u0219te persisten\u021ba acesteia \u0219i previne volatilizarea timpurie.<\/li>\n<li>Taninul galic \u00eent\u0103re\u0219te propriet\u0103\u021bile stabilizatoare \u0219i antioxidante, spore\u0219te complexitatea aromatic\u0103 varietal\u0103 a vinurilor albe \u0219i previne \u00eemb\u0103tr\u00e2nirea timpurie.<\/li>\n<li>Aplicarea sa \u00eendulce\u0219te prezen\u021ba taninurilor astringente provenite din macer\u0103ri prea intense ale pieli\u021bei sau din struguri care nu sunt foarte coapte, precum \u0219i prezen\u021ba deriva\u021bilor tiolici nepl\u0103cu\u021bi.<\/li>\n<\/ul>\n<h3>APLICA\u021aIE<\/h3>\n<p>Producerea de vinuri albe \u00een cazul \u00een care se dore\u0219te o cre\u0219tere a intensit\u0103\u021bii aromatice \u0219i a volumului \u00een palat. Protec\u021bie \u00eempotriva evolu\u021biei aromatice.<\/p>\n<ul>\n<li>Folosit \u00eenc\u0103 din primele etape ale vinific\u0103rii, protejeaz\u0103 aromele \u0219i prospe\u021bimea vinurilor albe \u0219i cre\u0219te frac\u021bia de manoproteine, ceea ce duce la ob\u021binerea unor vinuri mai grase, mai rotunde \u0219i mai persistente.<\/li>\n<li>Datorit\u0103 con\u021binutului s\u0103u de drojdie inactiv\u0103, Mannoblanc este un excelent nutrient de fermentare, oferind aminoacizi, vitamine \u0219i minerale.<\/li>\n<li>Recomandat \u00een special la elaborarea vinurilor albe cu un caracter varietal pronun\u021bat sau \u00een cazul \u00een care se dore\u0219te o \u00eenvechire ulterioar\u0103 pe drojdie. Aceasta ofer\u0103 o drojdie franc\u0103, mai pu\u021bin reductiv\u0103 \u0219i mai stabil\u0103 din punct de vedere microbiologic.<\/li>\n<\/ul>\n<h3>DOZAJ<\/h3>\n<div class=\"page\" title=\"Pagina 2\">\n<div class=\"layoutArea\">\n<div class=\"column\">\n<p>Must 15-35 g\/hl<\/p>\n<\/div>\n<\/div>\n<\/div>\n","protected":false},"excerpt":{"rendered":"<p>Mannoblanc este un preparat pe baz\u0103 de drojdii inactivate \u0219i tanin galic. Favorizeaz\u0103 dezvoltarea expresiei aromatice \u0219i cre\u0219te structura \u0219i volumul. Protejeaz\u0103 vinurile albe \u00eempotriva evolu\u021biei timpurii.<\/p>\n","protected":false},"featured_media":21142,"template":"","meta":{"_acf_changed":false,"inline_featured_image":false,"site-sidebar-layout":"default","site-content-layout":"default","ast-site-content-layout":"default","site-content-style":"default","site-sidebar-style":"default","ast-global-header-display":"","ast-banner-title-visibility":"","ast-main-header-display":"","ast-hfb-above-header-display":"","ast-hfb-below-header-display":"","ast-hfb-mobile-header-display":"","site-post-title":"","ast-breadcrumbs-content":"","ast-featured-img":"","footer-sml-layout":"","ast-disable-related-posts":"","theme-transparent-header-meta":"default","adv-header-id-meta":"","stick-header-meta":"","header-above-stick-meta":"","header-main-stick-meta":"","header-below-stick-meta":"","astra-migrate-meta-layouts":"default","ast-page-background-enabled":"default","ast-page-background-meta":{"desktop":{"background-color":"var(--ast-global-color-5)","background-image":"","background-repeat":"repeat","background-position":"center center","background-size":"auto","background-attachment":"scroll","background-type":"","background-media":"","overlay-type":"","overlay-color":"","overlay-opacity":"","overlay-gradient":""},"tablet":{"background-color":"","background-image":"","background-repeat":"repeat","background-position":"center center","background-size":"auto","background-attachment":"scroll","background-type":"","background-media":"","overlay-type":"","overlay-color":"","overlay-opacity":"","overlay-gradient":""},"mobile":{"background-color":"","background-image":"","background-repeat":"repeat","background-position":"center center","background-size":"auto","background-attachment":"scroll","background-type":"","background-media":"","overlay-type":"","overlay-color":"","overlay-opacity":"","overlay-gradient":""}},"ast-content-background-meta":{"desktop":{"background-color":"var(--ast-global-color-4)","background-image":"","background-repeat":"repeat","background-position":"center center","background-size":"auto","background-attachment":"scroll","background-type":"","background-media":"","overlay-type":"","overlay-color":"","overlay-opacity":"","overlay-gradient":""},"tablet":{"background-color":"var(--ast-global-color-4)","background-image":"","background-repeat":"repeat","background-position":"center center","background-size":"auto","background-attachment":"scroll","background-type":"","background-media":"","overlay-type":"","overlay-color":"","overlay-opacity":"","overlay-gradient":""},"mobile":{"background-color":"var(--ast-global-color-4)","background-image":"","background-repeat":"repeat","background-position":"center center","background-size":"auto","background-attachment":"scroll","background-type":"","background-media":"","overlay-type":"","overlay-color":"","overlay-opacity":"","overlay-gradient":""}}},"product_brand":[],"product_cat":[218],"product_tag":[427,423],"class_list":{"0":"post-90004","1":"product","2":"type-product","3":"status-publish","4":"has-post-thumbnail","6":"product_cat-polizaharide-si-manoproteine","7":"product_tag-levadura-inactiva-ro","8":"product_tag-drojdii-inactive","9":"pa_aplicacion-fa-fml-ru","10":"pa_ecologico-autorizat-eu","11":"pa_ecologico-autorizat-nop-usda","12":"pa_estilo-de-vino-alb","13":"pa_estilo-de-vino-roz","14":"pa_vegano-vegetarian","15":"desktop-align-left","16":"tablet-align-left","17":"mobile-align-left","19":"first","20":"instock","21":"virtual","22":"product-type-simple"},"acf":[],"_links":{"self":[{"href":"https:\/\/agrovin.com\/ro\/wp-json\/wp\/v2\/product\/90004","targetHints":{"allow":["GET"]}}],"collection":[{"href":"https:\/\/agrovin.com\/ro\/wp-json\/wp\/v2\/product"}],"about":[{"href":"https:\/\/agrovin.com\/ro\/wp-json\/wp\/v2\/types\/product"}],"version-history":[{"count":0,"href":"https:\/\/agrovin.com\/ro\/wp-json\/wp\/v2\/product\/90004\/revisions"}],"wp:featuredmedia":[{"embeddable":true,"href":"https:\/\/agrovin.com\/ro\/wp-json\/wp\/v2\/media\/21142"}],"wp:attachment":[{"href":"https:\/\/agrovin.com\/ro\/wp-json\/wp\/v2\/media?parent=90004"}],"wp:term":[{"taxonomy":"product_brand","embeddable":true,"href":"https:\/\/agrovin.com\/ro\/wp-json\/wp\/v2\/product_brand?post=90004"},{"taxonomy":"product_cat","embeddable":true,"href":"https:\/\/agrovin.com\/ro\/wp-json\/wp\/v2\/product_cat?post=90004"},{"taxonomy":"product_tag","embeddable":true,"href":"https:\/\/agrovin.com\/ro\/wp-json\/wp\/v2\/product_tag?post=90004"}],"curies":[{"name":"wp","href":"https:\/\/api.w.org\/{rel}","templated":true}]}}