{"id":89991,"date":"2018-03-06T16:49:22","date_gmt":"2022-11-05T07:52:03","guid":{"rendered":"https:\/\/staging.agrovin.com\/fara-categorie\/divergan-f\/"},"modified":"2024-10-29T15:23:05","modified_gmt":"2024-10-29T13:23:05","slug":"pvvin","status":"publish","type":"product","link":"https:\/\/agrovin.com\/ro\/produse-oenologice\/clarificanti\/pvvin\/","title":{"rendered":"PVVIN"},"content":{"rendered":"<h3>CARACTERISTICI<\/h3>\n<p>PVVIN ac\u021bioneaz\u0103 \u00eempotriva catechinelor \u0219i a leucoantocianinelor, \u00eempiedic\u00e2nd dezvoltarea tonurilor oxidate ale vinului \u0219i reduc\u00e2nd frac\u021bia de sulf combinat.<\/p>\n<h3>APLICA\u021aIE<\/h3>\n<p>\u00cen musturi \u0219i \u00een vinurile albe \u0219i ros\u00e9, PVVIN elimin\u0103 compu\u0219ii responsabili de oxidare, \u00eembun\u0103t\u0103\u021bind caracteristicile organoleptice ale vinurilor tratate.<\/p>\n<p>\u00cen cazul vinurilor care au fost deja supuse unor procese de oxidare, PVVIN este capabil s\u0103 reduc\u0103 \u00eentunecarea cauzat\u0103 de reac\u021biile de oxidare.<\/p>\n<h3>DOZAJ<\/h3>\n<p><strong>Trebuie<\/strong><br \/>\nTratament preventiv: 10-30 g\/hl<\/p>\n<p>Tratament curativ: 30-50 g\/hl<\/p>\n<p><strong> Vin alb \u0219i ros\u00e9<\/strong><\/p>\n<p>Cu oxidare u\u0219oar\u0103: 15-30 g\/hl<\/p>\n<p>Cu oxidare puternic\u0103: 30-50 g\/hl<\/p>\n<p><strong>Vin ro\u0219u<\/strong>: 10-50 g\/hl<\/p>\n","protected":false},"excerpt":{"rendered":"<p>PVVIN este un agent de afinare numit polivinilpolipirrolidon\u0103 (PVPP) capabil s\u0103 elimine selectiv compu\u0219ii fenolici care provoac\u0103 rumenirea musturilor \u0219i a vinurilor. Acesta nu modific\u0103 profilul organoleptic al vinului, de\u0219i vinurile tratate cu PVVIN intensific\u0103 prospe\u021bimea vinului, deoarece notele oxidate dispar.<\/p>\n","protected":false},"featured_media":21860,"template":"","meta":{"_acf_changed":false,"inline_featured_image":false,"site-sidebar-layout":"default","site-content-layout":"default","ast-site-content-layout":"default","site-content-style":"default","site-sidebar-style":"default","ast-global-header-display":"","ast-banner-title-visibility":"","ast-main-header-display":"","ast-hfb-above-header-display":"","ast-hfb-below-header-display":"","ast-hfb-mobile-header-display":"","site-post-title":"","ast-breadcrumbs-content":"","ast-featured-img":"","footer-sml-layout":"","ast-disable-related-posts":"","theme-transparent-header-meta":"default","adv-header-id-meta":"","stick-header-meta":"","header-above-stick-meta":"","header-main-stick-meta":"","header-below-stick-meta":"","astra-migrate-meta-layouts":"set","ast-page-background-enabled":"default","ast-page-background-meta":{"desktop":{"background-color":"var(--ast-global-color-5)","background-image":"","background-repeat":"repeat","background-position":"center center","background-size":"auto","background-attachment":"scroll","background-type":"","background-media":"","overlay-type":"","overlay-color":"","overlay-opacity":"","overlay-gradient":""},"tablet":{"background-color":"","background-image":"","background-repeat":"repeat","background-position":"center center","background-size":"auto","background-attachment":"scroll","background-type":"","background-media":"","overlay-type":"","overlay-color":"","overlay-opacity":"","overlay-gradient":""},"mobile":{"background-color":"","background-image":"","background-repeat":"repeat","background-position":"center center","background-size":"auto","background-attachment":"scroll","background-type":"","background-media":"","overlay-type":"","overlay-color":"","overlay-opacity":"","overlay-gradient":""}},"ast-content-background-meta":{"desktop":{"background-color":"var(--ast-global-color-4)","background-image":"","background-repeat":"repeat","background-position":"center center","background-size":"auto","background-attachment":"scroll","background-type":"","background-media":"","overlay-type":"","overlay-color":"","overlay-opacity":"","overlay-gradient":""},"tablet":{"background-color":"var(--ast-global-color-4)","background-image":"","background-repeat":"repeat","background-position":"center center","background-size":"auto","background-attachment":"scroll","background-type":"","background-media":"","overlay-type":"","overlay-color":"","overlay-opacity":"","overlay-gradient":""},"mobile":{"background-color":"var(--ast-global-color-4)","background-image":"","background-repeat":"repeat","background-position":"center center","background-size":"auto","background-attachment":"scroll","background-type":"","background-media":"","overlay-type":"","overlay-color":"","overlay-opacity":"","overlay-gradient":""}}},"product_brand":[],"product_cat":[168],"product_tag":[863,800],"class_list":{"0":"post-89991","1":"product","2":"type-product","3":"status-publish","4":"has-post-thumbnail","6":"product_cat-clarificanti","7":"product_tag-alergen-liber-ro-2","8":"product_tag-vin-finit","9":"pa_aplicacion-struguri-si-must","10":"pa_estilo-de-vino-alb","11":"pa_estilo-de-vino-rosu","12":"pa_estilo-de-vino-roz","13":"pa_estilo-de-vino-sclipitor","14":"pa_objetivo-clarificare","15":"pa_objetivo-imbunatatirea-senzoriala","16":"pa_objetivo-stabilitatea-culorii","17":"pa_origen-pvpp-pvi-ro","18":"pa_tipo-fara-alergeni","19":"pa_vegano-vegetarian","20":"desktop-align-left","21":"tablet-align-left","22":"mobile-align-left","24":"first","25":"instock","26":"virtual","27":"product-type-simple"},"acf":[],"_links":{"self":[{"href":"https:\/\/agrovin.com\/ro\/wp-json\/wp\/v2\/product\/89991","targetHints":{"allow":["GET"]}}],"collection":[{"href":"https:\/\/agrovin.com\/ro\/wp-json\/wp\/v2\/product"}],"about":[{"href":"https:\/\/agrovin.com\/ro\/wp-json\/wp\/v2\/types\/product"}],"version-history":[{"count":1,"href":"https:\/\/agrovin.com\/ro\/wp-json\/wp\/v2\/product\/89991\/revisions"}],"predecessor-version":[{"id":116976,"href":"https:\/\/agrovin.com\/ro\/wp-json\/wp\/v2\/product\/89991\/revisions\/116976"}],"wp:featuredmedia":[{"embeddable":true,"href":"https:\/\/agrovin.com\/ro\/wp-json\/wp\/v2\/media\/21860"}],"wp:attachment":[{"href":"https:\/\/agrovin.com\/ro\/wp-json\/wp\/v2\/media?parent=89991"}],"wp:term":[{"taxonomy":"product_brand","embeddable":true,"href":"https:\/\/agrovin.com\/ro\/wp-json\/wp\/v2\/product_brand?post=89991"},{"taxonomy":"product_cat","embeddable":true,"href":"https:\/\/agrovin.com\/ro\/wp-json\/wp\/v2\/product_cat?post=89991"},{"taxonomy":"product_tag","embeddable":true,"href":"https:\/\/agrovin.com\/ro\/wp-json\/wp\/v2\/product_tag?post=89991"}],"curies":[{"name":"wp","href":"https:\/\/api.w.org\/{rel}","templated":true}]}}