{"id":89988,"date":"2018-03-06T16:37:26","date_gmt":"2022-11-05T07:52:02","guid":{"rendered":"https:\/\/staging.agrovin.com\/fara-categorie\/proveget-clar\/"},"modified":"2022-11-06T17:26:48","modified_gmt":"2022-11-06T16:26:48","slug":"proveget-clar","status":"publish","type":"product","link":"https:\/\/agrovin.com\/ro\/produse-oenologice\/clarificanti\/proveget-clar\/","title":{"rendered":"PROVEGET CLAR"},"content":{"rendered":"<h3>CARACTERISTICI<\/h3>\n<p>Frac\u021biunea de bentonit\u0103 faciliteaz\u0103 dispersia \u0219i sedimentarea drojdiei, elimin\u00e2nd \u00een acela\u0219i timp proteinele instabile din vin.<\/p>\n<h3>APLICA\u021aIE<\/h3>\n<p>Potrivit \u00een special pentru vinurile albe \u0219i ros\u00e9, datorit\u0103 efectului s\u0103u triplu de eliminare a turbidit\u0103\u021bii, a proteinelor instabile \u0219i a brunific\u0103rii.<\/p>\n<h3>DOZAJ<\/h3>\n<div class=\"page\" title=\"Pagina 1\">\n<div class=\"section\">\n<div class=\"layoutArea\">\n<div class=\"column\">\n<p>Vin 30-90 g\/hl<\/p>\n<\/div>\n<\/div>\n<\/div>\n<\/div>\n","protected":false},"excerpt":{"rendered":"<p>Proveget Clar este un preparat pe baz\u0103 de proteine vegetale pentru clarificarea vinurilor albe \u0219i roze. Se ob\u021bine o cur\u0103\u021benie extraordinar\u0103, stabilitatea proteinelor \u0219i eliminarea tonurilor oxidate. Prelunge\u0219te \u00een timp caracteristicile organoleptice ale vinurilor tratate.<\/p>\n","protected":false},"featured_media":21323,"template":"","meta":{"_acf_changed":false,"inline_featured_image":false,"site-sidebar-layout":"default","site-content-layout":"default","ast-site-content-layout":"default","site-content-style":"default","site-sidebar-style":"default","ast-global-header-display":"","ast-banner-title-visibility":"","ast-main-header-display":"","ast-hfb-above-header-display":"","ast-hfb-below-header-display":"","ast-hfb-mobile-header-display":"","site-post-title":"","ast-breadcrumbs-content":"","ast-featured-img":"","footer-sml-layout":"","ast-disable-related-posts":"","theme-transparent-header-meta":"default","adv-header-id-meta":"","stick-header-meta":"","header-above-stick-meta":"","header-main-stick-meta":"","header-below-stick-meta":"","astra-migrate-meta-layouts":"default","ast-page-background-enabled":"default","ast-page-background-meta":{"desktop":{"background-color":"var(--ast-global-color-5)","background-image":"","background-repeat":"repeat","background-position":"center center","background-size":"auto","background-attachment":"scroll","background-type":"","background-media":"","overlay-type":"","overlay-color":"","overlay-opacity":"","overlay-gradient":""},"tablet":{"background-color":"","background-image":"","background-repeat":"repeat","background-position":"center center","background-size":"auto","background-attachment":"scroll","background-type":"","background-media":"","overlay-type":"","overlay-color":"","overlay-opacity":"","overlay-gradient":""},"mobile":{"background-color":"","background-image":"","background-repeat":"repeat","background-position":"center center","background-size":"auto","background-attachment":"scroll","background-type":"","background-media":"","overlay-type":"","overlay-color":"","overlay-opacity":"","overlay-gradient":""}},"ast-content-background-meta":{"desktop":{"background-color":"var(--ast-global-color-4)","background-image":"","background-repeat":"repeat","background-position":"center center","background-size":"auto","background-attachment":"scroll","background-type":"","background-media":"","overlay-type":"","overlay-color":"","overlay-opacity":"","overlay-gradient":""},"tablet":{"background-color":"var(--ast-global-color-4)","background-image":"","background-repeat":"repeat","background-position":"center center","background-size":"auto","background-attachment":"scroll","background-type":"","background-media":"","overlay-type":"","overlay-color":"","overlay-opacity":"","overlay-gradient":""},"mobile":{"background-color":"var(--ast-global-color-4)","background-image":"","background-repeat":"repeat","background-position":"center center","background-size":"auto","background-attachment":"scroll","background-type":"","background-media":"","overlay-type":"","overlay-color":"","overlay-opacity":"","overlay-gradient":""}}},"product_brand":[],"product_cat":[168],"product_tag":[863,800],"class_list":{"0":"post-89988","1":"product","2":"type-product","3":"status-publish","4":"has-post-thumbnail","6":"product_cat-clarificanti","7":"product_tag-alergen-liber-ro-2","8":"product_tag-vin-finit","9":"pa_estilo-de-vino-alb","10":"pa_estilo-de-vino-roz","11":"pa_objetivo-clarificare","12":"pa_objetivo-imbunatatirea-senzoriala","13":"pa_objetivo-stabilitatea-culorii","14":"pa_origen-formulare","15":"pa_tipo-fara-alergeni","16":"pa_vegano-vegetarian","17":"desktop-align-left","18":"tablet-align-left","19":"mobile-align-left","21":"first","22":"instock","23":"virtual","24":"product-type-simple"},"acf":[],"_links":{"self":[{"href":"https:\/\/agrovin.com\/ro\/wp-json\/wp\/v2\/product\/89988","targetHints":{"allow":["GET"]}}],"collection":[{"href":"https:\/\/agrovin.com\/ro\/wp-json\/wp\/v2\/product"}],"about":[{"href":"https:\/\/agrovin.com\/ro\/wp-json\/wp\/v2\/types\/product"}],"version-history":[{"count":0,"href":"https:\/\/agrovin.com\/ro\/wp-json\/wp\/v2\/product\/89988\/revisions"}],"wp:featuredmedia":[{"embeddable":true,"href":"https:\/\/agrovin.com\/ro\/wp-json\/wp\/v2\/media\/21323"}],"wp:attachment":[{"href":"https:\/\/agrovin.com\/ro\/wp-json\/wp\/v2\/media?parent=89988"}],"wp:term":[{"taxonomy":"product_brand","embeddable":true,"href":"https:\/\/agrovin.com\/ro\/wp-json\/wp\/v2\/product_brand?post=89988"},{"taxonomy":"product_cat","embeddable":true,"href":"https:\/\/agrovin.com\/ro\/wp-json\/wp\/v2\/product_cat?post=89988"},{"taxonomy":"product_tag","embeddable":true,"href":"https:\/\/agrovin.com\/ro\/wp-json\/wp\/v2\/product_tag?post=89988"}],"curies":[{"name":"wp","href":"https:\/\/api.w.org\/{rel}","templated":true}]}}