{"id":89906,"date":"2018-03-06T14:56:07","date_gmt":"2022-11-04T19:17:48","guid":{"rendered":"https:\/\/staging.agrovin.com\/fara-categorie\/sulphur\/"},"modified":"2022-11-06T17:55:58","modified_gmt":"2022-11-06T16:55:58","slug":"sulphur","status":"publish","type":"product","link":"https:\/\/agrovin.com\/ro\/produse-oenologice\/antioxidanti-produse-oenologice\/sulphur\/","title":{"rendered":"SULPHUR"},"content":{"rendered":"<h3>CARACTERISTICI<\/h3>\n<p>O utilizare corect\u0103 a SO2 ne permite s\u0103 ob\u021binem vinuri mai pu\u021bin oxidate, cu o culoare \u0219i o arom\u0103 mai bune \u0219i cu o aciditate volatil\u0103 mai mic\u0103, datorit\u0103 efectelor pe care le poate exercita:<\/p>\n<ul>\n<li>Antioxidant: are propriet\u0103\u021bi reduc\u0103toare, captur\u00e2nd oxigenul \u0219i prevenind apari\u021bia notelor oxidative. Anti-oxidaz\u0103: Distruge oxidazele, prevenind apari\u021bia fisurilor.<\/li>\n<li>Antimicrobian: exercit\u0103 o activitate inhibitorie asupra drojdiilor, bacteriilor lactice \u0219i bacteriilor acidului acetic.<\/li>\n<\/ul>\n<h3>APLICA\u021aIE<\/h3>\n<p>Pe must \u0219i\/sau vin.<\/p>\n<h3>DOZAJ<\/h3>\n<p>Doza normal\u0103 de recoltare:<\/p>\n<ul>\n<li>Sulf 6 50 &#8211; 133 ml\/hl<\/li>\n<li>Sulf 10 30 &#8211; 80 ml\/hl<\/li>\n<li>Sulf 15 20 &#8211; 53 ml\/hl<\/li>\n<li>Sulf 18 17 &#8211; 44 ml\/hl<\/li>\n<\/ul>\n<p>Dozajul depinde de starea de s\u0103n\u0103tate a strugurilor \u0219i de aciditatea musturilor \u0219i a vinurilor.<br \/>\nPentru o dozare corect\u0103 a acestuia este necesar s\u0103 se indice c\u0103 1 litru de:<\/p>\n<ul>\n<li>Sulful 6 furnizeaz\u0103 60 g\/l SO2.<\/li>\n<li>Sulful 10 furnizeaz\u0103 100 g\/l SO2.<\/li>\n<li>Sulful 15 furnizeaz\u0103 150 g\/l SO2.<\/li>\n<li>Sulful 18 furnizeaz\u0103 180 g\/l SO2.<\/li>\n<\/ul>\n<p>Con\u021binutul total de dioxid de sulf nu poate dep\u0103\u0219i 150 mg\/l pentru vinurile ro\u0219ii \u0219i 200 mg\/l pentru vinurile albe \u0219i ros\u00e9. \u00cen cazul \u00een care cantitatea de zah\u0103r rezidual (exprimat\u0103 ca glucoz\u0103+fructoz\u0103) este de 5 g\/l sau mai mare, valorile admise sunt de 200 mg\/l pentru vinurile ro\u0219ii \u0219i de 250 mg\/l pentru vinurile albe \u0219i ros\u00e9.<\/p>\n","protected":false},"excerpt":{"rendered":"<p>Sulful este o solu\u021bie apoas\u0103 de dioxid de sulf.<\/p>\n","protected":false},"featured_media":21485,"template":"","meta":{"_acf_changed":false,"inline_featured_image":false,"site-sidebar-layout":"default","site-content-layout":"default","ast-site-content-layout":"default","site-content-style":"default","site-sidebar-style":"default","ast-global-header-display":"","ast-banner-title-visibility":"","ast-main-header-display":"","ast-hfb-above-header-display":"","ast-hfb-below-header-display":"","ast-hfb-mobile-header-display":"","site-post-title":"","ast-breadcrumbs-content":"","ast-featured-img":"","footer-sml-layout":"","ast-disable-related-posts":"","theme-transparent-header-meta":"default","adv-header-id-meta":"","stick-header-meta":"","header-above-stick-meta":"","header-main-stick-meta":"","header-below-stick-meta":"","astra-migrate-meta-layouts":"default","ast-page-background-enabled":"default","ast-page-background-meta":{"desktop":{"background-color":"var(--ast-global-color-5)","background-image":"","background-repeat":"repeat","background-position":"center center","background-size":"auto","background-attachment":"scroll","background-type":"","background-media":"","overlay-type":"","overlay-color":"","overlay-opacity":"","overlay-gradient":""},"tablet":{"background-color":"","background-image":"","background-repeat":"repeat","background-position":"center center","background-size":"auto","background-attachment":"scroll","background-type":"","background-media":"","overlay-type":"","overlay-color":"","overlay-opacity":"","overlay-gradient":""},"mobile":{"background-color":"","background-image":"","background-repeat":"repeat","background-position":"center center","background-size":"auto","background-attachment":"scroll","background-type":"","background-media":"","overlay-type":"","overlay-color":"","overlay-opacity":"","overlay-gradient":""}},"ast-content-background-meta":{"desktop":{"background-color":"var(--ast-global-color-4)","background-image":"","background-repeat":"repeat","background-position":"center center","background-size":"auto","background-attachment":"scroll","background-type":"","background-media":"","overlay-type":"","overlay-color":"","overlay-opacity":"","overlay-gradient":""},"tablet":{"background-color":"var(--ast-global-color-4)","background-image":"","background-repeat":"repeat","background-position":"center center","background-size":"auto","background-attachment":"scroll","background-type":"","background-media":"","overlay-type":"","overlay-color":"","overlay-opacity":"","overlay-gradient":""},"mobile":{"background-color":"var(--ast-global-color-4)","background-image":"","background-repeat":"repeat","background-position":"center center","background-size":"auto","background-attachment":"scroll","background-type":"","background-media":"","overlay-type":"","overlay-color":"","overlay-opacity":"","overlay-gradient":""}}},"product_brand":[],"product_cat":[163],"product_tag":[],"class_list":{"0":"post-89906","1":"product","2":"type-product","3":"status-publish","4":"has-post-thumbnail","6":"product_cat-antioxidanti-produse-oenologice","7":"pa_ecologico-autorizat-eu","8":"pa_estilo-de-vino-alb","9":"pa_estilo-de-vino-rosu","10":"pa_estilo-de-vino-roz","11":"pa_objetivo-protectie-microbiologica","12":"pa_vegano-vegetarian","13":"desktop-align-left","14":"tablet-align-left","15":"mobile-align-left","17":"first","18":"instock","19":"virtual","20":"product-type-simple"},"acf":[],"_links":{"self":[{"href":"https:\/\/agrovin.com\/ro\/wp-json\/wp\/v2\/product\/89906","targetHints":{"allow":["GET"]}}],"collection":[{"href":"https:\/\/agrovin.com\/ro\/wp-json\/wp\/v2\/product"}],"about":[{"href":"https:\/\/agrovin.com\/ro\/wp-json\/wp\/v2\/types\/product"}],"version-history":[{"count":0,"href":"https:\/\/agrovin.com\/ro\/wp-json\/wp\/v2\/product\/89906\/revisions"}],"wp:featuredmedia":[{"embeddable":true,"href":"https:\/\/agrovin.com\/ro\/wp-json\/wp\/v2\/media\/21485"}],"wp:attachment":[{"href":"https:\/\/agrovin.com\/ro\/wp-json\/wp\/v2\/media?parent=89906"}],"wp:term":[{"taxonomy":"product_brand","embeddable":true,"href":"https:\/\/agrovin.com\/ro\/wp-json\/wp\/v2\/product_brand?post=89906"},{"taxonomy":"product_cat","embeddable":true,"href":"https:\/\/agrovin.com\/ro\/wp-json\/wp\/v2\/product_cat?post=89906"},{"taxonomy":"product_tag","embeddable":true,"href":"https:\/\/agrovin.com\/ro\/wp-json\/wp\/v2\/product_tag?post=89906"}],"curies":[{"name":"wp","href":"https:\/\/api.w.org\/{rel}","templated":true}]}}