{"id":89901,"date":"2018-03-06T16:03:47","date_gmt":"2022-11-04T19:17:40","guid":{"rendered":"https:\/\/staging.agrovin.com\/fara-categorie\/proveget-quit\/"},"modified":"2022-11-06T17:44:14","modified_gmt":"2022-11-06T16:44:14","slug":"proveget-quit","status":"publish","type":"product","link":"https:\/\/agrovin.com\/ro\/produse-oenologice\/clarificanti\/proveget-quit\/","title":{"rendered":"PROVEGET QUIT"},"content":{"rendered":"<h3>CARACTERISTICI<\/h3>\n<p>Se poate aplica musturilor care sunt poten\u021bial oxidabile din cauza efectului recolt\u0103rii sau a soiurilor mai oxidative.<\/p>\n<p>\u00cen cazul vinurilor alterate, restabile\u0219te tonurile de paie \u0219i palide. \u00cen cazul tuturor vinurilor, contribuie la o mai bun\u0103 evolu\u021bie a acestora \u00een timp.<\/p>\n<p>Pentru a ob\u021bine acest efect, PROVEGET QUIT combin\u0103 propriet\u0103\u021bile electrostatice ale proteinei vegetale cu cele ale polizaharidului foarte \u00eenc\u0103rcat chitin\u0103-glucan. Este asociat cu bentonita pentru sedimentare \u0219i \u00eendep\u0103rtare rapid\u0103.<\/p>\n<p>\u00cembun\u0103t\u0103\u021be\u0219te substan\u021bial limpezimea vinului finit, elimin\u00e2nd elementele poten\u021bial oxidabile. Prin \u00eembun\u0103t\u0103\u021birea compact\u0103rii drojdiei, randamentul se \u00eembun\u0103t\u0103\u021be\u0219te. Respect\u0103 structura \u0219i expresia aromatic\u0103 a vinului.<\/p>\n<p>PROVEGET QUIT este un produs natural, non-animal, f\u0103r\u0103 alergeni. Provine din materii prime care nu con\u021bin organisme modificate genetic (non-GMO).<\/p>\n<h3>APLICA\u021aIE<\/h3>\n<p>Clarificarea mustului \u0219i a vinului.<\/p>\n<p>Aplica\u021bie preventiv\u0103 sau curativ\u0103.<\/p>\n<h3>DOZAJ<\/h3>\n<div class=\"page\" title=\"Pagina 2\">\n<div class=\"layoutArea\">\n<div class=\"column\">\n<p>Must: 20-80g\/hl<br \/>\nVin: 20-80G\/hl<\/p>\n<\/div>\n<\/div>\n<\/div>\n","protected":false},"excerpt":{"rendered":"<p>Proveget QUIT este o solu\u021bie natural\u0103 pentru eliminarea polifenolilor oxidabili. Acesta ac\u021bioneaz\u0103 \u00eempotriva catechinelor \u0219i leucoantocianinelor, \u00eempiedic\u00e2nd vinul s\u0103 dezvolte tonuri oxidate \u0219i reduc\u00e2nd nevoia de sulf ca antioxidant.<\/p>\n","protected":false},"featured_media":21298,"template":"","meta":{"_acf_changed":false,"inline_featured_image":false,"site-sidebar-layout":"default","site-content-layout":"default","ast-site-content-layout":"default","site-content-style":"default","site-sidebar-style":"default","ast-global-header-display":"","ast-banner-title-visibility":"","ast-main-header-display":"","ast-hfb-above-header-display":"","ast-hfb-below-header-display":"","ast-hfb-mobile-header-display":"","site-post-title":"","ast-breadcrumbs-content":"","ast-featured-img":"","footer-sml-layout":"","ast-disable-related-posts":"","theme-transparent-header-meta":"default","adv-header-id-meta":"","stick-header-meta":"","header-above-stick-meta":"","header-main-stick-meta":"","header-below-stick-meta":"","astra-migrate-meta-layouts":"default","ast-page-background-enabled":"default","ast-page-background-meta":{"desktop":{"background-color":"var(--ast-global-color-5)","background-image":"","background-repeat":"repeat","background-position":"center center","background-size":"auto","background-attachment":"scroll","background-type":"","background-media":"","overlay-type":"","overlay-color":"","overlay-opacity":"","overlay-gradient":""},"tablet":{"background-color":"","background-image":"","background-repeat":"repeat","background-position":"center center","background-size":"auto","background-attachment":"scroll","background-type":"","background-media":"","overlay-type":"","overlay-color":"","overlay-opacity":"","overlay-gradient":""},"mobile":{"background-color":"","background-image":"","background-repeat":"repeat","background-position":"center center","background-size":"auto","background-attachment":"scroll","background-type":"","background-media":"","overlay-type":"","overlay-color":"","overlay-opacity":"","overlay-gradient":""}},"ast-content-background-meta":{"desktop":{"background-color":"var(--ast-global-color-4)","background-image":"","background-repeat":"repeat","background-position":"center center","background-size":"auto","background-attachment":"scroll","background-type":"","background-media":"","overlay-type":"","overlay-color":"","overlay-opacity":"","overlay-gradient":""},"tablet":{"background-color":"var(--ast-global-color-4)","background-image":"","background-repeat":"repeat","background-position":"center center","background-size":"auto","background-attachment":"scroll","background-type":"","background-media":"","overlay-type":"","overlay-color":"","overlay-opacity":"","overlay-gradient":""},"mobile":{"background-color":"var(--ast-global-color-4)","background-image":"","background-repeat":"repeat","background-position":"center center","background-size":"auto","background-attachment":"scroll","background-type":"","background-media":"","overlay-type":"","overlay-color":"","overlay-opacity":"","overlay-gradient":""}}},"product_brand":[],"product_cat":[168],"product_tag":[501,800],"class_list":{"0":"post-89901","1":"product","2":"type-product","3":"status-publish","4":"has-post-thumbnail","6":"product_cat-clarificanti","7":"product_tag-must-ro","8":"product_tag-vin-finit","9":"pa_aplicacion-fa-fml-ru","10":"pa_estilo-de-vino-alb","11":"pa_estilo-de-vino-rosu","12":"pa_estilo-de-vino-roz","13":"pa_objetivo-clarificare","14":"pa_objetivo-imbunatatirea-senzoriala","15":"pa_objetivo-stabilitatea-culorii","16":"pa_origen-formulare","17":"pa_vegano-vegetarian","18":"desktop-align-left","19":"tablet-align-left","20":"mobile-align-left","22":"first","23":"instock","24":"virtual","25":"product-type-simple"},"acf":[],"_links":{"self":[{"href":"https:\/\/agrovin.com\/ro\/wp-json\/wp\/v2\/product\/89901","targetHints":{"allow":["GET"]}}],"collection":[{"href":"https:\/\/agrovin.com\/ro\/wp-json\/wp\/v2\/product"}],"about":[{"href":"https:\/\/agrovin.com\/ro\/wp-json\/wp\/v2\/types\/product"}],"version-history":[{"count":0,"href":"https:\/\/agrovin.com\/ro\/wp-json\/wp\/v2\/product\/89901\/revisions"}],"wp:featuredmedia":[{"embeddable":true,"href":"https:\/\/agrovin.com\/ro\/wp-json\/wp\/v2\/media\/21298"}],"wp:attachment":[{"href":"https:\/\/agrovin.com\/ro\/wp-json\/wp\/v2\/media?parent=89901"}],"wp:term":[{"taxonomy":"product_brand","embeddable":true,"href":"https:\/\/agrovin.com\/ro\/wp-json\/wp\/v2\/product_brand?post=89901"},{"taxonomy":"product_cat","embeddable":true,"href":"https:\/\/agrovin.com\/ro\/wp-json\/wp\/v2\/product_cat?post=89901"},{"taxonomy":"product_tag","embeddable":true,"href":"https:\/\/agrovin.com\/ro\/wp-json\/wp\/v2\/product_tag?post=89901"}],"curies":[{"name":"wp","href":"https:\/\/api.w.org\/{rel}","templated":true}]}}