{"id":89896,"date":"2018-03-06T15:48:32","date_gmt":"2022-11-04T19:17:32","guid":{"rendered":"https:\/\/staging.agrovin.com\/fara-categorie\/bcp-xxi\/"},"modified":"2024-10-28T20:26:30","modified_gmt":"2024-10-28T18:26:30","slug":"bcpxxi","status":"publish","type":"product","link":"https:\/\/agrovin.com\/ro\/produse-oenologice\/clarificanti\/bcpxxi\/","title":{"rendered":"BCP XXI"},"content":{"rendered":"<h3>CARACTERISTICI<\/h3>\n<p>BCP XXI \u00eembun\u0103t\u0103\u021be\u0219te compactarea drojdiei \u0219i filtrarea ulterioar\u0103 a vinului.<\/p>\n<h3>APLICA\u021aIE<\/h3>\n<p>BCP XXI contribuie la producerea de vinuri mai clare, sporind senza\u021bia de prospe\u021bime a acestora.<\/p>\n<p>BCP XXI este un produs f\u0103r\u0103 alergeni.<\/p>\n<h3>DOZAJ<\/h3>\n<div class=\"page\" title=\"Pagina 1\">\n<div class=\"layoutArea\">\n<div class=\"column\">\n<p>Doza recomandat\u0103: 20-50 g\/hl<\/p>\n<\/div>\n<\/div>\n<\/div>\n<p>&nbsp;<\/p>\n","protected":false},"excerpt":{"rendered":"<p>BCP XXI este un clarificator f\u0103r\u0103 cazein\u0103, cu o puternic\u0103 ac\u021biune de deproteinizare. BCP XXI elimin\u0103 selectiv leucoantocianidinele \u0219i catechinele, responsabile de fenomenele oxidative, precum \u0219i polifenoloxidazele care leucoantocianidinele \u0219i catechinele, responsabile de rumenirea musturilor \u0219i a vinurilor albe \u0219i de protejarea culorii \u00een cazul vinurilor ros\u00e9 \u0219i ro\u0219ii.<\/p>\n","protected":false},"featured_media":21316,"template":"","meta":{"_acf_changed":false,"inline_featured_image":false,"site-sidebar-layout":"default","site-content-layout":"default","ast-site-content-layout":"default","site-content-style":"default","site-sidebar-style":"default","ast-global-header-display":"","ast-banner-title-visibility":"","ast-main-header-display":"","ast-hfb-above-header-display":"","ast-hfb-below-header-display":"","ast-hfb-mobile-header-display":"","site-post-title":"","ast-breadcrumbs-content":"","ast-featured-img":"","footer-sml-layout":"","ast-disable-related-posts":"","theme-transparent-header-meta":"default","adv-header-id-meta":"","stick-header-meta":"","header-above-stick-meta":"","header-main-stick-meta":"","header-below-stick-meta":"","astra-migrate-meta-layouts":"set","ast-page-background-enabled":"default","ast-page-background-meta":{"desktop":{"background-color":"var(--ast-global-color-5)","background-image":"","background-repeat":"repeat","background-position":"center center","background-size":"auto","background-attachment":"scroll","background-type":"","background-media":"","overlay-type":"","overlay-color":"","overlay-opacity":"","overlay-gradient":""},"tablet":{"background-color":"","background-image":"","background-repeat":"repeat","background-position":"center center","background-size":"auto","background-attachment":"scroll","background-type":"","background-media":"","overlay-type":"","overlay-color":"","overlay-opacity":"","overlay-gradient":""},"mobile":{"background-color":"","background-image":"","background-repeat":"repeat","background-position":"center center","background-size":"auto","background-attachment":"scroll","background-type":"","background-media":"","overlay-type":"","overlay-color":"","overlay-opacity":"","overlay-gradient":""}},"ast-content-background-meta":{"desktop":{"background-color":"var(--ast-global-color-4)","background-image":"","background-repeat":"repeat","background-position":"center center","background-size":"auto","background-attachment":"scroll","background-type":"","background-media":"","overlay-type":"","overlay-color":"","overlay-opacity":"","overlay-gradient":""},"tablet":{"background-color":"var(--ast-global-color-4)","background-image":"","background-repeat":"repeat","background-position":"center center","background-size":"auto","background-attachment":"scroll","background-type":"","background-media":"","overlay-type":"","overlay-color":"","overlay-opacity":"","overlay-gradient":""},"mobile":{"background-color":"var(--ast-global-color-4)","background-image":"","background-repeat":"repeat","background-position":"center center","background-size":"auto","background-attachment":"scroll","background-type":"","background-media":"","overlay-type":"","overlay-color":"","overlay-opacity":"","overlay-gradient":""}}},"product_brand":[],"product_cat":[168],"product_tag":[863,501],"class_list":{"0":"post-89896","1":"product","2":"type-product","3":"status-publish","4":"has-post-thumbnail","6":"product_cat-clarificanti","7":"product_tag-alergen-liber-ro-2","8":"product_tag-must-ro","9":"pa_aplicacion-struguri-si-must","10":"pa_estilo-de-vino-alb","11":"pa_estilo-de-vino-roz","12":"pa_objetivo-clarificare","13":"pa_objetivo-stabilitatea-culorii","14":"pa_origen-formulare","15":"pa_tipo-fara-alergeni","16":"pa_vegano-vegetarian","17":"desktop-align-left","18":"tablet-align-left","19":"mobile-align-left","21":"first","22":"instock","23":"virtual","24":"product-type-simple"},"acf":[],"_links":{"self":[{"href":"https:\/\/agrovin.com\/ro\/wp-json\/wp\/v2\/product\/89896","targetHints":{"allow":["GET"]}}],"collection":[{"href":"https:\/\/agrovin.com\/ro\/wp-json\/wp\/v2\/product"}],"about":[{"href":"https:\/\/agrovin.com\/ro\/wp-json\/wp\/v2\/types\/product"}],"version-history":[{"count":1,"href":"https:\/\/agrovin.com\/ro\/wp-json\/wp\/v2\/product\/89896\/revisions"}],"predecessor-version":[{"id":116832,"href":"https:\/\/agrovin.com\/ro\/wp-json\/wp\/v2\/product\/89896\/revisions\/116832"}],"wp:featuredmedia":[{"embeddable":true,"href":"https:\/\/agrovin.com\/ro\/wp-json\/wp\/v2\/media\/21316"}],"wp:attachment":[{"href":"https:\/\/agrovin.com\/ro\/wp-json\/wp\/v2\/media?parent=89896"}],"wp:term":[{"taxonomy":"product_brand","embeddable":true,"href":"https:\/\/agrovin.com\/ro\/wp-json\/wp\/v2\/product_brand?post=89896"},{"taxonomy":"product_cat","embeddable":true,"href":"https:\/\/agrovin.com\/ro\/wp-json\/wp\/v2\/product_cat?post=89896"},{"taxonomy":"product_tag","embeddable":true,"href":"https:\/\/agrovin.com\/ro\/wp-json\/wp\/v2\/product_tag?post=89896"}],"curies":[{"name":"wp","href":"https:\/\/api.w.org\/{rel}","templated":true}]}}