{"id":89891,"date":"2018-03-06T15:34:15","date_gmt":"2022-11-04T19:17:24","guid":{"rendered":"https:\/\/staging.agrovin.com\/fara-categorie\/dioxid-de-sulf\/"},"modified":"2022-11-06T17:51:53","modified_gmt":"2022-11-06T16:51:53","slug":"dioxido-de-azufre","status":"publish","type":"product","link":"https:\/\/agrovin.com\/ro\/produse-oenologice\/antioxidanti-produse-oenologice\/dioxido-de-azufre\/","title":{"rendered":"DI\u00d3XIDO DE AZUFRE"},"content":{"rendered":"<h3>CARACTERISTICI<\/h3>\n<p>Unele dintre efectele sale sunt urm\u0103toarele:<\/p>\n<ul>\n<li>Antioxidant: posed\u0103 propriet\u0103\u021bi reduc\u0103toare, captur\u00e2nd oxigenul \u0219i prevenind oxidarea.<\/li>\n<li>Anti-oxidaz\u0103: Distruge oxidazele, prevenind apari\u021bia fisurilor.<\/li>\n<li>Antimicrobian: exercit\u0103 o activitate inhibitorie asupra drojdiilor, bacteriilor lactice \u0219i bacteriilor acidului acetic.<\/li>\n<li>Este cunoscut \u0219i sub numele de dioxid de sulf sau oxid de sulf(IV).<\/li>\n<\/ul>\n<h3>APLICA\u021aIE<\/h3>\n<p>Pe must sau pe vin.<\/p>\n<h3>DOZAJ<\/h3>\n<ul>\n<li>La recoltare 3 &#8211; 8 g\/hl<\/li>\n<li>Musturi sulfatate sau sulfitate 150 &#8211; 200 g\/hl<\/li>\n<\/ul>\n<p>Con\u021binutul total de dioxid de sulf nu poate dep\u0103\u0219i 150 mg\/l pentru vinurile ro\u0219ii \u0219i 200 mg\/l pentru vinurile albe \u0219i ros\u00e9. \u00cen cazul \u00een care cantitatea de zah\u0103r rezidual (exprimat\u0103 ca glucoz\u0103+fructoz\u0103) este de 5 g\/l sau mai mare, valorile admise sunt de 200 mg\/l pentru vinurile ro\u0219ii \u0219i de 250 mg\/l pentru vinurile albe \u0219i ros\u00e9.<\/p>\n","protected":false},"excerpt":{"rendered":"<p>SO2 este un instrument indispensabil \u00een vinifica\u021bie \u0219i \u00een conservarea vinului. Utilizarea corect\u0103 a SO2 are ca rezultat vinuri mai pu\u021bin oxidate, cu o culoare \u0219i o arom\u0103 mai bune \u0219i o aciditate volatil\u0103 mai mic\u0103.<\/p>\n","protected":false},"featured_media":21455,"template":"","meta":{"_acf_changed":false,"inline_featured_image":false,"site-sidebar-layout":"default","site-content-layout":"default","ast-site-content-layout":"default","site-content-style":"default","site-sidebar-style":"default","ast-global-header-display":"","ast-banner-title-visibility":"","ast-main-header-display":"","ast-hfb-above-header-display":"","ast-hfb-below-header-display":"","ast-hfb-mobile-header-display":"","site-post-title":"","ast-breadcrumbs-content":"","ast-featured-img":"","footer-sml-layout":"","ast-disable-related-posts":"","theme-transparent-header-meta":"default","adv-header-id-meta":"","stick-header-meta":"","header-above-stick-meta":"","header-main-stick-meta":"","header-below-stick-meta":"","astra-migrate-meta-layouts":"default","ast-page-background-enabled":"default","ast-page-background-meta":{"desktop":{"background-color":"var(--ast-global-color-5)","background-image":"","background-repeat":"repeat","background-position":"center center","background-size":"auto","background-attachment":"scroll","background-type":"","background-media":"","overlay-type":"","overlay-color":"","overlay-opacity":"","overlay-gradient":""},"tablet":{"background-color":"","background-image":"","background-repeat":"repeat","background-position":"center center","background-size":"auto","background-attachment":"scroll","background-type":"","background-media":"","overlay-type":"","overlay-color":"","overlay-opacity":"","overlay-gradient":""},"mobile":{"background-color":"","background-image":"","background-repeat":"repeat","background-position":"center center","background-size":"auto","background-attachment":"scroll","background-type":"","background-media":"","overlay-type":"","overlay-color":"","overlay-opacity":"","overlay-gradient":""}},"ast-content-background-meta":{"desktop":{"background-color":"var(--ast-global-color-4)","background-image":"","background-repeat":"repeat","background-position":"center center","background-size":"auto","background-attachment":"scroll","background-type":"","background-media":"","overlay-type":"","overlay-color":"","overlay-opacity":"","overlay-gradient":""},"tablet":{"background-color":"var(--ast-global-color-4)","background-image":"","background-repeat":"repeat","background-position":"center center","background-size":"auto","background-attachment":"scroll","background-type":"","background-media":"","overlay-type":"","overlay-color":"","overlay-opacity":"","overlay-gradient":""},"mobile":{"background-color":"var(--ast-global-color-4)","background-image":"","background-repeat":"repeat","background-position":"center center","background-size":"auto","background-attachment":"scroll","background-type":"","background-media":"","overlay-type":"","overlay-color":"","overlay-opacity":"","overlay-gradient":""}}},"product_brand":[],"product_cat":[163],"product_tag":[],"class_list":{"0":"post-89891","1":"product","2":"type-product","3":"status-publish","4":"has-post-thumbnail","6":"product_cat-antioxidanti-produse-oenologice","7":"pa_ecologico-autorizat-eu","8":"pa_ecologico-autorizat-nop-usda","9":"pa_estilo-de-vino-alb","10":"pa_estilo-de-vino-rosu","11":"pa_estilo-de-vino-roz","12":"pa_objetivo-protectie-microbiologica","13":"pa_vegano-vegetarian","14":"desktop-align-left","15":"tablet-align-left","16":"mobile-align-left","18":"first","19":"instock","20":"virtual","21":"product-type-simple"},"acf":[],"_links":{"self":[{"href":"https:\/\/agrovin.com\/ro\/wp-json\/wp\/v2\/product\/89891","targetHints":{"allow":["GET"]}}],"collection":[{"href":"https:\/\/agrovin.com\/ro\/wp-json\/wp\/v2\/product"}],"about":[{"href":"https:\/\/agrovin.com\/ro\/wp-json\/wp\/v2\/types\/product"}],"version-history":[{"count":0,"href":"https:\/\/agrovin.com\/ro\/wp-json\/wp\/v2\/product\/89891\/revisions"}],"wp:featuredmedia":[{"embeddable":true,"href":"https:\/\/agrovin.com\/ro\/wp-json\/wp\/v2\/media\/21455"}],"wp:attachment":[{"href":"https:\/\/agrovin.com\/ro\/wp-json\/wp\/v2\/media?parent=89891"}],"wp:term":[{"taxonomy":"product_brand","embeddable":true,"href":"https:\/\/agrovin.com\/ro\/wp-json\/wp\/v2\/product_brand?post=89891"},{"taxonomy":"product_cat","embeddable":true,"href":"https:\/\/agrovin.com\/ro\/wp-json\/wp\/v2\/product_cat?post=89891"},{"taxonomy":"product_tag","embeddable":true,"href":"https:\/\/agrovin.com\/ro\/wp-json\/wp\/v2\/product_tag?post=89891"}],"curies":[{"name":"wp","href":"https:\/\/api.w.org\/{rel}","templated":true}]}}