{"id":89842,"date":"2018-03-06T12:25:01","date_gmt":"2022-11-04T17:17:35","guid":{"rendered":"https:\/\/staging.agrovin.com\/fara-categorie\/redoxtanin_t\/"},"modified":"2022-11-06T18:12:47","modified_gmt":"2022-11-06T17:12:47","slug":"redoxtanin-t","status":"publish","type":"product","link":"https:\/\/agrovin.com\/ro\/produse-oenologice\/antioxidanti-produse-oenologice\/redoxtanin-t\/","title":{"rendered":"REDOXTANIN_T"},"content":{"rendered":"<h3>CARACTERISTICI<\/h3>\n<p>Redoxtanin T deplaseaz\u0103 \u00een mod eficient oxigenul, reduc\u00e2nd drastic concentra\u021bia acestuia \u00een etapele timpurii, astfel \u00eenc\u00e2t se previne brunificarea musturilor \u00eenainte de fermentare.<\/p>\n<h3>APLICA\u021aIE<\/h3>\n<p>\u00cen strugurii \u0219i musturile destinate vinurilor ro\u0219ii:<\/p>\n<ul>\n<li>\u00cen timpul culesului: protejarea fructelor de oxidare \u00eenainte de a ajunge la cram\u0103.<\/li>\n<li>\u00cen bunc\u0103rul de recep\u021bie: protejarea strugurilor de contactul direct cu oxigenul.<\/li>\n<li>\u00cen recoltele de calitate sanitar\u0103 slab\u0103: Evitarea \u0219i protejarea \u00eempotriva ac\u021biunii lacazei \u0219i a oxidazelor.<\/li>\n<\/ul>\n<h3>DOZAJ<\/h3>\n<ul>\n<li>La recoltarea strugurilor 6-10 g\/hl sau 100 kg<\/li>\n<li>\u00cen cazul recoltelor de calitate slab\u0103, 10-12 g\/hl sau 100 kg<\/li>\n<li>Doza maxim\u0103 legal\u0103: 50 g\/hl<\/li>\n<\/ul>\n<p>Con\u021binutul total de dioxid de sulf nu poate dep\u0103\u0219i 150 mg\/l pentru vinurile ro\u0219ii. \u00cen cazul \u00een care cantitatea de zah\u0103r rezidual (exprimat\u0103 ca glucoz\u0103+fructoz\u0103) este de 5 g\/l sau mai mare, valorile permise sunt de 200 mg\/l pentru vinurile ro\u0219ii.<\/p>\n<p>&nbsp;<\/p>\n","protected":false},"excerpt":{"rendered":"<p>Redoxtanin T este un complex care protejeaz\u0103 \u00eempotriva oxid\u0103rii at\u00e2t a strugurilor, c\u00e2t \u0219i a musturilor de struguri ro\u0219ii. Utilizarea sa direct pe struguri ajut\u0103 la protejarea compu\u0219ilor polifenolici.<\/p>\n","protected":false},"featured_media":34365,"template":"","meta":{"_acf_changed":false,"inline_featured_image":false,"site-sidebar-layout":"default","site-content-layout":"default","ast-site-content-layout":"default","site-content-style":"default","site-sidebar-style":"default","ast-global-header-display":"","ast-banner-title-visibility":"","ast-main-header-display":"","ast-hfb-above-header-display":"","ast-hfb-below-header-display":"","ast-hfb-mobile-header-display":"","site-post-title":"","ast-breadcrumbs-content":"","ast-featured-img":"","footer-sml-layout":"","ast-disable-related-posts":"","theme-transparent-header-meta":"default","adv-header-id-meta":"","stick-header-meta":"","header-above-stick-meta":"","header-main-stick-meta":"","header-below-stick-meta":"","astra-migrate-meta-layouts":"default","ast-page-background-enabled":"default","ast-page-background-meta":{"desktop":{"background-color":"var(--ast-global-color-5)","background-image":"","background-repeat":"repeat","background-position":"center center","background-size":"auto","background-attachment":"scroll","background-type":"","background-media":"","overlay-type":"","overlay-color":"","overlay-opacity":"","overlay-gradient":""},"tablet":{"background-color":"","background-image":"","background-repeat":"repeat","background-position":"center center","background-size":"auto","background-attachment":"scroll","background-type":"","background-media":"","overlay-type":"","overlay-color":"","overlay-opacity":"","overlay-gradient":""},"mobile":{"background-color":"","background-image":"","background-repeat":"repeat","background-position":"center center","background-size":"auto","background-attachment":"scroll","background-type":"","background-media":"","overlay-type":"","overlay-color":"","overlay-opacity":"","overlay-gradient":""}},"ast-content-background-meta":{"desktop":{"background-color":"var(--ast-global-color-4)","background-image":"","background-repeat":"repeat","background-position":"center center","background-size":"auto","background-attachment":"scroll","background-type":"","background-media":"","overlay-type":"","overlay-color":"","overlay-opacity":"","overlay-gradient":""},"tablet":{"background-color":"var(--ast-global-color-4)","background-image":"","background-repeat":"repeat","background-position":"center center","background-size":"auto","background-attachment":"scroll","background-type":"","background-media":"","overlay-type":"","overlay-color":"","overlay-opacity":"","overlay-gradient":""},"mobile":{"background-color":"var(--ast-global-color-4)","background-image":"","background-repeat":"repeat","background-position":"center center","background-size":"auto","background-attachment":"scroll","background-type":"","background-media":"","overlay-type":"","overlay-color":"","overlay-opacity":"","overlay-gradient":""}}},"product_brand":[],"product_cat":[163],"product_tag":[501],"class_list":{"0":"post-89842","1":"product","2":"type-product","3":"status-publish","4":"has-post-thumbnail","6":"product_cat-antioxidanti-produse-oenologice","7":"product_tag-must-ro","8":"pa_aplicacion-struguri-si-must","9":"pa_ecologico-autorizat-eu","10":"pa_estilo-de-vino-rosu","11":"pa_objetivo-protectie-antioxidanta","12":"pa_objetivo-protectie-microbiologica","13":"pa_vegano-vegetarian","14":"desktop-align-left","15":"tablet-align-left","16":"mobile-align-left","18":"first","19":"instock","20":"virtual","21":"product-type-simple"},"acf":[],"_links":{"self":[{"href":"https:\/\/agrovin.com\/ro\/wp-json\/wp\/v2\/product\/89842","targetHints":{"allow":["GET"]}}],"collection":[{"href":"https:\/\/agrovin.com\/ro\/wp-json\/wp\/v2\/product"}],"about":[{"href":"https:\/\/agrovin.com\/ro\/wp-json\/wp\/v2\/types\/product"}],"version-history":[{"count":0,"href":"https:\/\/agrovin.com\/ro\/wp-json\/wp\/v2\/product\/89842\/revisions"}],"wp:featuredmedia":[{"embeddable":true,"href":"https:\/\/agrovin.com\/ro\/wp-json\/wp\/v2\/media\/34365"}],"wp:attachment":[{"href":"https:\/\/agrovin.com\/ro\/wp-json\/wp\/v2\/media?parent=89842"}],"wp:term":[{"taxonomy":"product_brand","embeddable":true,"href":"https:\/\/agrovin.com\/ro\/wp-json\/wp\/v2\/product_brand?post=89842"},{"taxonomy":"product_cat","embeddable":true,"href":"https:\/\/agrovin.com\/ro\/wp-json\/wp\/v2\/product_cat?post=89842"},{"taxonomy":"product_tag","embeddable":true,"href":"https:\/\/agrovin.com\/ro\/wp-json\/wp\/v2\/product_tag?post=89842"}],"curies":[{"name":"wp","href":"https:\/\/api.w.org\/{rel}","templated":true}]}}