{"id":89827,"date":"2018-03-05T14:53:51","date_gmt":"2022-11-04T17:17:12","guid":{"rendered":"https:\/\/staging.agrovin.com\/fara-categorie\/tanicol-super\/"},"modified":"2022-11-06T18:28:38","modified_gmt":"2022-11-06T17:28:38","slug":"tanicol-super","status":"publish","type":"product","link":"https:\/\/agrovin.com\/ro\/produse-oenologice\/taninuri\/tanicol-super\/","title":{"rendered":"TANICOL SUPER"},"content":{"rendered":"<h3>APLICA\u021aIE<\/h3>\n<p>\u00cen timpul vinific\u0103rii vinurilor ro\u0219ii:<\/p>\n<ul>\n<li>Promoveaz\u0103 stabilitatea culorii \u0219i protejeaz\u0103 polifenolii cei mai u\u0219or oxidabili.<\/li>\n<li>Acesta compenseaz\u0103 deficitul de tanin condensat, ob\u021bin\u00e2nd o propor\u021bie echilibrat\u0103 de antociani \u0219i taninuri.<\/li>\n<li>\u00cen produc\u021bia de vinuri ro\u0219ii crianza, datorit\u0103 capacit\u0103\u021bii sale antioxidante, care protejeaz\u0103 at\u00e2t polifenolii cei mai u\u0219or oxidabili, c\u00e2t \u0219i aromele. \u00cempiedic\u0103 \u00eemb\u0103tr\u00e2nirea prematur\u0103 a vinului, conferindu-i o longevitate mai mare.<\/li>\n<\/ul>\n<h3>DOZAJ<\/h3>\n<div class=\"page\" title=\"Pagina 1\">\n<div class=\"section\">\n<div class=\"layoutArea\">\n<div class=\"column\">\n<p>Vinificare: <span style=\"font-size: 16px;\">10-40 g\/hl<\/span><\/p>\n<\/div>\n<\/div>\n<\/div>\n<\/div>\n","protected":false},"excerpt":{"rendered":"<p>Tanicol Super este un tanin specific pentru vinifica\u021bie. Activitatea sa antioxidant\u0103 ridicat\u0103, combinat\u0103 cu reactivitatea sa cu antocianii, asigur\u0103 stabilitatea culorii \u00een timp.<\/p>\n","protected":false},"featured_media":21279,"template":"","meta":{"_acf_changed":false,"inline_featured_image":false,"site-sidebar-layout":"default","site-content-layout":"default","ast-site-content-layout":"default","site-content-style":"default","site-sidebar-style":"default","ast-global-header-display":"","ast-banner-title-visibility":"","ast-main-header-display":"","ast-hfb-above-header-display":"","ast-hfb-below-header-display":"","ast-hfb-mobile-header-display":"","site-post-title":"","ast-breadcrumbs-content":"","ast-featured-img":"","footer-sml-layout":"","ast-disable-related-posts":"","theme-transparent-header-meta":"default","adv-header-id-meta":"","stick-header-meta":"","header-above-stick-meta":"","header-main-stick-meta":"","header-below-stick-meta":"","astra-migrate-meta-layouts":"default","ast-page-background-enabled":"default","ast-page-background-meta":{"desktop":{"background-color":"var(--ast-global-color-5)","background-image":"","background-repeat":"repeat","background-position":"center center","background-size":"auto","background-attachment":"scroll","background-type":"","background-media":"","overlay-type":"","overlay-color":"","overlay-opacity":"","overlay-gradient":""},"tablet":{"background-color":"","background-image":"","background-repeat":"repeat","background-position":"center center","background-size":"auto","background-attachment":"scroll","background-type":"","background-media":"","overlay-type":"","overlay-color":"","overlay-opacity":"","overlay-gradient":""},"mobile":{"background-color":"","background-image":"","background-repeat":"repeat","background-position":"center center","background-size":"auto","background-attachment":"scroll","background-type":"","background-media":"","overlay-type":"","overlay-color":"","overlay-opacity":"","overlay-gradient":""}},"ast-content-background-meta":{"desktop":{"background-color":"var(--ast-global-color-4)","background-image":"","background-repeat":"repeat","background-position":"center center","background-size":"auto","background-attachment":"scroll","background-type":"","background-media":"","overlay-type":"","overlay-color":"","overlay-opacity":"","overlay-gradient":""},"tablet":{"background-color":"var(--ast-global-color-4)","background-image":"","background-repeat":"repeat","background-position":"center center","background-size":"auto","background-attachment":"scroll","background-type":"","background-media":"","overlay-type":"","overlay-color":"","overlay-opacity":"","overlay-gradient":""},"mobile":{"background-color":"var(--ast-global-color-4)","background-image":"","background-repeat":"repeat","background-position":"center center","background-size":"auto","background-attachment":"scroll","background-type":"","background-media":"","overlay-type":"","overlay-color":"","overlay-opacity":"","overlay-gradient":""}}},"product_brand":[],"product_cat":[224],"product_tag":[835,829],"class_list":{"0":"post-89827","1":"product","2":"type-product","3":"status-publish","4":"has-post-thumbnail","6":"product_cat-taninuri","7":"product_tag-structurarea-taninurilor","8":"product_tag-taninuri-antioxidante","9":"pa_aplicacion-fa-fml-ru","10":"pa_ecologico-autorizat-eu","11":"pa_ecologico-autorizat-nop-usda","12":"pa_estilo-de-vino-rosu","13":"pa_vegano-vegetarian","14":"desktop-align-left","15":"tablet-align-left","16":"mobile-align-left","18":"first","19":"instock","20":"virtual","21":"product-type-simple"},"acf":[],"_links":{"self":[{"href":"https:\/\/agrovin.com\/ro\/wp-json\/wp\/v2\/product\/89827","targetHints":{"allow":["GET"]}}],"collection":[{"href":"https:\/\/agrovin.com\/ro\/wp-json\/wp\/v2\/product"}],"about":[{"href":"https:\/\/agrovin.com\/ro\/wp-json\/wp\/v2\/types\/product"}],"version-history":[{"count":0,"href":"https:\/\/agrovin.com\/ro\/wp-json\/wp\/v2\/product\/89827\/revisions"}],"wp:featuredmedia":[{"embeddable":true,"href":"https:\/\/agrovin.com\/ro\/wp-json\/wp\/v2\/media\/21279"}],"wp:attachment":[{"href":"https:\/\/agrovin.com\/ro\/wp-json\/wp\/v2\/media?parent=89827"}],"wp:term":[{"taxonomy":"product_brand","embeddable":true,"href":"https:\/\/agrovin.com\/ro\/wp-json\/wp\/v2\/product_brand?post=89827"},{"taxonomy":"product_cat","embeddable":true,"href":"https:\/\/agrovin.com\/ro\/wp-json\/wp\/v2\/product_cat?post=89827"},{"taxonomy":"product_tag","embeddable":true,"href":"https:\/\/agrovin.com\/ro\/wp-json\/wp\/v2\/product_tag?post=89827"}],"curies":[{"name":"wp","href":"https:\/\/api.w.org\/{rel}","templated":true}]}}