{"id":89822,"date":"2018-03-05T14:56:42","date_gmt":"2022-11-04T17:17:04","guid":{"rendered":"https:\/\/staging.agrovin.com\/fara-categorie\/tanicol-xe\/"},"modified":"2025-10-06T16:23:42","modified_gmt":"2025-10-06T14:23:42","slug":"tanicol-xe","status":"publish","type":"product","link":"https:\/\/agrovin.com\/ro\/produse-oenologice\/taninuri\/tanicol-xe\/","title":{"rendered":"Tanicol XE"},"content":{"rendered":"<h3>APLICA\u021aIE<\/h3>\n<p>\u00cen timpul vinific\u0103rii soiurilor ro\u0219ii:<\/p>\n<ul>\n<li>Promoveaz\u0103 stabilitatea culorii \u0219i protejeaz\u0103 polifenolii cei mai u\u0219or oxidabili.<\/li>\n<li>\u00cen vinific\u0103ri cu macerare scurt\u0103.<\/li>\n<li>\u00cen recoltele de calitate sanitar\u0103 slab\u0103. Tanicol XE scurteaz\u0103 timpul de macerare \u0219i este foarte antioxidant.<\/li>\n<li>Formularea lichid\u0103 a Tanicol XE faciliteaz\u0103 utilizarea acestuia \u00een vin.<\/li>\n<\/ul>\n<h3>DOZAJ<\/h3>\n<div class=\"page\" title=\"Pagina 1\">\n<div class=\"section\">\n<div class=\"layoutArea\">\n<div class=\"column\">\n<p>Tanicol XE: <span style=\"font-size: 16px;\">10-40 g\/hl<\/span><\/p>\n<p>Tanicol XE L: <span style=\"font-size: 16px;\">30-100 ml\/hl<\/span><\/p>\n<\/div>\n<\/div>\n<\/div>\n<\/div>\n","protected":false},"excerpt":{"rendered":"<p>Tanicol XE este un tanin condensat special pentru vinifica\u021bie. Acesta favorizeaz\u0103 stabilizarea culorii \u0219i are un caracter antioxidant ridicat. Cre\u0219te structura f\u0103r\u0103 am\u0103r\u0103ciune.<\/p>\n","protected":false},"featured_media":21246,"template":"","meta":{"_acf_changed":false,"inline_featured_image":false,"site-sidebar-layout":"default","site-content-layout":"default","ast-site-content-layout":"default","site-content-style":"default","site-sidebar-style":"default","ast-global-header-display":"","ast-banner-title-visibility":"","ast-main-header-display":"","ast-hfb-above-header-display":"","ast-hfb-below-header-display":"","ast-hfb-mobile-header-display":"","site-post-title":"","ast-breadcrumbs-content":"","ast-featured-img":"","footer-sml-layout":"","ast-disable-related-posts":"","theme-transparent-header-meta":"default","adv-header-id-meta":"","stick-header-meta":"","header-above-stick-meta":"","header-main-stick-meta":"","header-below-stick-meta":"","astra-migrate-meta-layouts":"set","ast-page-background-enabled":"default","ast-page-background-meta":{"desktop":{"background-color":"var(--ast-global-color-5)","background-image":"","background-repeat":"repeat","background-position":"center center","background-size":"auto","background-attachment":"scroll","background-type":"","background-media":"","overlay-type":"","overlay-color":"","overlay-opacity":"","overlay-gradient":""},"tablet":{"background-color":"","background-image":"","background-repeat":"repeat","background-position":"center center","background-size":"auto","background-attachment":"scroll","background-type":"","background-media":"","overlay-type":"","overlay-color":"","overlay-opacity":"","overlay-gradient":""},"mobile":{"background-color":"","background-image":"","background-repeat":"repeat","background-position":"center center","background-size":"auto","background-attachment":"scroll","background-type":"","background-media":"","overlay-type":"","overlay-color":"","overlay-opacity":"","overlay-gradient":""}},"ast-content-background-meta":{"desktop":{"background-color":"var(--ast-global-color-4)","background-image":"","background-repeat":"repeat","background-position":"center center","background-size":"auto","background-attachment":"scroll","background-type":"","background-media":"","overlay-type":"","overlay-color":"","overlay-opacity":"","overlay-gradient":""},"tablet":{"background-color":"var(--ast-global-color-4)","background-image":"","background-repeat":"repeat","background-position":"center center","background-size":"auto","background-attachment":"scroll","background-type":"","background-media":"","overlay-type":"","overlay-color":"","overlay-opacity":"","overlay-gradient":""},"mobile":{"background-color":"var(--ast-global-color-4)","background-image":"","background-repeat":"repeat","background-position":"center center","background-size":"auto","background-attachment":"scroll","background-type":"","background-media":"","overlay-type":"","overlay-color":"","overlay-opacity":"","overlay-gradient":""}}},"product_brand":[],"product_cat":[224],"product_tag":[835],"class_list":{"0":"post-89822","1":"product","2":"type-product","3":"status-publish","4":"has-post-thumbnail","6":"product_cat-taninuri","7":"product_tag-structurarea-taninurilor","8":"pa_aplicacion-fa-fml-ru","9":"pa_ecologico-autorizat-eu","10":"pa_ecologico-autorizat-nop-usda","11":"pa_estilo-de-vino-rosu","12":"pa_vegano-vegetarian","13":"desktop-align-left","14":"tablet-align-left","15":"mobile-align-left","17":"first","18":"instock","19":"virtual","20":"product-type-simple"},"acf":[],"_links":{"self":[{"href":"https:\/\/agrovin.com\/ro\/wp-json\/wp\/v2\/product\/89822","targetHints":{"allow":["GET"]}}],"collection":[{"href":"https:\/\/agrovin.com\/ro\/wp-json\/wp\/v2\/product"}],"about":[{"href":"https:\/\/agrovin.com\/ro\/wp-json\/wp\/v2\/types\/product"}],"version-history":[{"count":1,"href":"https:\/\/agrovin.com\/ro\/wp-json\/wp\/v2\/product\/89822\/revisions"}],"predecessor-version":[{"id":122233,"href":"https:\/\/agrovin.com\/ro\/wp-json\/wp\/v2\/product\/89822\/revisions\/122233"}],"wp:featuredmedia":[{"embeddable":true,"href":"https:\/\/agrovin.com\/ro\/wp-json\/wp\/v2\/media\/21246"}],"wp:attachment":[{"href":"https:\/\/agrovin.com\/ro\/wp-json\/wp\/v2\/media?parent=89822"}],"wp:term":[{"taxonomy":"product_brand","embeddable":true,"href":"https:\/\/agrovin.com\/ro\/wp-json\/wp\/v2\/product_brand?post=89822"},{"taxonomy":"product_cat","embeddable":true,"href":"https:\/\/agrovin.com\/ro\/wp-json\/wp\/v2\/product_cat?post=89822"},{"taxonomy":"product_tag","embeddable":true,"href":"https:\/\/agrovin.com\/ro\/wp-json\/wp\/v2\/product_tag?post=89822"}],"curies":[{"name":"wp","href":"https:\/\/api.w.org\/{rel}","templated":true}]}}