{"id":89782,"date":"2018-03-05T14:49:45","date_gmt":"2022-11-04T17:15:11","guid":{"rendered":"https:\/\/staging.agrovin.com\/fara-categorie\/protejati\/"},"modified":"2022-11-06T18:07:43","modified_gmt":"2022-11-06T17:07:43","slug":"protectan","status":"publish","type":"product","link":"https:\/\/agrovin.com\/ro\/produse-oenologice\/taninuri\/protectan\/","title":{"rendered":"PROTECTAN"},"content":{"rendered":"<h3>CARACTERISTICI<\/h3>\n<p>Ideal pentru tratamentul de micro-oxigenare, care favorizeaz\u0103 cre\u0219terea intensit\u0103\u021bii culorii \u0219i polimerizarea, ob\u021bin\u00e2nd o mai mare stabilitate a culorii \u00een timp. Se evit\u0103 varia\u021biile de nuan\u021b\u0103, ceea ce indic\u0103 oxidarea minim\u0103 suferit\u0103 de compu\u0219ii fenolici \u00een timpul tratamentului de microoxigenare.<\/p>\n<h3>APLICA\u021aIE<\/h3>\n<p>\u00cen vinifica\u021bie:<\/p>\n<ul>\n<li>Combina\u021bie ini\u021bial\u0103 cu antocianii elibera\u021bi \u00een prima faz\u0103 de macerare (faza apoas\u0103). Se evit\u0103 decolorarea culorii \u0219i se ob\u021bine o evolu\u021bie mai bun\u0103 \u00een timp. Putere antioxidant\u0103 ridicat\u0103.<\/li>\n<\/ul>\n<p>\u00cen descube:<\/p>\n<ul>\n<li>Acesta compenseaz\u0103 cantitatea de tanin condensat din struguri prin promovarea unui raport echilibrat \u00eentre antociani \u0219i taninuri. Protejeaz\u0103 \u00eempotriva oxid\u0103rii.<\/li>\n<\/ul>\n<p>\u00cen microoxigenare:<\/p>\n<ul>\n<li>Control riguros asupra procesului de combinare a oxigenului. Contribu\u021bia structurii.<\/li>\n<\/ul>\n<h3>DOZAJ<\/h3>\n<div class=\"page\" title=\"Pagina 1\">\n<div class=\"section\">\n<div class=\"layoutArea\">\n<div class=\"column\">\n<p>Vinuri ro\u0219ii 5-30g\/hL<\/p>\n<\/div>\n<\/div>\n<\/div>\n<\/div>\n","protected":false},"excerpt":{"rendered":"<p>Tanin cu o capacitate mare de combinare cu antocianii \u0219i putere antioxidant\u0103 marcant\u0103. Acesta protejeaz\u0103 poten\u021bialul fenolic al vinului, oferind o robuste\u021be \u0219i o structur\u0103 deosebit\u0103.<\/p>\n","protected":false},"featured_media":23218,"template":"","meta":{"_acf_changed":false,"inline_featured_image":false,"site-sidebar-layout":"default","site-content-layout":"default","ast-site-content-layout":"default","site-content-style":"default","site-sidebar-style":"default","ast-global-header-display":"","ast-banner-title-visibility":"","ast-main-header-display":"","ast-hfb-above-header-display":"","ast-hfb-below-header-display":"","ast-hfb-mobile-header-display":"","site-post-title":"","ast-breadcrumbs-content":"","ast-featured-img":"","footer-sml-layout":"","ast-disable-related-posts":"","theme-transparent-header-meta":"default","adv-header-id-meta":"","stick-header-meta":"","header-above-stick-meta":"","header-main-stick-meta":"","header-below-stick-meta":"","astra-migrate-meta-layouts":"default","ast-page-background-enabled":"default","ast-page-background-meta":{"desktop":{"background-color":"var(--ast-global-color-5)","background-image":"","background-repeat":"repeat","background-position":"center center","background-size":"auto","background-attachment":"scroll","background-type":"","background-media":"","overlay-type":"","overlay-color":"","overlay-opacity":"","overlay-gradient":""},"tablet":{"background-color":"","background-image":"","background-repeat":"repeat","background-position":"center center","background-size":"auto","background-attachment":"scroll","background-type":"","background-media":"","overlay-type":"","overlay-color":"","overlay-opacity":"","overlay-gradient":""},"mobile":{"background-color":"","background-image":"","background-repeat":"repeat","background-position":"center center","background-size":"auto","background-attachment":"scroll","background-type":"","background-media":"","overlay-type":"","overlay-color":"","overlay-opacity":"","overlay-gradient":""}},"ast-content-background-meta":{"desktop":{"background-color":"var(--ast-global-color-4)","background-image":"","background-repeat":"repeat","background-position":"center center","background-size":"auto","background-attachment":"scroll","background-type":"","background-media":"","overlay-type":"","overlay-color":"","overlay-opacity":"","overlay-gradient":""},"tablet":{"background-color":"var(--ast-global-color-4)","background-image":"","background-repeat":"repeat","background-position":"center center","background-size":"auto","background-attachment":"scroll","background-type":"","background-media":"","overlay-type":"","overlay-color":"","overlay-opacity":"","overlay-gradient":""},"mobile":{"background-color":"var(--ast-global-color-4)","background-image":"","background-repeat":"repeat","background-position":"center center","background-size":"auto","background-attachment":"scroll","background-type":"","background-media":"","overlay-type":"","overlay-color":"","overlay-opacity":"","overlay-gradient":""}}},"product_brand":[],"product_cat":[224],"product_tag":[841],"class_list":{"0":"post-89782","1":"product","2":"type-product","3":"status-publish","4":"has-post-thumbnail","6":"product_cat-taninuri","7":"product_tag-struguri-de-tanin","8":"pa_ecologico-autorizat-eu","9":"pa_ecologico-autorizat-nop-usda","10":"pa_estilo-de-vino-butoi","11":"pa_estilo-de-vino-rosu","12":"pa_estilo-de-vino-sclipitor","13":"pa_objetivo-arome-crescute-de-fructe","14":"pa_objetivo-fin","15":"pa_objetivo-imbunatatirea-senzoriala","16":"pa_vegano-vegetarian","17":"desktop-align-left","18":"tablet-align-left","19":"mobile-align-left","21":"first","22":"instock","23":"virtual","24":"product-type-simple"},"acf":[],"_links":{"self":[{"href":"https:\/\/agrovin.com\/ro\/wp-json\/wp\/v2\/product\/89782","targetHints":{"allow":["GET"]}}],"collection":[{"href":"https:\/\/agrovin.com\/ro\/wp-json\/wp\/v2\/product"}],"about":[{"href":"https:\/\/agrovin.com\/ro\/wp-json\/wp\/v2\/types\/product"}],"version-history":[{"count":0,"href":"https:\/\/agrovin.com\/ro\/wp-json\/wp\/v2\/product\/89782\/revisions"}],"wp:featuredmedia":[{"embeddable":true,"href":"https:\/\/agrovin.com\/ro\/wp-json\/wp\/v2\/media\/23218"}],"wp:attachment":[{"href":"https:\/\/agrovin.com\/ro\/wp-json\/wp\/v2\/media?parent=89782"}],"wp:term":[{"taxonomy":"product_brand","embeddable":true,"href":"https:\/\/agrovin.com\/ro\/wp-json\/wp\/v2\/product_brand?post=89782"},{"taxonomy":"product_cat","embeddable":true,"href":"https:\/\/agrovin.com\/ro\/wp-json\/wp\/v2\/product_cat?post=89782"},{"taxonomy":"product_tag","embeddable":true,"href":"https:\/\/agrovin.com\/ro\/wp-json\/wp\/v2\/product_tag?post=89782"}],"curies":[{"name":"wp","href":"https:\/\/api.w.org\/{rel}","templated":true}]}}