{"id":89777,"date":"2018-03-05T14:41:49","date_gmt":"2022-11-04T17:05:10","guid":{"rendered":"https:\/\/staging.agrovin.com\/fara-categorie\/robletan-oakblend\/"},"modified":"2022-11-06T18:57:40","modified_gmt":"2022-11-06T17:57:40","slug":"robletan-oakblend","status":"publish","type":"product","link":"https:\/\/agrovin.com\/ro\/produse-oenologice\/taninuri\/robletan-oakblend\/","title":{"rendered":"ROBLETAN OAKBLEND"},"content":{"rendered":"<h3>CARACTERISTICI<\/h3>\n<p>\u00cen cazul vinului ro\u0219u, favorizeaz\u0103 fenomenele de polimerizare \u0219i condensare a polifenolilor responsabili de structur\u0103 \u0219i culoare. Reactivitate medie la proteine.<\/p>\n<h3>APLICA\u021aIE<\/h3>\n<ul>\n<li>\u00cen vinul finit, \u00een timpul rafin\u0103rii \u0219i \u00eenainte de \u00eembuteliere, asigur\u0103 capacitatea antioxidant\u0103 \u0219i echilibreaz\u0103 structura \u0219i corpul vinului, \u00eembun\u0103t\u0103\u021bind aspectele gustative ale acestuia.<\/li>\n<li>\u00cen timpul \u00eenvechirii \u00een butoaie sau \u00een cisterne pentru a ghida procesul de evolu\u021bie a vinului.<\/li>\n<\/ul>\n<h3>DOZAJ<\/h3>\n<div class=\"page\" title=\"Pagina 2\">\n<div class=\"section\">\n<div class=\"layoutArea\">\n<div class=\"column\">\n<p>Vin alb 1 &#8211; 10 g\/hl<\/p>\n<p>Vin ro\u0219u 2 &#8211; 20 g\/hl<\/p>\n<\/div>\n<\/div>\n<\/div>\n<\/div>\n","protected":false},"excerpt":{"rendered":"<p>Taninurile rafinate aduc complexitate aromatic\u0103 \u00een nas \u0219i confer\u0103 structur\u0103 taninic\u0103 f\u0103r\u0103 am\u0103r\u0103ciune sau astringen\u021b\u0103. Capacitatea sa antioxidant\u0103 asigur\u0103 o evolu\u021bie excelent\u0103 \u00een sticl\u0103.<\/p>\n","protected":false},"featured_media":23769,"template":"","meta":{"_acf_changed":false,"inline_featured_image":false,"site-sidebar-layout":"default","site-content-layout":"default","ast-site-content-layout":"default","site-content-style":"default","site-sidebar-style":"default","ast-global-header-display":"","ast-banner-title-visibility":"","ast-main-header-display":"","ast-hfb-above-header-display":"","ast-hfb-below-header-display":"","ast-hfb-mobile-header-display":"","site-post-title":"","ast-breadcrumbs-content":"","ast-featured-img":"","footer-sml-layout":"","ast-disable-related-posts":"","theme-transparent-header-meta":"default","adv-header-id-meta":"","stick-header-meta":"","header-above-stick-meta":"","header-main-stick-meta":"","header-below-stick-meta":"","astra-migrate-meta-layouts":"default","ast-page-background-enabled":"default","ast-page-background-meta":{"desktop":{"background-color":"var(--ast-global-color-5)","background-image":"","background-repeat":"repeat","background-position":"center center","background-size":"auto","background-attachment":"scroll","background-type":"","background-media":"","overlay-type":"","overlay-color":"","overlay-opacity":"","overlay-gradient":""},"tablet":{"background-color":"","background-image":"","background-repeat":"repeat","background-position":"center center","background-size":"auto","background-attachment":"scroll","background-type":"","background-media":"","overlay-type":"","overlay-color":"","overlay-opacity":"","overlay-gradient":""},"mobile":{"background-color":"","background-image":"","background-repeat":"repeat","background-position":"center center","background-size":"auto","background-attachment":"scroll","background-type":"","background-media":"","overlay-type":"","overlay-color":"","overlay-opacity":"","overlay-gradient":""}},"ast-content-background-meta":{"desktop":{"background-color":"var(--ast-global-color-4)","background-image":"","background-repeat":"repeat","background-position":"center center","background-size":"auto","background-attachment":"scroll","background-type":"","background-media":"","overlay-type":"","overlay-color":"","overlay-opacity":"","overlay-gradient":""},"tablet":{"background-color":"var(--ast-global-color-4)","background-image":"","background-repeat":"repeat","background-position":"center center","background-size":"auto","background-attachment":"scroll","background-type":"","background-media":"","overlay-type":"","overlay-color":"","overlay-opacity":"","overlay-gradient":""},"mobile":{"background-color":"var(--ast-global-color-4)","background-image":"","background-repeat":"repeat","background-position":"center center","background-size":"auto","background-attachment":"scroll","background-type":"","background-media":"","overlay-type":"","overlay-color":"","overlay-opacity":"","overlay-gradient":""}}},"product_brand":[],"product_cat":[224],"product_tag":[847],"class_list":{"0":"post-89777","1":"product","2":"type-product","3":"status-publish","4":"has-post-thumbnail","6":"product_cat-taninuri","7":"product_tag-stejar-de-tanin","8":"pa_estilo-de-vino-alb","9":"pa_estilo-de-vino-butoi","10":"pa_estilo-de-vino-rosu","11":"pa_estilo-de-vino-roz","12":"pa_estilo-de-vino-sclipitor","13":"pa_objetivo-arome-crescute-de-lemn","14":"pa_objetivo-fin","15":"pa_objetivo-imbunatatirea-senzoriala","16":"pa_vegano-vegetarian","17":"desktop-align-left","18":"tablet-align-left","19":"mobile-align-left","21":"first","22":"instock","23":"virtual","24":"product-type-simple"},"acf":[],"_links":{"self":[{"href":"https:\/\/agrovin.com\/ro\/wp-json\/wp\/v2\/product\/89777","targetHints":{"allow":["GET"]}}],"collection":[{"href":"https:\/\/agrovin.com\/ro\/wp-json\/wp\/v2\/product"}],"about":[{"href":"https:\/\/agrovin.com\/ro\/wp-json\/wp\/v2\/types\/product"}],"version-history":[{"count":0,"href":"https:\/\/agrovin.com\/ro\/wp-json\/wp\/v2\/product\/89777\/revisions"}],"wp:featuredmedia":[{"embeddable":true,"href":"https:\/\/agrovin.com\/ro\/wp-json\/wp\/v2\/media\/23769"}],"wp:attachment":[{"href":"https:\/\/agrovin.com\/ro\/wp-json\/wp\/v2\/media?parent=89777"}],"wp:term":[{"taxonomy":"product_brand","embeddable":true,"href":"https:\/\/agrovin.com\/ro\/wp-json\/wp\/v2\/product_brand?post=89777"},{"taxonomy":"product_cat","embeddable":true,"href":"https:\/\/agrovin.com\/ro\/wp-json\/wp\/v2\/product_cat?post=89777"},{"taxonomy":"product_tag","embeddable":true,"href":"https:\/\/agrovin.com\/ro\/wp-json\/wp\/v2\/product_tag?post=89777"}],"curies":[{"name":"wp","href":"https:\/\/api.w.org\/{rel}","templated":true}]}}