{"id":89762,"date":"2018-03-05T14:46:26","date_gmt":"2022-11-04T17:04:39","guid":{"rendered":"https:\/\/staging.agrovin.com\/fara-categorie\/tanicol-rosu-de-epoca\/"},"modified":"2025-06-24T17:04:22","modified_gmt":"2025-06-24T15:04:22","slug":"tanicol-red-vintage","status":"publish","type":"product","link":"https:\/\/agrovin.com\/ro\/produse-oenologice\/taninuri\/tanicol-red-vintage\/","title":{"rendered":"TANICOL RED VINTAGE"},"content":{"rendered":"<h3>CARACTERISTICI<\/h3>\n<p>Are un efect mare asupra stabilit\u0103\u021bii culorii datorit\u0103 reactivit\u0103\u021bii sale ridicate \u0219i capacit\u0103\u021bii de a se combina cu antocianii.<\/p>\n<h3>APLICA\u021aIE<\/h3>\n<p>\u00cen vinifica\u021bie:<\/p>\n<ul>\n<li>Taninul de struguri pe care \u00eel con\u021bine \u00eel face deosebit de reactiv cu antocianii.<\/li>\n<li>Combina\u021bie ini\u021bial\u0103 cu antocianii elibera\u021bi \u00een prima faz\u0103 de macerare (faza apoas\u0103). Se evit\u0103 decolorarea culorii \u0219i se ob\u021bine o evolu\u021bie mai bun\u0103 \u00een timp.<\/li>\n<\/ul>\n<p>\u00cen descube:<\/p>\n<ul>\n<li>Cre\u0219te con\u021binutul de tanin condensat din struguri, favoriz\u00e2nd o propor\u021bie echilibrat\u0103 de antociani \u0219i taninuri.<\/li>\n<li>Confer\u0103 vinului structur\u0103 \u00eentr-un mod integrat \u0219i echilibrat.<\/li>\n<li>Cre\u0219terea profilului aromatic al vinului.<\/li>\n<\/ul>\n<p>Rafinarea vinului:<\/p>\n<ul>\n<li>Intensific\u0103 poten\u021bialul fructat al vinurilor. Acesta pune \u00een valoare notele de fructe \u0219i accentueaz\u0103 caracteristicile soiului.<\/li>\n<li>Reduce sau elimin\u0103 aromele de reducere.<\/li>\n<\/ul>\n<h3>DOZAJ<\/h3>\n<div class=\"page\" title=\"Pagina 1\">\n<div class=\"section\">\n<div class=\"layoutArea\">\n<div class=\"column\">\n<p>\u00cen procesul de vinificare, vinul este devalizat:<\/p>\n<\/div>\n<\/div>\n<\/div>\n<\/div>\n<div class=\"page\" title=\"Pagina 1\">\n<div class=\"section\">\n<div class=\"layoutArea\">\n<div class=\"column\">\n<p>Vinuri albe \u0219i roze 10-20 g\/hl<\/p>\n<p>Vinuri ro\u0219ii 10-40 g\/hl<\/p>\n<div class=\"page\" title=\"Pagina 1\">\n<div class=\"section\">\n<div class=\"layoutArea\">\n<div class=\"column\">\n<p>Vinuri ro\u0219ii 20-40 g\/hl<\/p>\n<\/div>\n<div class=\"page\" title=\"Pagina 1\">\n<div class=\"section\">\n<div class=\"layoutArea\">\n<div class=\"column\">\n<p>Acordare:<\/p>\n<\/div>\n<\/div>\n<\/div>\n<\/div>\n<div class=\"column\">\n<div class=\"page\" title=\"Pagina 1\">\n<div class=\"section\">\n<div class=\"layoutArea\">\n<div class=\"column\">\n<p>2-10 g\/hl Vinuri albe<\/p>\n<p>5-20 g\/hl Vinuri ro\u0219ii<\/p>\n<\/div>\n<\/div>\n<\/div>\n<\/div>\n<\/div>\n<\/div>\n<\/div>\n<\/div>\n<\/div>\n<\/div>\n<\/div>\n<\/div>\n","protected":false},"excerpt":{"rendered":"<p>Obiectivul fructelor: Intensific\u0103 poten\u021bialul fructat al vinurilor. Aplicat la vinuri \u00een timpul \u00eenvechirii sau \u00eenainte de \u00eembuteliere, acesta \u00eembun\u0103t\u0103\u021be\u0219te descriptorii de fructe ro\u0219ii \u0219i negre (cire\u0219e, c\u0103p\u0219uni, prune, afine), structur\u00e2ndu-le \u0219i rotunjindu-le \u00een acela\u0219i timp. \u00cen procesul de degresare, acesta nuan\u021beaz\u0103 \u0219i define\u0219te caracteristicile varietale.<\/p>\n","protected":false},"featured_media":21172,"template":"","meta":{"_acf_changed":false,"inline_featured_image":false,"site-sidebar-layout":"default","site-content-layout":"default","ast-site-content-layout":"default","site-content-style":"default","site-sidebar-style":"default","ast-global-header-display":"","ast-banner-title-visibility":"","ast-main-header-display":"","ast-hfb-above-header-display":"","ast-hfb-below-header-display":"","ast-hfb-mobile-header-display":"","site-post-title":"","ast-breadcrumbs-content":"","ast-featured-img":"","footer-sml-layout":"","ast-disable-related-posts":"","theme-transparent-header-meta":"default","adv-header-id-meta":"","stick-header-meta":"","header-above-stick-meta":"","header-main-stick-meta":"","header-below-stick-meta":"","astra-migrate-meta-layouts":"set","ast-page-background-enabled":"default","ast-page-background-meta":{"desktop":{"background-color":"var(--ast-global-color-5)","background-image":"","background-repeat":"repeat","background-position":"center center","background-size":"auto","background-attachment":"scroll","background-type":"","background-media":"","overlay-type":"","overlay-color":"","overlay-opacity":"","overlay-gradient":""},"tablet":{"background-color":"","background-image":"","background-repeat":"repeat","background-position":"center center","background-size":"auto","background-attachment":"scroll","background-type":"","background-media":"","overlay-type":"","overlay-color":"","overlay-opacity":"","overlay-gradient":""},"mobile":{"background-color":"","background-image":"","background-repeat":"repeat","background-position":"center center","background-size":"auto","background-attachment":"scroll","background-type":"","background-media":"","overlay-type":"","overlay-color":"","overlay-opacity":"","overlay-gradient":""}},"ast-content-background-meta":{"desktop":{"background-color":"var(--ast-global-color-4)","background-image":"","background-repeat":"repeat","background-position":"center center","background-size":"auto","background-attachment":"scroll","background-type":"","background-media":"","overlay-type":"","overlay-color":"","overlay-opacity":"","overlay-gradient":""},"tablet":{"background-color":"var(--ast-global-color-4)","background-image":"","background-repeat":"repeat","background-position":"center center","background-size":"auto","background-attachment":"scroll","background-type":"","background-media":"","overlay-type":"","overlay-color":"","overlay-opacity":"","overlay-gradient":""},"mobile":{"background-color":"var(--ast-global-color-4)","background-image":"","background-repeat":"repeat","background-position":"center center","background-size":"auto","background-attachment":"scroll","background-type":"","background-media":"","overlay-type":"","overlay-color":"","overlay-opacity":"","overlay-gradient":""}}},"product_brand":[],"product_cat":[224],"product_tag":[829],"class_list":{"0":"post-89762","1":"product","2":"type-product","3":"status-publish","4":"has-post-thumbnail","6":"product_cat-taninuri","7":"product_tag-taninuri-antioxidante","8":"pa_aplicacion-fa-fml-ru","9":"pa_ecologico-autorizat-eu","10":"pa_ecologico-autorizat-nop-usda","11":"pa_estilo-de-vino-alb","12":"pa_estilo-de-vino-rosu","13":"pa_estilo-de-vino-roz","14":"pa_objetivo-arome-crescute-de-fructe","15":"pa_objetivo-fin","16":"pa_objetivo-imbunatatirea-senzoriala","17":"pa_vegano-vegetarian","18":"desktop-align-left","19":"tablet-align-left","20":"mobile-align-left","22":"first","23":"instock","24":"virtual","25":"product-type-simple"},"acf":[],"_links":{"self":[{"href":"https:\/\/agrovin.com\/ro\/wp-json\/wp\/v2\/product\/89762","targetHints":{"allow":["GET"]}}],"collection":[{"href":"https:\/\/agrovin.com\/ro\/wp-json\/wp\/v2\/product"}],"about":[{"href":"https:\/\/agrovin.com\/ro\/wp-json\/wp\/v2\/types\/product"}],"version-history":[{"count":1,"href":"https:\/\/agrovin.com\/ro\/wp-json\/wp\/v2\/product\/89762\/revisions"}],"predecessor-version":[{"id":120289,"href":"https:\/\/agrovin.com\/ro\/wp-json\/wp\/v2\/product\/89762\/revisions\/120289"}],"wp:featuredmedia":[{"embeddable":true,"href":"https:\/\/agrovin.com\/ro\/wp-json\/wp\/v2\/media\/21172"}],"wp:attachment":[{"href":"https:\/\/agrovin.com\/ro\/wp-json\/wp\/v2\/media?parent=89762"}],"wp:term":[{"taxonomy":"product_brand","embeddable":true,"href":"https:\/\/agrovin.com\/ro\/wp-json\/wp\/v2\/product_brand?post=89762"},{"taxonomy":"product_cat","embeddable":true,"href":"https:\/\/agrovin.com\/ro\/wp-json\/wp\/v2\/product_cat?post=89762"},{"taxonomy":"product_tag","embeddable":true,"href":"https:\/\/agrovin.com\/ro\/wp-json\/wp\/v2\/product_tag?post=89762"}],"curies":[{"name":"wp","href":"https:\/\/api.w.org\/{rel}","templated":true}]}}