{"id":89757,"date":"2018-03-05T14:46:06","date_gmt":"2022-11-04T17:04:31","guid":{"rendered":"https:\/\/staging.agrovin.com\/fara-categorie\/tanicol-blanc-excellence\/"},"modified":"2025-06-27T10:48:51","modified_gmt":"2025-06-27T08:48:51","slug":"tanicol-blanc-excellence","status":"publish","type":"product","link":"https:\/\/agrovin.com\/ro\/produse-oenologice\/taninuri\/tanicol-blanc-excellence\/","title":{"rendered":"TANICOL BLANC EXCELLENCE"},"content":{"rendered":"<h3>CARACTERISTICI<\/h3>\n<p>Excelent pentru rafinarea vinurilor \u00een care intensitatea aromatic\u0103 este accentuat\u0103, sporind prospe\u021bimea \u0219i cresc\u00e2nd senza\u021biile de corp \u0219i volum \u00een gur\u0103.<\/p>\n<h3>APLICA\u021aIE<\/h3>\n<p>\u00cen vinifica\u021bie:<\/p>\n<ul>\n<li>Capacitate antioxidant\u0103 ridicat\u0103, f\u0103r\u0103 am\u0103r\u0103ciune sau duritate, datorit\u0103 con\u021binutului ridicat de taninuri din struguri. Contribuie la limitarea adaosului de sulf \u00een vinurile albe.<\/li>\n<li>Protejeaz\u0103 \u00eempotriva dezvolt\u0103rii culorii \u0219i aromei.<\/li>\n<li>Confer\u0103 vinului structur\u0103 \u00eentr-un mod integrat \u0219i echilibrat.<\/li>\n<li>Cre\u0219terea profilului aromatic al vinului.<\/li>\n<\/ul>\n<p>Rafinarea vinului:<\/p>\n<ul>\n<li>Red\u0103 tinere\u021bea vinurilor albe \u0219i ros\u00e9, conferindu-le o mare prospe\u021bime \u0219i o mai mare intensitate aromatic\u0103.<\/li>\n<li>Complexitate \u0219i longevitate crescute. Protejeaz\u0103 \u00eempotriva dezvolt\u0103rii culorii \u0219i aromei.<\/li>\n<li>Aduce din nou note de citrice, l\u0103m\u00e2ie, grapefruit sau iarb\u0103 proasp\u0103t\u0103 \u0219i note de tiol, \u00een func\u021bie de soiul de struguri.<\/li>\n<li>Reduce sau elimin\u0103 aromele de reducere.<\/li>\n<\/ul>\n<p>\u00cen produc\u021bia de vin spumant:<\/p>\n<ul>\n<li>Aplicarea sa la vinul de baz\u0103 face posibil\u0103 ob\u021binerea unor vinuri spumante proaspete, intense, rotunde \u0219i voluminoase, f\u0103r\u0103 note amare sau astringente.<\/li>\n<\/ul>\n<h3>DOZAJ<\/h3>\n<div class=\"page\" title=\"Pagina 1\">\n<div class=\"layoutArea\">\n<div class=\"column\">\n<p>Vinifica\u021bie<\/p>\n<\/div>\n<\/div>\n<div class=\"layoutArea\">\n<div class=\"column\">\n<div class=\"layoutArea\">\n<div class=\"column\">\n<p>Vinuri albe \u0219i roze: <span style=\"font-size: 16px;\">1-15 g\/hl <\/span><\/p>\n<\/div>\n<\/div>\n<\/div>\n<\/div>\n<div class=\"layoutArea\">\n<div class=\"column\">\n<p>Acordare<\/p>\n<p><span style=\"font-size: 16px;\">Vinuri albe: 1-10 g\/hl<\/span><\/p>\n<\/div>\n<\/div>\n<\/div>\n","protected":false},"excerpt":{"rendered":"<p><strong>Obiectiv prospe\u021bime.<\/strong> Prospe\u021bime \u0219i intensitate aromatic\u0103 \u00een vinurile albe. Intensific\u0103 aromele de citrice, flori \u0219i fructe proaspete \u0219i pline de via\u021b\u0103.<\/p>\n","protected":false},"featured_media":21166,"template":"","meta":{"_acf_changed":false,"inline_featured_image":false,"site-sidebar-layout":"default","site-content-layout":"default","ast-site-content-layout":"default","site-content-style":"default","site-sidebar-style":"default","ast-global-header-display":"","ast-banner-title-visibility":"","ast-main-header-display":"","ast-hfb-above-header-display":"","ast-hfb-below-header-display":"","ast-hfb-mobile-header-display":"","site-post-title":"","ast-breadcrumbs-content":"","ast-featured-img":"","footer-sml-layout":"","ast-disable-related-posts":"","theme-transparent-header-meta":"default","adv-header-id-meta":"","stick-header-meta":"","header-above-stick-meta":"","header-main-stick-meta":"","header-below-stick-meta":"","astra-migrate-meta-layouts":"set","ast-page-background-enabled":"default","ast-page-background-meta":{"desktop":{"background-color":"var(--ast-global-color-5)","background-image":"","background-repeat":"repeat","background-position":"center center","background-size":"auto","background-attachment":"scroll","background-type":"","background-media":"","overlay-type":"","overlay-color":"","overlay-opacity":"","overlay-gradient":""},"tablet":{"background-color":"","background-image":"","background-repeat":"repeat","background-position":"center center","background-size":"auto","background-attachment":"scroll","background-type":"","background-media":"","overlay-type":"","overlay-color":"","overlay-opacity":"","overlay-gradient":""},"mobile":{"background-color":"","background-image":"","background-repeat":"repeat","background-position":"center center","background-size":"auto","background-attachment":"scroll","background-type":"","background-media":"","overlay-type":"","overlay-color":"","overlay-opacity":"","overlay-gradient":""}},"ast-content-background-meta":{"desktop":{"background-color":"var(--ast-global-color-4)","background-image":"","background-repeat":"repeat","background-position":"center center","background-size":"auto","background-attachment":"scroll","background-type":"","background-media":"","overlay-type":"","overlay-color":"","overlay-opacity":"","overlay-gradient":""},"tablet":{"background-color":"var(--ast-global-color-4)","background-image":"","background-repeat":"repeat","background-position":"center center","background-size":"auto","background-attachment":"scroll","background-type":"","background-media":"","overlay-type":"","overlay-color":"","overlay-opacity":"","overlay-gradient":""},"mobile":{"background-color":"var(--ast-global-color-4)","background-image":"","background-repeat":"repeat","background-position":"center center","background-size":"auto","background-attachment":"scroll","background-type":"","background-media":"","overlay-type":"","overlay-color":"","overlay-opacity":"","overlay-gradient":""}}},"product_brand":[],"product_cat":[224],"product_tag":[829],"class_list":{"0":"post-89757","1":"product","2":"type-product","3":"status-publish","4":"has-post-thumbnail","6":"product_cat-taninuri","7":"product_tag-taninuri-antioxidante","8":"pa_ecologico-autorizat-eu","9":"pa_ecologico-autorizat-nop-usda","10":"pa_estilo-de-vino-alb","11":"pa_estilo-de-vino-butoi","12":"pa_estilo-de-vino-rosu","13":"pa_estilo-de-vino-roz","14":"pa_estilo-de-vino-sclipitor","15":"pa_objetivo-arome-crescute-de-fructe","16":"pa_objetivo-fin","17":"pa_objetivo-imbunatatirea-senzoriala","18":"pa_vegano-vegetarian","19":"desktop-align-left","20":"tablet-align-left","21":"mobile-align-left","23":"first","24":"instock","25":"virtual","26":"product-type-simple"},"acf":[],"_links":{"self":[{"href":"https:\/\/agrovin.com\/ro\/wp-json\/wp\/v2\/product\/89757","targetHints":{"allow":["GET"]}}],"collection":[{"href":"https:\/\/agrovin.com\/ro\/wp-json\/wp\/v2\/product"}],"about":[{"href":"https:\/\/agrovin.com\/ro\/wp-json\/wp\/v2\/types\/product"}],"version-history":[{"count":1,"href":"https:\/\/agrovin.com\/ro\/wp-json\/wp\/v2\/product\/89757\/revisions"}],"predecessor-version":[{"id":120493,"href":"https:\/\/agrovin.com\/ro\/wp-json\/wp\/v2\/product\/89757\/revisions\/120493"}],"wp:featuredmedia":[{"embeddable":true,"href":"https:\/\/agrovin.com\/ro\/wp-json\/wp\/v2\/media\/21166"}],"wp:attachment":[{"href":"https:\/\/agrovin.com\/ro\/wp-json\/wp\/v2\/media?parent=89757"}],"wp:term":[{"taxonomy":"product_brand","embeddable":true,"href":"https:\/\/agrovin.com\/ro\/wp-json\/wp\/v2\/product_brand?post=89757"},{"taxonomy":"product_cat","embeddable":true,"href":"https:\/\/agrovin.com\/ro\/wp-json\/wp\/v2\/product_cat?post=89757"},{"taxonomy":"product_tag","embeddable":true,"href":"https:\/\/agrovin.com\/ro\/wp-json\/wp\/v2\/product_tag?post=89757"}],"curies":[{"name":"wp","href":"https:\/\/api.w.org\/{rel}","templated":true}]}}