{"id":89741,"date":"2018-04-18T09:25:04","date_gmt":"2022-11-04T17:03:09","guid":{"rendered":"https:\/\/staging.agrovin.com\/fara-categorie\/silisol\/"},"modified":"2022-11-05T19:20:40","modified_gmt":"2022-11-05T18:20:40","slug":"silisol","status":"publish","type":"product","link":"https:\/\/agrovin.com\/ro\/produse-oenologice\/flotatie-produse-oenologice\/silisol\/","title":{"rendered":"SILISOL"},"content":{"rendered":"<h3>APLICA\u021aIE<\/h3>\n<p>Aplicarea sa \u00een orice tip de must, asociat\u0103 de obicei cu gelatina Vinigel \u0219i bentonita Maxibent, permite o flotare rapid\u0103 \u0219i eficient\u0103.<\/p>\n<p>Se recomand\u0103 utilizarea acestuia \u00een vinurile albe cu instabilitate proteic\u0103 ridicat\u0103, \u00een care este necesar\u0103 utilizarea unei doze mari de bentonit\u0103 pentru a stabiliza proba. Ad\u0103ugarea prealabil\u0103 de Silisol asigur\u0103 o pierdere mai mic\u0103 de arom\u0103 \u0219i, mai presus de toate, o mai mare compactare a drojdiei.<\/p>\n<h3>DOZAJ<\/h3>\n<div class=\"page\" title=\"Pagina 1\">\n<div class=\"section\">\n<div class=\"layoutArea\">\n<div class=\"column\">\n<p>MOSTO 10 &#8211; 20 ml\/hl<\/p>\n<p>VIN 30 &#8211; 100 ml\/hl<\/p>\n<\/div>\n<\/div>\n<\/div>\n<\/div>\n","protected":false},"excerpt":{"rendered":"<p>Silisol este o solu\u021bie coloidal\u0103 de 30% particule de siliciu \u00een faz\u0103 apoas\u0103. Utilizarea sa \u00eembun\u0103t\u0103\u021be\u0219te compactarea drojdiei de limpezire, acceler\u00e2nd sedimentarea. \u00cen procesul de flotare, permite formarea rapid\u0103 a flocilor compac\u021bi.<\/p>\n","protected":false},"featured_media":21835,"template":"","meta":{"_acf_changed":false,"inline_featured_image":false,"site-sidebar-layout":"default","site-content-layout":"default","ast-site-content-layout":"default","site-content-style":"default","site-sidebar-style":"default","ast-global-header-display":"","ast-banner-title-visibility":"","ast-main-header-display":"","ast-hfb-above-header-display":"","ast-hfb-below-header-display":"","ast-hfb-mobile-header-display":"","site-post-title":"","ast-breadcrumbs-content":"","ast-featured-img":"","footer-sml-layout":"","ast-disable-related-posts":"","theme-transparent-header-meta":"default","adv-header-id-meta":"","stick-header-meta":"","header-above-stick-meta":"","header-main-stick-meta":"","header-below-stick-meta":"","astra-migrate-meta-layouts":"default","ast-page-background-enabled":"default","ast-page-background-meta":{"desktop":{"background-color":"var(--ast-global-color-5)","background-image":"","background-repeat":"repeat","background-position":"center center","background-size":"auto","background-attachment":"scroll","background-type":"","background-media":"","overlay-type":"","overlay-color":"","overlay-opacity":"","overlay-gradient":""},"tablet":{"background-color":"","background-image":"","background-repeat":"repeat","background-position":"center center","background-size":"auto","background-attachment":"scroll","background-type":"","background-media":"","overlay-type":"","overlay-color":"","overlay-opacity":"","overlay-gradient":""},"mobile":{"background-color":"","background-image":"","background-repeat":"repeat","background-position":"center center","background-size":"auto","background-attachment":"scroll","background-type":"","background-media":"","overlay-type":"","overlay-color":"","overlay-opacity":"","overlay-gradient":""}},"ast-content-background-meta":{"desktop":{"background-color":"var(--ast-global-color-4)","background-image":"","background-repeat":"repeat","background-position":"center center","background-size":"auto","background-attachment":"scroll","background-type":"","background-media":"","overlay-type":"","overlay-color":"","overlay-opacity":"","overlay-gradient":""},"tablet":{"background-color":"var(--ast-global-color-4)","background-image":"","background-repeat":"repeat","background-position":"center center","background-size":"auto","background-attachment":"scroll","background-type":"","background-media":"","overlay-type":"","overlay-color":"","overlay-opacity":"","overlay-gradient":""},"mobile":{"background-color":"var(--ast-global-color-4)","background-image":"","background-repeat":"repeat","background-position":"center center","background-size":"auto","background-attachment":"scroll","background-type":"","background-media":"","overlay-type":"","overlay-color":"","overlay-opacity":"","overlay-gradient":""}}},"product_brand":[],"product_cat":[168,687],"product_tag":[863,501,800],"class_list":{"0":"post-89741","1":"product","2":"type-product","3":"status-publish","4":"has-post-thumbnail","6":"product_cat-clarificanti","7":"product_cat-flotatie-produse-oenologice","8":"product_tag-alergen-liber-ro-2","9":"product_tag-must-ro","10":"product_tag-vin-finit","11":"pa_aplicacion-struguri-si-must","12":"pa_ecologico-autorizat-eu","13":"pa_estilo-de-vino-alb","14":"pa_estilo-de-vino-rosu","15":"pa_estilo-de-vino-roz","16":"pa_objetivo-clarificare","17":"pa_origen-mineral-ro","18":"pa_tipo-fara-alergeni","19":"pa_vegano-vegetarian","20":"desktop-align-left","21":"tablet-align-left","22":"mobile-align-left","24":"first","25":"instock","26":"virtual","27":"product-type-simple"},"acf":[],"_links":{"self":[{"href":"https:\/\/agrovin.com\/ro\/wp-json\/wp\/v2\/product\/89741","targetHints":{"allow":["GET"]}}],"collection":[{"href":"https:\/\/agrovin.com\/ro\/wp-json\/wp\/v2\/product"}],"about":[{"href":"https:\/\/agrovin.com\/ro\/wp-json\/wp\/v2\/types\/product"}],"version-history":[{"count":0,"href":"https:\/\/agrovin.com\/ro\/wp-json\/wp\/v2\/product\/89741\/revisions"}],"wp:featuredmedia":[{"embeddable":true,"href":"https:\/\/agrovin.com\/ro\/wp-json\/wp\/v2\/media\/21835"}],"wp:attachment":[{"href":"https:\/\/agrovin.com\/ro\/wp-json\/wp\/v2\/media?parent=89741"}],"wp:term":[{"taxonomy":"product_brand","embeddable":true,"href":"https:\/\/agrovin.com\/ro\/wp-json\/wp\/v2\/product_brand?post=89741"},{"taxonomy":"product_cat","embeddable":true,"href":"https:\/\/agrovin.com\/ro\/wp-json\/wp\/v2\/product_cat?post=89741"},{"taxonomy":"product_tag","embeddable":true,"href":"https:\/\/agrovin.com\/ro\/wp-json\/wp\/v2\/product_tag?post=89741"}],"curies":[{"name":"wp","href":"https:\/\/api.w.org\/{rel}","templated":true}]}}