{"id":89736,"date":"2018-04-19T06:42:18","date_gmt":"2022-11-04T17:03:01","guid":{"rendered":"https:\/\/staging.agrovin.com\/fara-categorie\/gomasol-silk\/"},"modified":"2022-11-05T19:27:30","modified_gmt":"2022-11-05T18:27:30","slug":"gomasol-seda","status":"publish","type":"product","link":"https:\/\/agrovin.com\/ro\/produse-oenologice\/stabilizatori\/gomasol-seda\/","title":{"rendered":"GOMASOL SEDA"},"content":{"rendered":"<h3>CARACTERISTICI<\/h3>\n<ul>\n<li>Contribuie la caracteristicile senzoriale ale vinului, oferind densitate, volum \u0219i fine\u021be \u00een gur\u0103. -Atenueaz\u0103 \u0219i moduleaz\u0103 astringen\u021ba taninic\u0103 \u0219i ajut\u0103 la stabilitatea cristalin\u0103 \u0219i coloidal\u0103 a vinurilor.<\/li>\n<li>Aceasta provine din selec\u021bia strict\u0103 a celor mai bune materii prime \u0219i este ob\u021binut\u0103 printr-un proces de produc\u021bie natural, f\u0103r\u0103 adaos de agen\u021bi chimici, prin solubilizare \u0219i purificare, cu scopul de a men\u021bine dimensiunile \u0219i structura gumei practic intacte.<\/li>\n<li>GOMASOL SILK. Are o rat\u0103 sc\u0103zut\u0103 de \u00eenfundare.<\/li>\n<\/ul>\n<h3>APLICA\u021aIE<\/h3>\n<p>Folosit \u00een vinurile ro\u0219ii, ros\u00e9 sau albe, \u00eembun\u0103t\u0103\u021be\u0219te untuozitatea \u0219i rotunjimea \u00een gur\u0103.<\/p>\n<h3>DOZAJ<\/h3>\n<p>Gomasol SEDA:<span style=\"font-size: 16px;\">100-300 ml\/hl<\/span><\/p>\n","protected":false},"excerpt":{"rendered":"<p>Gomasol SEDA este o asociere de polizaharide vegetale (gum\u0103 arabic\u0103) \u0219i mannoproteine purificate, extrase termic din coji de drojdie selec\u021bionate (Saccharomyces cerevisiae).<\/p>\n","protected":false},"featured_media":13440,"template":"","meta":{"_acf_changed":false,"inline_featured_image":false,"site-sidebar-layout":"default","site-content-layout":"default","ast-site-content-layout":"default","site-content-style":"default","site-sidebar-style":"default","ast-global-header-display":"","ast-banner-title-visibility":"","ast-main-header-display":"","ast-hfb-above-header-display":"","ast-hfb-below-header-display":"","ast-hfb-mobile-header-display":"","site-post-title":"","ast-breadcrumbs-content":"","ast-featured-img":"","footer-sml-layout":"","ast-disable-related-posts":"","theme-transparent-header-meta":"default","adv-header-id-meta":"","stick-header-meta":"","header-above-stick-meta":"","header-main-stick-meta":"","header-below-stick-meta":"","astra-migrate-meta-layouts":"default","ast-page-background-enabled":"default","ast-page-background-meta":{"desktop":{"background-color":"var(--ast-global-color-5)","background-image":"","background-repeat":"repeat","background-position":"center center","background-size":"auto","background-attachment":"scroll","background-type":"","background-media":"","overlay-type":"","overlay-color":"","overlay-opacity":"","overlay-gradient":""},"tablet":{"background-color":"","background-image":"","background-repeat":"repeat","background-position":"center center","background-size":"auto","background-attachment":"scroll","background-type":"","background-media":"","overlay-type":"","overlay-color":"","overlay-opacity":"","overlay-gradient":""},"mobile":{"background-color":"","background-image":"","background-repeat":"repeat","background-position":"center center","background-size":"auto","background-attachment":"scroll","background-type":"","background-media":"","overlay-type":"","overlay-color":"","overlay-opacity":"","overlay-gradient":""}},"ast-content-background-meta":{"desktop":{"background-color":"var(--ast-global-color-4)","background-image":"","background-repeat":"repeat","background-position":"center center","background-size":"auto","background-attachment":"scroll","background-type":"","background-media":"","overlay-type":"","overlay-color":"","overlay-opacity":"","overlay-gradient":""},"tablet":{"background-color":"var(--ast-global-color-4)","background-image":"","background-repeat":"repeat","background-position":"center center","background-size":"auto","background-attachment":"scroll","background-type":"","background-media":"","overlay-type":"","overlay-color":"","overlay-opacity":"","overlay-gradient":""},"mobile":{"background-color":"var(--ast-global-color-4)","background-image":"","background-repeat":"repeat","background-position":"center center","background-size":"auto","background-attachment":"scroll","background-type":"","background-media":"","overlay-type":"","overlay-color":"","overlay-opacity":"","overlay-gradient":""}}},"product_brand":[],"product_cat":[183],"product_tag":[415],"class_list":{"0":"post-89736","1":"product","2":"type-product","3":"status-publish","4":"has-post-thumbnail","6":"product_cat-stabilizatori","7":"product_tag-stabilitatii-materiei-colorante","8":"pa_ecologico-autorizat-eu","9":"pa_ecologico-autorizat-nop-usda","10":"pa_estilo-de-vino-alb","11":"pa_estilo-de-vino-rosu","12":"pa_estilo-de-vino-roz","13":"pa_estilo-de-vino-sclipitor","14":"pa_objetivo-fin","15":"pa_objetivo-imbunatatirea-senzoriala","16":"pa_objetivo-stabilizare","17":"desktop-align-left","18":"tablet-align-left","19":"mobile-align-left","21":"first","22":"instock","23":"virtual","24":"product-type-simple"},"acf":[],"_links":{"self":[{"href":"https:\/\/agrovin.com\/ro\/wp-json\/wp\/v2\/product\/89736","targetHints":{"allow":["GET"]}}],"collection":[{"href":"https:\/\/agrovin.com\/ro\/wp-json\/wp\/v2\/product"}],"about":[{"href":"https:\/\/agrovin.com\/ro\/wp-json\/wp\/v2\/types\/product"}],"version-history":[{"count":0,"href":"https:\/\/agrovin.com\/ro\/wp-json\/wp\/v2\/product\/89736\/revisions"}],"wp:featuredmedia":[{"embeddable":true,"href":"https:\/\/agrovin.com\/ro\/wp-json\/wp\/v2\/media\/13440"}],"wp:attachment":[{"href":"https:\/\/agrovin.com\/ro\/wp-json\/wp\/v2\/media?parent=89736"}],"wp:term":[{"taxonomy":"product_brand","embeddable":true,"href":"https:\/\/agrovin.com\/ro\/wp-json\/wp\/v2\/product_brand?post=89736"},{"taxonomy":"product_cat","embeddable":true,"href":"https:\/\/agrovin.com\/ro\/wp-json\/wp\/v2\/product_cat?post=89736"},{"taxonomy":"product_tag","embeddable":true,"href":"https:\/\/agrovin.com\/ro\/wp-json\/wp\/v2\/product_tag?post=89736"}],"curies":[{"name":"wp","href":"https:\/\/api.w.org\/{rel}","templated":true}]}}