{"id":89721,"date":"2018-04-18T09:02:54","date_gmt":"2022-11-04T17:02:37","guid":{"rendered":"https:\/\/staging.agrovin.com\/fara-categorie\/maxibent-micro\/"},"modified":"2022-11-05T19:06:08","modified_gmt":"2022-11-05T18:06:08","slug":"maxibent-micro","status":"publish","type":"product","link":"https:\/\/agrovin.com\/ro\/produse-oenologice\/clarificanti\/maxibent-micro\/","title":{"rendered":"MAXIBENT MICRO"},"content":{"rendered":"<h3>CARACTERISTICI<\/h3>\n<p>Formatul s\u0103u granulat nu numai c\u0103 faciliteaz\u0103 dispersia \u0219i rehidratarea, dar garanteaz\u0103, de asemenea, absen\u021ba prafului.<\/p>\n<h3>APLICA\u021aIE<\/h3>\n<p>Maxibent Micro poate fi utilizat pentru toate tipurile de vin \u0219i este deosebit de potrivit pentru vinurile cu probleme de stabilitate a proteinelor (Verdejo, Sauvignon Blanc).<\/p>\n<h3>DOZAJ<\/h3>\n<p>Eliminarea proteinelor: 20 &#8211; 50 g\/hl<\/p>\n<p>Clarificare: 10 &#8211; 40 g\/hl<\/p>\n","protected":false},"excerpt":{"rendered":"<p>Maxibent Micro asigur\u0103 o deproteinizare complet\u0103 a vinului, ob\u021bin\u00e2nd o stabilitate complet\u0103 a proteinelor folosind doze mici \u0219i respect\u00e2nd astfel calit\u0103\u021bile organoleptice ale vinului.<\/p>\n","protected":false},"featured_media":21898,"template":"","meta":{"_acf_changed":false,"inline_featured_image":false,"site-sidebar-layout":"default","site-content-layout":"default","ast-site-content-layout":"default","site-content-style":"default","site-sidebar-style":"default","ast-global-header-display":"","ast-banner-title-visibility":"","ast-main-header-display":"","ast-hfb-above-header-display":"","ast-hfb-below-header-display":"","ast-hfb-mobile-header-display":"","site-post-title":"","ast-breadcrumbs-content":"","ast-featured-img":"","footer-sml-layout":"","ast-disable-related-posts":"","theme-transparent-header-meta":"default","adv-header-id-meta":"","stick-header-meta":"","header-above-stick-meta":"","header-main-stick-meta":"","header-below-stick-meta":"","astra-migrate-meta-layouts":"default","ast-page-background-enabled":"default","ast-page-background-meta":{"desktop":{"background-color":"var(--ast-global-color-5)","background-image":"","background-repeat":"repeat","background-position":"center center","background-size":"auto","background-attachment":"scroll","background-type":"","background-media":"","overlay-type":"","overlay-color":"","overlay-opacity":"","overlay-gradient":""},"tablet":{"background-color":"","background-image":"","background-repeat":"repeat","background-position":"center center","background-size":"auto","background-attachment":"scroll","background-type":"","background-media":"","overlay-type":"","overlay-color":"","overlay-opacity":"","overlay-gradient":""},"mobile":{"background-color":"","background-image":"","background-repeat":"repeat","background-position":"center center","background-size":"auto","background-attachment":"scroll","background-type":"","background-media":"","overlay-type":"","overlay-color":"","overlay-opacity":"","overlay-gradient":""}},"ast-content-background-meta":{"desktop":{"background-color":"var(--ast-global-color-4)","background-image":"","background-repeat":"repeat","background-position":"center center","background-size":"auto","background-attachment":"scroll","background-type":"","background-media":"","overlay-type":"","overlay-color":"","overlay-opacity":"","overlay-gradient":""},"tablet":{"background-color":"var(--ast-global-color-4)","background-image":"","background-repeat":"repeat","background-position":"center center","background-size":"auto","background-attachment":"scroll","background-type":"","background-media":"","overlay-type":"","overlay-color":"","overlay-opacity":"","overlay-gradient":""},"mobile":{"background-color":"var(--ast-global-color-4)","background-image":"","background-repeat":"repeat","background-position":"center center","background-size":"auto","background-attachment":"scroll","background-type":"","background-media":"","overlay-type":"","overlay-color":"","overlay-opacity":"","overlay-gradient":""}}},"product_brand":[],"product_cat":[168],"product_tag":[863,800],"class_list":{"0":"post-89721","1":"product","2":"type-product","3":"status-publish","4":"has-post-thumbnail","6":"product_cat-clarificanti","7":"product_tag-alergen-liber-ro-2","8":"product_tag-vin-finit","9":"pa_ecologico-autorizat-eu","10":"pa_estilo-de-vino-alb","11":"pa_estilo-de-vino-rosu","12":"pa_estilo-de-vino-roz","13":"pa_objetivo-clarificare","14":"pa_origen-animala","15":"pa_tipo-fara-alergeni","16":"pa_vegano-vegetarian","17":"desktop-align-left","18":"tablet-align-left","19":"mobile-align-left","21":"first","22":"instock","23":"virtual","24":"product-type-simple"},"acf":[],"_links":{"self":[{"href":"https:\/\/agrovin.com\/ro\/wp-json\/wp\/v2\/product\/89721","targetHints":{"allow":["GET"]}}],"collection":[{"href":"https:\/\/agrovin.com\/ro\/wp-json\/wp\/v2\/product"}],"about":[{"href":"https:\/\/agrovin.com\/ro\/wp-json\/wp\/v2\/types\/product"}],"version-history":[{"count":0,"href":"https:\/\/agrovin.com\/ro\/wp-json\/wp\/v2\/product\/89721\/revisions"}],"wp:featuredmedia":[{"embeddable":true,"href":"https:\/\/agrovin.com\/ro\/wp-json\/wp\/v2\/media\/21898"}],"wp:attachment":[{"href":"https:\/\/agrovin.com\/ro\/wp-json\/wp\/v2\/media?parent=89721"}],"wp:term":[{"taxonomy":"product_brand","embeddable":true,"href":"https:\/\/agrovin.com\/ro\/wp-json\/wp\/v2\/product_brand?post=89721"},{"taxonomy":"product_cat","embeddable":true,"href":"https:\/\/agrovin.com\/ro\/wp-json\/wp\/v2\/product_cat?post=89721"},{"taxonomy":"product_tag","embeddable":true,"href":"https:\/\/agrovin.com\/ro\/wp-json\/wp\/v2\/product_tag?post=89721"}],"curies":[{"name":"wp","href":"https:\/\/api.w.org\/{rel}","templated":true}]}}