{"id":89706,"date":"2018-04-18T08:54:28","date_gmt":"2022-11-04T17:02:13","guid":{"rendered":"https:\/\/staging.agrovin.com\/fara-categorie\/bengel\/"},"modified":"2022-11-05T18:58:29","modified_gmt":"2022-11-05T17:58:29","slug":"bengel","status":"publish","type":"product","link":"https:\/\/agrovin.com\/ro\/produse-oenologice\/clarificanti\/bengel\/","title":{"rendered":"BENGEL"},"content":{"rendered":"<h3>APLICA\u021aIE<\/h3>\n<p>Bengel este un clarificator recomandat pentru toate tipurile de musturi \u0219i vinuri.<\/p>\n<p>Recomandat pentru utilizarea \u00een colaje comune, \u00een cazul \u00een care capacitatea de adsorb\u021bie a proteinelor trebuie s\u0103 fie \u00eent\u0103rit\u0103 cu agen\u021bi suplimentari, cum ar fi solul de silice sau taninul oenologic.<\/p>\n<h3>DOZAJ<\/h3>\n<p>Colarea vinului 10 &#8211; 40 g\/hl<\/p>\n<p>Clarificarea mustului 40 &#8211; 100 g\/hl<\/p>\n","protected":false},"excerpt":{"rendered":"<p>Bengel ob\u021bine o ac\u021biune de clarificare bun\u0103 prin reducerea la minimum a volumului de n\u0103mol.<\/p>\n","protected":false},"featured_media":21876,"template":"","meta":{"_acf_changed":false,"inline_featured_image":false,"site-sidebar-layout":"default","site-content-layout":"default","ast-site-content-layout":"default","site-content-style":"default","site-sidebar-style":"default","ast-global-header-display":"","ast-banner-title-visibility":"","ast-main-header-display":"","ast-hfb-above-header-display":"","ast-hfb-below-header-display":"","ast-hfb-mobile-header-display":"","site-post-title":"","ast-breadcrumbs-content":"","ast-featured-img":"","footer-sml-layout":"","ast-disable-related-posts":"","theme-transparent-header-meta":"default","adv-header-id-meta":"","stick-header-meta":"","header-above-stick-meta":"","header-main-stick-meta":"","header-below-stick-meta":"","astra-migrate-meta-layouts":"default","ast-page-background-enabled":"default","ast-page-background-meta":{"desktop":{"background-color":"var(--ast-global-color-5)","background-image":"","background-repeat":"repeat","background-position":"center center","background-size":"auto","background-attachment":"scroll","background-type":"","background-media":"","overlay-type":"","overlay-color":"","overlay-opacity":"","overlay-gradient":""},"tablet":{"background-color":"","background-image":"","background-repeat":"repeat","background-position":"center center","background-size":"auto","background-attachment":"scroll","background-type":"","background-media":"","overlay-type":"","overlay-color":"","overlay-opacity":"","overlay-gradient":""},"mobile":{"background-color":"","background-image":"","background-repeat":"repeat","background-position":"center center","background-size":"auto","background-attachment":"scroll","background-type":"","background-media":"","overlay-type":"","overlay-color":"","overlay-opacity":"","overlay-gradient":""}},"ast-content-background-meta":{"desktop":{"background-color":"var(--ast-global-color-4)","background-image":"","background-repeat":"repeat","background-position":"center center","background-size":"auto","background-attachment":"scroll","background-type":"","background-media":"","overlay-type":"","overlay-color":"","overlay-opacity":"","overlay-gradient":""},"tablet":{"background-color":"var(--ast-global-color-4)","background-image":"","background-repeat":"repeat","background-position":"center center","background-size":"auto","background-attachment":"scroll","background-type":"","background-media":"","overlay-type":"","overlay-color":"","overlay-opacity":"","overlay-gradient":""},"mobile":{"background-color":"var(--ast-global-color-4)","background-image":"","background-repeat":"repeat","background-position":"center center","background-size":"auto","background-attachment":"scroll","background-type":"","background-media":"","overlay-type":"","overlay-color":"","overlay-opacity":"","overlay-gradient":""}}},"product_brand":[],"product_cat":[168],"product_tag":[863,800],"class_list":{"0":"post-89706","1":"product","2":"type-product","3":"status-publish","4":"has-post-thumbnail","6":"product_cat-clarificanti","7":"product_tag-alergen-liber-ro-2","8":"product_tag-vin-finit","9":"pa_aplicacion-struguri-si-must","10":"pa_ecologico-autorizat-eu","11":"pa_estilo-de-vino-alb","12":"pa_estilo-de-vino-rosu","13":"pa_estilo-de-vino-roz","14":"pa_objetivo-clarificare","15":"pa_origen-mineral-ro","16":"pa_tipo-fara-alergeni","17":"pa_vegano-vegetarian","18":"desktop-align-left","19":"tablet-align-left","20":"mobile-align-left","22":"first","23":"instock","24":"virtual","25":"product-type-simple"},"acf":[],"_links":{"self":[{"href":"https:\/\/agrovin.com\/ro\/wp-json\/wp\/v2\/product\/89706","targetHints":{"allow":["GET"]}}],"collection":[{"href":"https:\/\/agrovin.com\/ro\/wp-json\/wp\/v2\/product"}],"about":[{"href":"https:\/\/agrovin.com\/ro\/wp-json\/wp\/v2\/types\/product"}],"version-history":[{"count":0,"href":"https:\/\/agrovin.com\/ro\/wp-json\/wp\/v2\/product\/89706\/revisions"}],"wp:featuredmedia":[{"embeddable":true,"href":"https:\/\/agrovin.com\/ro\/wp-json\/wp\/v2\/media\/21876"}],"wp:attachment":[{"href":"https:\/\/agrovin.com\/ro\/wp-json\/wp\/v2\/media?parent=89706"}],"wp:term":[{"taxonomy":"product_brand","embeddable":true,"href":"https:\/\/agrovin.com\/ro\/wp-json\/wp\/v2\/product_brand?post=89706"},{"taxonomy":"product_cat","embeddable":true,"href":"https:\/\/agrovin.com\/ro\/wp-json\/wp\/v2\/product_cat?post=89706"},{"taxonomy":"product_tag","embeddable":true,"href":"https:\/\/agrovin.com\/ro\/wp-json\/wp\/v2\/product_tag?post=89706"}],"curies":[{"name":"wp","href":"https:\/\/api.w.org\/{rel}","templated":true}]}}