{"id":89701,"date":"2018-04-18T08:14:59","date_gmt":"2022-11-04T17:02:05","guid":{"rendered":"https:\/\/staging.agrovin.com\/fara-categorie\/vinigel-cristal\/"},"modified":"2022-11-05T18:46:28","modified_gmt":"2022-11-05T17:46:28","slug":"vinigel-cristal","status":"publish","type":"product","link":"https:\/\/agrovin.com\/ro\/produse-oenologice\/flotatie-produse-oenologice\/vinigel-cristal\/","title":{"rendered":"VINIGEL CRISTAL"},"content":{"rendered":"<h3>CARACTERISTICI<\/h3>\n<p>Ac\u021biunea de afinare excelent\u0103, care echilibreaz\u0103 \u00een mod eficient structura polifenolic\u0103, av\u00e2nd grij\u0103 de structura vinului. Vinul \u00ee\u0219i p\u0103streaz\u0103 poten\u021bialul de \u00eenvechire \u0219i calit\u0103\u021bile aromatice. Forma sa lichid\u0103 \u00eel face u\u0219or de utilizat. Datorit\u0103 gradului s\u0103u sc\u0103zut de hidroliz\u0103, nu produce supradimensionare.<\/p>\n<h3>APLICA\u021aIE<\/h3>\n<p>Clarificarea vinurilor ro\u0219ii structurate cu \u00eenc\u0103rc\u0103tur\u0103 polifenolic\u0103 mare, a vinurilor ro\u0219ii \u00eenvechite \u0219i a vinurilor albe \u0219i ros\u00e9. Aplica\u021bia sa este adecvat\u0103 pentru vinurile de \u00eenalt\u0103 calitate, unde respectarea expresiei soiului este esen\u021bial\u0103 \u00een timpul tratamentelor de afinare. Potrivit pentru flotarea mustului<\/p>\n<h3>DOZAJ<\/h3>\n<div class=\"page\" title=\"Pagina 1\">\n<div class=\"section\">\n<div class=\"layoutArea\">\n<div class=\"column\">\n<p>Must\/vin 50-250 ml\/hl<\/p>\n<\/div>\n<\/div>\n<\/div>\n<\/div>\n","protected":false},"excerpt":{"rendered":"<p>Vinigel CRISTAL este o gelatin\u0103 lichid\u0103 purificat\u0103 \u0219i u\u0219or hidrolizat\u0103, ob\u021binut\u0103 din substan\u021be de colagen.<\/p>\n","protected":false},"featured_media":21821,"template":"","meta":{"_acf_changed":false,"inline_featured_image":false,"site-sidebar-layout":"default","site-content-layout":"default","ast-site-content-layout":"default","site-content-style":"default","site-sidebar-style":"default","ast-global-header-display":"","ast-banner-title-visibility":"","ast-main-header-display":"","ast-hfb-above-header-display":"","ast-hfb-below-header-display":"","ast-hfb-mobile-header-display":"","site-post-title":"","ast-breadcrumbs-content":"","ast-featured-img":"","footer-sml-layout":"","ast-disable-related-posts":"","theme-transparent-header-meta":"default","adv-header-id-meta":"","stick-header-meta":"","header-above-stick-meta":"","header-main-stick-meta":"","header-below-stick-meta":"","astra-migrate-meta-layouts":"default","ast-page-background-enabled":"default","ast-page-background-meta":{"desktop":{"background-color":"var(--ast-global-color-5)","background-image":"","background-repeat":"repeat","background-position":"center center","background-size":"auto","background-attachment":"scroll","background-type":"","background-media":"","overlay-type":"","overlay-color":"","overlay-opacity":"","overlay-gradient":""},"tablet":{"background-color":"","background-image":"","background-repeat":"repeat","background-position":"center center","background-size":"auto","background-attachment":"scroll","background-type":"","background-media":"","overlay-type":"","overlay-color":"","overlay-opacity":"","overlay-gradient":""},"mobile":{"background-color":"","background-image":"","background-repeat":"repeat","background-position":"center center","background-size":"auto","background-attachment":"scroll","background-type":"","background-media":"","overlay-type":"","overlay-color":"","overlay-opacity":"","overlay-gradient":""}},"ast-content-background-meta":{"desktop":{"background-color":"var(--ast-global-color-4)","background-image":"","background-repeat":"repeat","background-position":"center center","background-size":"auto","background-attachment":"scroll","background-type":"","background-media":"","overlay-type":"","overlay-color":"","overlay-opacity":"","overlay-gradient":""},"tablet":{"background-color":"var(--ast-global-color-4)","background-image":"","background-repeat":"repeat","background-position":"center center","background-size":"auto","background-attachment":"scroll","background-type":"","background-media":"","overlay-type":"","overlay-color":"","overlay-opacity":"","overlay-gradient":""},"mobile":{"background-color":"var(--ast-global-color-4)","background-image":"","background-repeat":"repeat","background-position":"center center","background-size":"auto","background-attachment":"scroll","background-type":"","background-media":"","overlay-type":"","overlay-color":"","overlay-opacity":"","overlay-gradient":""}}},"product_brand":[],"product_cat":[168,687],"product_tag":[863,501,800],"class_list":{"0":"post-89701","1":"product","2":"type-product","3":"status-publish","4":"has-post-thumbnail","6":"product_cat-clarificanti","7":"product_cat-flotatie-produse-oenologice","8":"product_tag-alergen-liber-ro-2","9":"product_tag-must-ro","10":"product_tag-vin-finit","11":"pa_aplicacion-struguri-si-must","12":"pa_ecologico-autorizat-eu","13":"pa_ecologico-autorizat-nop-usda","14":"pa_estilo-de-vino-alb","15":"pa_estilo-de-vino-butoi","16":"pa_estilo-de-vino-rosu","17":"pa_estilo-de-vino-roz","18":"pa_objetivo-clarificare","19":"pa_objetivo-stabilitatea-culorii","20":"pa_origen-animala","21":"pa_tipo-fara-alergeni","22":"desktop-align-left","23":"tablet-align-left","24":"mobile-align-left","26":"first","27":"instock","28":"virtual","29":"product-type-simple"},"acf":[],"_links":{"self":[{"href":"https:\/\/agrovin.com\/ro\/wp-json\/wp\/v2\/product\/89701","targetHints":{"allow":["GET"]}}],"collection":[{"href":"https:\/\/agrovin.com\/ro\/wp-json\/wp\/v2\/product"}],"about":[{"href":"https:\/\/agrovin.com\/ro\/wp-json\/wp\/v2\/types\/product"}],"version-history":[{"count":0,"href":"https:\/\/agrovin.com\/ro\/wp-json\/wp\/v2\/product\/89701\/revisions"}],"wp:featuredmedia":[{"embeddable":true,"href":"https:\/\/agrovin.com\/ro\/wp-json\/wp\/v2\/media\/21821"}],"wp:attachment":[{"href":"https:\/\/agrovin.com\/ro\/wp-json\/wp\/v2\/media?parent=89701"}],"wp:term":[{"taxonomy":"product_brand","embeddable":true,"href":"https:\/\/agrovin.com\/ro\/wp-json\/wp\/v2\/product_brand?post=89701"},{"taxonomy":"product_cat","embeddable":true,"href":"https:\/\/agrovin.com\/ro\/wp-json\/wp\/v2\/product_cat?post=89701"},{"taxonomy":"product_tag","embeddable":true,"href":"https:\/\/agrovin.com\/ro\/wp-json\/wp\/v2\/product_tag?post=89701"}],"curies":[{"name":"wp","href":"https:\/\/api.w.org\/{rel}","templated":true}]}}