{"id":89656,"date":"2018-04-12T11:32:26","date_gmt":"2022-11-04T17:00:48","guid":{"rendered":"https:\/\/staging.agrovin.com\/fara-categorie\/gomasol-optima\/"},"modified":"2024-04-23T16:15:14","modified_gmt":"2024-04-23T15:15:14","slug":"gomasol-optima","status":"publish","type":"product","link":"https:\/\/agrovin.com\/ro\/produse-oenologice\/stabilizatori\/gomasol-optima\/","title":{"rendered":"GOMASOL \u00d3PTIMA"},"content":{"rendered":"<h3>CARACTERISTICI<\/h3>\n<ul>\n<li>Formulat special pentru a oferi o protec\u021bie cu spectru larg. Pe de o parte, contribuie la stabilitatea tartric\u0103 a vinului \u0219i, \u00een acela\u0219i timp, ofer\u0103 o bun\u0103 protec\u021bie pentru materia colorant\u0103.<\/li>\n<li>Gomasol \u00d3PTIMA spore\u0219te senza\u021biile de corp \u0219i fine\u021be \u00een gur\u0103, respect\u00e2nd caracteristicile aromatice ale vinului.<\/li>\n<li>Aceasta provine din selec\u021bia strict\u0103 a celor mai bune materii prime \u0219i este ob\u021binut\u0103 printr-un proces de produc\u021bie natural, f\u0103r\u0103 adaos de agen\u021bi chimici, prin solubilizare \u0219i purificare, al c\u0103rui scop este de a men\u021bine dimensiunile \u0219i structura gumei practic intacte.<\/li>\n<li>Gomasol \u00d3PTIMA. Are o rat\u0103 sc\u0103zut\u0103 de \u00eenfundare.<\/li>\n<\/ul>\n<h3>APLICA\u021aIE<\/h3>\n<p>Se utilizeaz\u0103 \u00een vinurile ro\u0219ii, ros\u00e9 sau albe \u00een care se caut\u0103 stabilitate general\u0103.<\/p>\n<h3>DOZAJ<\/h3>\n<div class=\"page\" title=\"Pagina 2\">\n<div class=\"layoutArea\">\n<div class=\"column\">\n<p>VINURI TINERE: 100-200 ml\/hl<\/p>\n<p>VINURI MAI VECHI DE UN AN: 70-100 ml\/hl<\/p>\n<\/div>\n<\/div>\n<\/div>\n","protected":false},"excerpt":{"rendered":"<p>Gomasol \u00d3PTIMA este o solu\u021bie concentrat\u0103 de gum\u0103 arabic\u0103 natural\u0103, purificat\u0103, gata de utilizare, care are ca scop stabilitatea coloidal\u0103.<\/p>\n","protected":false},"featured_media":22219,"template":"","meta":{"_acf_changed":false,"inline_featured_image":false,"site-sidebar-layout":"default","site-content-layout":"default","ast-site-content-layout":"default","site-content-style":"default","site-sidebar-style":"default","ast-global-header-display":"","ast-banner-title-visibility":"","ast-main-header-display":"","ast-hfb-above-header-display":"","ast-hfb-below-header-display":"","ast-hfb-mobile-header-display":"","site-post-title":"","ast-breadcrumbs-content":"","ast-featured-img":"","footer-sml-layout":"","ast-disable-related-posts":"","theme-transparent-header-meta":"default","adv-header-id-meta":"","stick-header-meta":"","header-above-stick-meta":"","header-main-stick-meta":"","header-below-stick-meta":"","astra-migrate-meta-layouts":"default","ast-page-background-enabled":"default","ast-page-background-meta":{"desktop":{"background-color":"var(--ast-global-color-5)","background-image":"","background-repeat":"repeat","background-position":"center center","background-size":"auto","background-attachment":"scroll","background-type":"","background-media":"","overlay-type":"","overlay-color":"","overlay-opacity":"","overlay-gradient":""},"tablet":{"background-color":"","background-image":"","background-repeat":"repeat","background-position":"center center","background-size":"auto","background-attachment":"scroll","background-type":"","background-media":"","overlay-type":"","overlay-color":"","overlay-opacity":"","overlay-gradient":""},"mobile":{"background-color":"","background-image":"","background-repeat":"repeat","background-position":"center center","background-size":"auto","background-attachment":"scroll","background-type":"","background-media":"","overlay-type":"","overlay-color":"","overlay-opacity":"","overlay-gradient":""}},"ast-content-background-meta":{"desktop":{"background-color":"var(--ast-global-color-4)","background-image":"","background-repeat":"repeat","background-position":"center center","background-size":"auto","background-attachment":"scroll","background-type":"","background-media":"","overlay-type":"","overlay-color":"","overlay-opacity":"","overlay-gradient":""},"tablet":{"background-color":"var(--ast-global-color-4)","background-image":"","background-repeat":"repeat","background-position":"center center","background-size":"auto","background-attachment":"scroll","background-type":"","background-media":"","overlay-type":"","overlay-color":"","overlay-opacity":"","overlay-gradient":""},"mobile":{"background-color":"var(--ast-global-color-4)","background-image":"","background-repeat":"repeat","background-position":"center center","background-size":"auto","background-attachment":"scroll","background-type":"","background-media":"","overlay-type":"","overlay-color":"","overlay-opacity":"","overlay-gradient":""}}},"product_brand":[],"product_cat":[183],"product_tag":[805],"class_list":{"0":"post-89656","1":"product","2":"type-product","3":"status-publish","4":"has-post-thumbnail","6":"product_cat-stabilizatori","7":"product_tag-stabilizare-coloidala","8":"pa_ecologico-autorizat-eu","9":"pa_ecologico-autorizat-nop-usda","10":"pa_estilo-de-vino-alb","11":"pa_estilo-de-vino-butoi","12":"pa_estilo-de-vino-rosu","13":"pa_estilo-de-vino-roz","14":"pa_estilo-de-vino-sclipitor","15":"pa_objetivo-fin","16":"pa_objetivo-imbunatatirea-senzoriala","17":"pa_objetivo-stabilizare","18":"pa_vegano-vegetarian","19":"desktop-align-left","20":"tablet-align-left","21":"mobile-align-left","23":"first","24":"instock","25":"virtual","26":"product-type-simple"},"acf":[],"_links":{"self":[{"href":"https:\/\/agrovin.com\/ro\/wp-json\/wp\/v2\/product\/89656","targetHints":{"allow":["GET"]}}],"collection":[{"href":"https:\/\/agrovin.com\/ro\/wp-json\/wp\/v2\/product"}],"about":[{"href":"https:\/\/agrovin.com\/ro\/wp-json\/wp\/v2\/types\/product"}],"version-history":[{"count":0,"href":"https:\/\/agrovin.com\/ro\/wp-json\/wp\/v2\/product\/89656\/revisions"}],"wp:featuredmedia":[{"embeddable":true,"href":"https:\/\/agrovin.com\/ro\/wp-json\/wp\/v2\/media\/22219"}],"wp:attachment":[{"href":"https:\/\/agrovin.com\/ro\/wp-json\/wp\/v2\/media?parent=89656"}],"wp:term":[{"taxonomy":"product_brand","embeddable":true,"href":"https:\/\/agrovin.com\/ro\/wp-json\/wp\/v2\/product_brand?post=89656"},{"taxonomy":"product_cat","embeddable":true,"href":"https:\/\/agrovin.com\/ro\/wp-json\/wp\/v2\/product_cat?post=89656"},{"taxonomy":"product_tag","embeddable":true,"href":"https:\/\/agrovin.com\/ro\/wp-json\/wp\/v2\/product_tag?post=89656"}],"curies":[{"name":"wp","href":"https:\/\/api.w.org\/{rel}","templated":true}]}}