{"id":89636,"date":"2018-03-28T14:50:35","date_gmt":"2022-11-04T17:00:16","guid":{"rendered":"https:\/\/staging.agrovin.com\/fara-categorie\/actimax-xl\/"},"modified":"2022-11-06T09:38:54","modified_gmt":"2022-11-06T08:38:54","slug":"actimax-xl","status":"publish","type":"product","link":"https:\/\/agrovin.com\/ro\/produse-oenologice\/nutrienti\/actimax-xl\/","title":{"rendered":"ACTIMAX XL"},"content":{"rendered":"<h3>CARACTERISTICI<\/h3>\n<p>Ad\u0103ugarea sa \u00een must cre\u0219te azotul u\u0219or asimilabil, asigur\u00e2nd o completare ideal\u0103 \u00een azot organic \u0219i anorganic, \u00eembun\u0103t\u0103\u021bind semnificativ condi\u021biile de mediu pentru dezvoltarea rapid\u0103 a drojdiilor, scurt\u00e2nd faza de laten\u021b\u0103 \u0219i asigur\u00e2nd prevalen\u021ba tulpinii inoculate fa\u021b\u0103 de popula\u021bia autohton\u0103.<\/p>\n<p>Previne apari\u021bia defectelor senzoriale asociate cu deficien\u021be nutritive, cum ar fi problemele de reducere: SH2 \u0219i derivate. Scade produc\u021bia de aciditate volatil\u0103. \u00cembun\u0103t\u0103\u021be\u0219te con\u021binutul de esteri aromatici.<\/p>\n<p>Drojdiile inactive furnizeaz\u0103, de asemenea, steroli \u0219i acizi gra\u0219i cu lan\u021b lung, elemente de rezisten\u021b\u0103 celular\u0103. De asemenea, acestea protejeaz\u0103 drojdiile \u00eensele prin legarea inhibitorilor toxici, cum ar fi acizii gra\u0219i C8-C12 sau reziduurile de pesticide.<\/p>\n<p>Alimentarea cu azot de amoniu cu Actimax XL se face exclusiv sub form\u0103 de fosfat de amoniu.<\/p>\n<h3>APLICA\u021aIE<\/h3>\n<p>Actimax XL este conceput pentru a asigura o eficacitate nutri\u021bional\u0103 maxim\u0103 \u00een recipiente de volum mare.<\/p>\n<ul>\n<li>Ofer\u0103 suport celular \u00een timpul fermenta\u021biei, fermenta\u021bii mai omogene \u0219i mai regulate.<\/li>\n<li>Capacitate mare de absorb\u021bie a compu\u0219ilor toxici de toate tipurile (pesticide, toxine fungice) \u0219i a acizilor gra\u0219i cu lan\u021b scurt genera\u021bi \u00een fermenta\u021bii cu aerare redus\u0103 sau f\u0103r\u0103 aerare.<\/li>\n<li>Prin reglarea cineticii de fermentare \u0219i prin aportul de elemente esen\u021biale pentru fermenta\u021biile de volum mare (acizi gra\u0219i cu lan\u021b lung, ergosterol), previne \u0219i combate fermenta\u021biile blocate \u0219i fermenta\u021biile lente.<\/li>\n<\/ul>\n<h3>DOZAJ<\/h3>\n<div class=\"page\" title=\"Pagina 2\">\n<div class=\"layoutArea\">\n<div class=\"column\">\n<p>Condi\u021bii normale de fermentare: 10-20 g\/hl<\/p>\n<p>Condi\u021bii dificile: 20-30 g\/hl<\/p>\n<p>Utilizare curativ\u0103: oprirea fermenta\u021biei: <span style=\"font-size: 16px;\">30-40 g\/hl<\/span><\/p>\n<\/div>\n<\/div>\n<\/div>\n","protected":false},"excerpt":{"rendered":"<p>Actimax XL este un activator de fermenta\u021bie alcoolic\u0103 formulat pentru fermenta\u021bii optime \u00een rezervoare de capacitate mare. Acesta \u00eencorporeaz\u0103 celuloz\u0103 pentru a \u00eembun\u0103t\u0103\u021bi dispersia celulelor \u0219i compactarea drojdiei.<\/p>\n","protected":false},"featured_media":42599,"template":"","meta":{"_acf_changed":false,"inline_featured_image":false,"site-sidebar-layout":"default","site-content-layout":"default","ast-site-content-layout":"default","site-content-style":"default","site-sidebar-style":"default","ast-global-header-display":"","ast-banner-title-visibility":"","ast-main-header-display":"","ast-hfb-above-header-display":"","ast-hfb-below-header-display":"","ast-hfb-mobile-header-display":"","site-post-title":"","ast-breadcrumbs-content":"","ast-featured-img":"","footer-sml-layout":"","ast-disable-related-posts":"","theme-transparent-header-meta":"default","adv-header-id-meta":"","stick-header-meta":"","header-above-stick-meta":"","header-main-stick-meta":"","header-below-stick-meta":"","astra-migrate-meta-layouts":"default","ast-page-background-enabled":"default","ast-page-background-meta":{"desktop":{"background-color":"var(--ast-global-color-5)","background-image":"","background-repeat":"repeat","background-position":"center center","background-size":"auto","background-attachment":"scroll","background-type":"","background-media":"","overlay-type":"","overlay-color":"","overlay-opacity":"","overlay-gradient":""},"tablet":{"background-color":"","background-image":"","background-repeat":"repeat","background-position":"center center","background-size":"auto","background-attachment":"scroll","background-type":"","background-media":"","overlay-type":"","overlay-color":"","overlay-opacity":"","overlay-gradient":""},"mobile":{"background-color":"","background-image":"","background-repeat":"repeat","background-position":"center center","background-size":"auto","background-attachment":"scroll","background-type":"","background-media":"","overlay-type":"","overlay-color":"","overlay-opacity":"","overlay-gradient":""}},"ast-content-background-meta":{"desktop":{"background-color":"var(--ast-global-color-4)","background-image":"","background-repeat":"repeat","background-position":"center center","background-size":"auto","background-attachment":"scroll","background-type":"","background-media":"","overlay-type":"","overlay-color":"","overlay-opacity":"","overlay-gradient":""},"tablet":{"background-color":"var(--ast-global-color-4)","background-image":"","background-repeat":"repeat","background-position":"center center","background-size":"auto","background-attachment":"scroll","background-type":"","background-media":"","overlay-type":"","overlay-color":"","overlay-opacity":"","overlay-gradient":""},"mobile":{"background-color":"var(--ast-global-color-4)","background-image":"","background-repeat":"repeat","background-position":"center center","background-size":"auto","background-attachment":"scroll","background-type":"","background-media":"","overlay-type":"","overlay-color":"","overlay-opacity":"","overlay-gradient":""}}},"product_brand":[],"product_cat":[213],"product_tag":[299],"class_list":{"0":"post-89636","1":"product","2":"type-product","3":"status-publish","4":"has-post-thumbnail","6":"product_cat-nutrienti","7":"product_tag-nutrienti-combinati","8":"pa_aplicacion-fa-fml-ru","9":"pa_composicion-complex-ro","10":"pa_ecologico-autorizat-eu","11":"pa_estilo-de-vino-alb","12":"pa_estilo-de-vino-roz","13":"pa_estilo-de-vino-sclipitor","14":"pa_vegano-vegetarian","15":"desktop-align-left","16":"tablet-align-left","17":"mobile-align-left","19":"first","20":"instock","21":"virtual","22":"product-type-simple"},"acf":[],"_links":{"self":[{"href":"https:\/\/agrovin.com\/ro\/wp-json\/wp\/v2\/product\/89636","targetHints":{"allow":["GET"]}}],"collection":[{"href":"https:\/\/agrovin.com\/ro\/wp-json\/wp\/v2\/product"}],"about":[{"href":"https:\/\/agrovin.com\/ro\/wp-json\/wp\/v2\/types\/product"}],"version-history":[{"count":0,"href":"https:\/\/agrovin.com\/ro\/wp-json\/wp\/v2\/product\/89636\/revisions"}],"wp:featuredmedia":[{"embeddable":true,"href":"https:\/\/agrovin.com\/ro\/wp-json\/wp\/v2\/media\/42599"}],"wp:attachment":[{"href":"https:\/\/agrovin.com\/ro\/wp-json\/wp\/v2\/media?parent=89636"}],"wp:term":[{"taxonomy":"product_brand","embeddable":true,"href":"https:\/\/agrovin.com\/ro\/wp-json\/wp\/v2\/product_brand?post=89636"},{"taxonomy":"product_cat","embeddable":true,"href":"https:\/\/agrovin.com\/ro\/wp-json\/wp\/v2\/product_cat?post=89636"},{"taxonomy":"product_tag","embeddable":true,"href":"https:\/\/agrovin.com\/ro\/wp-json\/wp\/v2\/product_tag?post=89636"}],"curies":[{"name":"wp","href":"https:\/\/api.w.org\/{rel}","templated":true}]}}