{"id":89631,"date":"2018-03-07T16:40:26","date_gmt":"2022-11-04T17:00:07","guid":{"rendered":"https:\/\/staging.agrovin.com\/fara-categorie\/bicarbonat-de-potasiu\/"},"modified":"2023-03-06T17:52:16","modified_gmt":"2023-03-06T16:52:16","slug":"bicarbonat-de-potasiu","status":"publish","type":"product","link":"https:\/\/agrovin.com\/ro\/produse-oenologice\/acidifiant-dezacidifiant-produse-oenologice\/bicarbonat-de-potasiu\/","title":{"rendered":"BICARBONAT DE POTASIU"},"content":{"rendered":"<h3>APLICA\u021aIE<\/h3>\n<ul>\n<li>La recoltare, ca un dezacidificator de must.<\/li>\n<li>\u00cen vinurile albe, ros\u00e9 \u0219i ro\u0219ii pentru corectarea acidit\u0103\u021bii \u00een timpul procesului de vinificare.<\/li>\n<\/ul>\n<h3>DOZAJ<\/h3>\n<ul>\n<li>Must\/vin 0,2 &#8211; 1 g\/.<\/li>\n<\/ul>\n<p>Deacidificarea maxim\u0103 admis\u0103 \u00een vinuri este de 1 g\/l exprimat\u0103 \u00een acid tartric, ceea ce corespunde unei doze de bicarbonat de potasiu de 1,3 g\/l.<br \/>\nAcest produs poate face obiectul unei declara\u021bii.<\/p>\n<p>Note:<br \/>\n<strong>1. <\/strong>Bicarbonatul de potasiu reac\u021bioneaz\u0103 exclusiv cu acidul tartric pentru a forma bitartrat de potasiu.<br \/>\nDup\u0103 stabilizarea la rece, acesta va precipita, ceea ce duce la o sc\u0103dere suplimentar\u0103 a acidit\u0103\u021bii totale.<\/p>\n<p><strong>2.<\/strong> \u00cen cazul \u00een care se aplic\u0103 \u00eenainte de \u00eembuteliere, a\u0219tepta\u021bi 4-6 s\u0103pt\u0103m\u00e2ni \u00eenainte de \u00eembuteliere.<\/p>\n<p>&nbsp;<\/p>\n<p>&nbsp;<\/p>\n","protected":false},"excerpt":{"rendered":"<p>Bicarbonatul de potasiu (E-501) este un agent de dezacidificare care modific\u0103 pH-ul prin reducerea acidit\u0103\u021bii. Atunci c\u00e2nd este ad\u0103ugat \u00een must sau \u00een vin, reac\u021bioneaz\u0103 cu acidul tartric, produc\u00e2nd bitartrat de potasiu, care este efectiv insolubilizat.<\/p>\n","protected":false},"featured_media":34385,"template":"","meta":{"_acf_changed":false,"inline_featured_image":false,"site-sidebar-layout":"default","site-content-layout":"default","ast-site-content-layout":"default","site-content-style":"default","site-sidebar-style":"default","ast-global-header-display":"","ast-banner-title-visibility":"","ast-main-header-display":"","ast-hfb-above-header-display":"","ast-hfb-below-header-display":"","ast-hfb-mobile-header-display":"","site-post-title":"","ast-breadcrumbs-content":"","ast-featured-img":"","footer-sml-layout":"","ast-disable-related-posts":"","theme-transparent-header-meta":"default","adv-header-id-meta":"","stick-header-meta":"","header-above-stick-meta":"","header-main-stick-meta":"","header-below-stick-meta":"","astra-migrate-meta-layouts":"default","ast-page-background-enabled":"default","ast-page-background-meta":{"desktop":{"background-color":"var(--ast-global-color-5)","background-image":"","background-repeat":"repeat","background-position":"center center","background-size":"auto","background-attachment":"scroll","background-type":"","background-media":"","overlay-type":"","overlay-color":"","overlay-opacity":"","overlay-gradient":""},"tablet":{"background-color":"","background-image":"","background-repeat":"repeat","background-position":"center center","background-size":"auto","background-attachment":"scroll","background-type":"","background-media":"","overlay-type":"","overlay-color":"","overlay-opacity":"","overlay-gradient":""},"mobile":{"background-color":"","background-image":"","background-repeat":"repeat","background-position":"center center","background-size":"auto","background-attachment":"scroll","background-type":"","background-media":"","overlay-type":"","overlay-color":"","overlay-opacity":"","overlay-gradient":""}},"ast-content-background-meta":{"desktop":{"background-color":"var(--ast-global-color-4)","background-image":"","background-repeat":"repeat","background-position":"center center","background-size":"auto","background-attachment":"scroll","background-type":"","background-media":"","overlay-type":"","overlay-color":"","overlay-opacity":"","overlay-gradient":""},"tablet":{"background-color":"var(--ast-global-color-4)","background-image":"","background-repeat":"repeat","background-position":"center center","background-size":"auto","background-attachment":"scroll","background-type":"","background-media":"","overlay-type":"","overlay-color":"","overlay-opacity":"","overlay-gradient":""},"mobile":{"background-color":"var(--ast-global-color-4)","background-image":"","background-repeat":"repeat","background-position":"center center","background-size":"auto","background-attachment":"scroll","background-type":"","background-media":"","overlay-type":"","overlay-color":"","overlay-opacity":"","overlay-gradient":""}}},"product_brand":[],"product_cat":[451],"product_tag":[456],"class_list":{"0":"post-89631","1":"product","2":"type-product","3":"status-publish","4":"has-post-thumbnail","6":"product_cat-acidifiant-dezacidifiant-produse-oenologice","7":"product_tag-dezacidifiant","8":"pa_vegano-vegetarian","9":"desktop-align-left","10":"tablet-align-left","11":"mobile-align-left","13":"first","14":"instock","15":"virtual","16":"product-type-simple"},"acf":[],"_links":{"self":[{"href":"https:\/\/agrovin.com\/ro\/wp-json\/wp\/v2\/product\/89631","targetHints":{"allow":["GET"]}}],"collection":[{"href":"https:\/\/agrovin.com\/ro\/wp-json\/wp\/v2\/product"}],"about":[{"href":"https:\/\/agrovin.com\/ro\/wp-json\/wp\/v2\/types\/product"}],"version-history":[{"count":0,"href":"https:\/\/agrovin.com\/ro\/wp-json\/wp\/v2\/product\/89631\/revisions"}],"wp:featuredmedia":[{"embeddable":true,"href":"https:\/\/agrovin.com\/ro\/wp-json\/wp\/v2\/media\/34385"}],"wp:attachment":[{"href":"https:\/\/agrovin.com\/ro\/wp-json\/wp\/v2\/media?parent=89631"}],"wp:term":[{"taxonomy":"product_brand","embeddable":true,"href":"https:\/\/agrovin.com\/ro\/wp-json\/wp\/v2\/product_brand?post=89631"},{"taxonomy":"product_cat","embeddable":true,"href":"https:\/\/agrovin.com\/ro\/wp-json\/wp\/v2\/product_cat?post=89631"},{"taxonomy":"product_tag","embeddable":true,"href":"https:\/\/agrovin.com\/ro\/wp-json\/wp\/v2\/product_tag?post=89631"}],"curies":[{"name":"wp","href":"https:\/\/api.w.org\/{rel}","templated":true}]}}