{"id":89626,"date":"2018-03-28T14:41:18","date_gmt":"2022-11-04T17:00:00","guid":{"rendered":"https:\/\/staging.agrovin.com\/fara-categorie\/actimax-corcell\/"},"modified":"2022-11-06T10:30:32","modified_gmt":"2022-11-06T09:30:32","slug":"actimax-corcell","status":"publish","type":"product","link":"https:\/\/agrovin.com\/ro\/produse-oenologice\/nutrienti\/actimax-corcell\/","title":{"rendered":"ACTIMAX CORCELL"},"content":{"rendered":"<h3>CARACTERISTICI<\/h3>\n<p>Adsorbe principalii inhibitori ai fermenta\u021biei alcoolice \u0219i malolactice: acizi gra\u0219i cu lan\u021b scurt \u0219i mediu (C6, C8, C10, C12), reziduuri fungicide \u0219i fitosanitare, evit\u00e2nd oprirea fermenta\u021biei.<\/p>\n<p>Este bogat \u00een manani \u0219i glucani, cu o capacitate de adsorb\u021bie specific\u0103 \u0219i un gust neutru.<\/p>\n<p>Stimuleaz\u0103 fermenta\u021bia alcoolic\u0103 \u0219i malolactic\u0103, deoarece este bogat \u00een steroli \u0219i \u00een lan\u021buri de acizi gra\u0219i nesatura\u021bi: aceste substan\u021be ajut\u0103 la reglarea permeabilit\u0103\u021bii membranelor \u0219i favorizeaz\u0103 fermenta\u021bia alcoolic\u0103.<\/p>\n<p>Con\u021binutul de polizaharide \u00eembun\u0103t\u0103\u021be\u0219te stabilitatea culorii \u0219i reduce astringen\u021ba \u0219i am\u0103r\u0103ciunea.<\/p>\n<h3>APLICA\u021aIE<\/h3>\n<p>Se utilizeaz\u0103 Actimax Corcell:<\/p>\n<ul>\n<li>\u00cen timpul fermenta\u021biei alcoolice: viabilitatea este crescut\u0103.<\/li>\n<li>\u00cen timpul fermenta\u021biei malolactice: mortalitatea celular\u0103 este redus\u0103 prin inactivarea substan\u021belor inhibitoare (toxine \u0219i polifenoli).<\/li>\n<li>C\u00e2nd fermenta\u021bia se opre\u0219te sau \u00eencetine\u0219te: elimin\u0103 elementele toxice, favoriz\u00e2nd restabilirea fermenta\u021biei*.<\/li>\n<li>Actimax Corcell nu cre\u0219te con\u021binutul de AGN, astfel \u00eenc\u00e2t, dac\u0103 oprirea fermenta\u021biei se datoreaz\u0103 unei deficien\u021be de azot, trebuie ad\u0103ugat un element de azot (Actipase; Actimax PLUS).<\/li>\n<\/ul>\n<h3>DOZAJ<\/h3>\n<div class=\"page\" title=\"Pagina 2\">\n<div class=\"layoutArea\">\n<div class=\"column\">\n<p>M\u0103sur\u0103 preventiv\u0103: <span style=\"font-size: 16px;\">20-40 g\/hl<\/span><\/p>\n<p>M\u0103sura de maturare: Oprirea ferment\u0103rii: <span style=\"font-size: 16px;\">40 g\/hl<\/span><\/p>\n<\/div>\n<\/div>\n<\/div>\n","protected":false},"excerpt":{"rendered":"<p>Actimax Corcell este un preparat 100% din peretele de drojdie care poate fi utilizat at\u00e2t \u00een must, c\u00e2t \u0219i \u00een vin. Este capabil s\u0103 exercite o ac\u021biune puternic\u0103 \u00eempotriva inhibitorilor fermenta\u021biei alcoolice \u0219i malolactice.<\/p>\n","protected":false},"featured_media":42593,"template":"","meta":{"_acf_changed":false,"inline_featured_image":false,"site-sidebar-layout":"default","site-content-layout":"default","ast-site-content-layout":"default","site-content-style":"default","site-sidebar-style":"default","ast-global-header-display":"","ast-banner-title-visibility":"","ast-main-header-display":"","ast-hfb-above-header-display":"","ast-hfb-below-header-display":"","ast-hfb-mobile-header-display":"","site-post-title":"","ast-breadcrumbs-content":"","ast-featured-img":"","footer-sml-layout":"","ast-disable-related-posts":"","theme-transparent-header-meta":"default","adv-header-id-meta":"","stick-header-meta":"","header-above-stick-meta":"","header-main-stick-meta":"","header-below-stick-meta":"","astra-migrate-meta-layouts":"default","ast-page-background-enabled":"default","ast-page-background-meta":{"desktop":{"background-color":"var(--ast-global-color-5)","background-image":"","background-repeat":"repeat","background-position":"center center","background-size":"auto","background-attachment":"scroll","background-type":"","background-media":"","overlay-type":"","overlay-color":"","overlay-opacity":"","overlay-gradient":""},"tablet":{"background-color":"","background-image":"","background-repeat":"repeat","background-position":"center center","background-size":"auto","background-attachment":"scroll","background-type":"","background-media":"","overlay-type":"","overlay-color":"","overlay-opacity":"","overlay-gradient":""},"mobile":{"background-color":"","background-image":"","background-repeat":"repeat","background-position":"center center","background-size":"auto","background-attachment":"scroll","background-type":"","background-media":"","overlay-type":"","overlay-color":"","overlay-opacity":"","overlay-gradient":""}},"ast-content-background-meta":{"desktop":{"background-color":"var(--ast-global-color-4)","background-image":"","background-repeat":"repeat","background-position":"center center","background-size":"auto","background-attachment":"scroll","background-type":"","background-media":"","overlay-type":"","overlay-color":"","overlay-opacity":"","overlay-gradient":""},"tablet":{"background-color":"var(--ast-global-color-4)","background-image":"","background-repeat":"repeat","background-position":"center center","background-size":"auto","background-attachment":"scroll","background-type":"","background-media":"","overlay-type":"","overlay-color":"","overlay-opacity":"","overlay-gradient":""},"mobile":{"background-color":"var(--ast-global-color-4)","background-image":"","background-repeat":"repeat","background-position":"center center","background-size":"auto","background-attachment":"scroll","background-type":"","background-media":"","overlay-type":"","overlay-color":"","overlay-opacity":"","overlay-gradient":""}}},"product_brand":[],"product_cat":[213],"product_tag":[294],"class_list":{"0":"post-89626","1":"product","2":"type-product","3":"status-publish","4":"has-post-thumbnail","6":"product_cat-nutrienti","7":"product_tag-nutrienti-organic","8":"pa_aplicacion-fa-fml-ru","9":"pa_composicion-organic-ro","10":"pa_ecologico-autorizat-eu","11":"pa_ecologico-autorizat-nop-usda","12":"pa_estilo-de-vino-alb","13":"pa_estilo-de-vino-rosu","14":"pa_estilo-de-vino-roz","15":"pa_estilo-de-vino-sclipitor","16":"pa_vegano-vegetarian","17":"desktop-align-left","18":"tablet-align-left","19":"mobile-align-left","21":"first","22":"instock","23":"virtual","24":"product-type-simple"},"acf":[],"_links":{"self":[{"href":"https:\/\/agrovin.com\/ro\/wp-json\/wp\/v2\/product\/89626","targetHints":{"allow":["GET"]}}],"collection":[{"href":"https:\/\/agrovin.com\/ro\/wp-json\/wp\/v2\/product"}],"about":[{"href":"https:\/\/agrovin.com\/ro\/wp-json\/wp\/v2\/types\/product"}],"version-history":[{"count":0,"href":"https:\/\/agrovin.com\/ro\/wp-json\/wp\/v2\/product\/89626\/revisions"}],"wp:featuredmedia":[{"embeddable":true,"href":"https:\/\/agrovin.com\/ro\/wp-json\/wp\/v2\/media\/42593"}],"wp:attachment":[{"href":"https:\/\/agrovin.com\/ro\/wp-json\/wp\/v2\/media?parent=89626"}],"wp:term":[{"taxonomy":"product_brand","embeddable":true,"href":"https:\/\/agrovin.com\/ro\/wp-json\/wp\/v2\/product_brand?post=89626"},{"taxonomy":"product_cat","embeddable":true,"href":"https:\/\/agrovin.com\/ro\/wp-json\/wp\/v2\/product_cat?post=89626"},{"taxonomy":"product_tag","embeddable":true,"href":"https:\/\/agrovin.com\/ro\/wp-json\/wp\/v2\/product_tag?post=89626"}],"curies":[{"name":"wp","href":"https:\/\/api.w.org\/{rel}","templated":true}]}}