{"id":89621,"date":"2018-03-28T13:40:13","date_gmt":"2022-11-04T16:59:51","guid":{"rendered":"https:\/\/staging.agrovin.com\/fara-categorie\/actimax-natura\/"},"modified":"2023-03-13T11:38:49","modified_gmt":"2023-03-13T10:38:49","slug":"actimax-natura","status":"publish","type":"product","link":"https:\/\/agrovin.com\/ro\/produse-oenologice\/nutrienti\/actimax-natura\/","title":{"rendered":"ACTIMAX NATURA"},"content":{"rendered":"<h3>CARACTERISTICI<\/h3>\n<p>Azotul organic, format din aminoacizi, este deficitar \u00een majoritatea proceselor de fermentare alcoolic\u0103. Actimax NATURA asigur\u0103 un aport echilibrat de aminoacizi \u0219i vitamine \u00een faza ini\u021bial\u0103 de fermentare, reduc\u00e2nd apari\u021bia problemelor \u00een faza final\u0103. Disponibilitatea aminoacizilor optimizeaz\u0103 calitatea organoleptic\u0103 a vinurilor. Pe de o parte, aminoacizii sunt precursori ai aromelor fermentative. Pe de alt\u0103 parte, aportul echilibrat de aminoacizi permite o sintez\u0103 corect\u0103 a enzimelor responsabile de dezvoltarea precursorilor varietali (glicozide, lipaze). \u00cen plus, limiteaz\u0103 produc\u021bia de hidrogen sulfurat \u0219i, astfel, previne producerea de defecte de reducere. Corectarea AFN cu acest preparat nu prezint\u0103 niciun risc de cre\u0219tere a temperaturii sau de devia\u021bii senzoriale.<\/p>\n<p>Furnizeaz\u0103 aminoacizi pentru generarea de proteine de transport \u0219i enzime. Acesta asigur\u0103 con\u021binutul de azot u\u0219or asimilabil (NFA), evit\u00e2nd astfel necesitatea de a utiliza s\u0103ruri de amoniu.<\/p>\n<p>Acest nutrient pentru fermenta\u021bia alcoolic\u0103 este rezultatul cercet\u0103rilor efectuate \u00een cadrul proiectului CENITDEMETER (2008-2011) Strategii \u0219i metode viticole \u0219i oenologice \u00een fa\u021ba schimb\u0103rilor climatice. Aplicarea de noi tehnologii care \u00eembun\u0103t\u0103\u021besc eficien\u021ba proceselor rezultate, \u00een cadrul liniilor de lucru specifice desf\u0103\u0219urate cu Universitatea Rovira i Virgili \u0219i Consiliul Na\u021bional de Cercetare din Spania (CSIC).<\/p>\n<h3>APLICA\u021aIE<\/h3>\n<p>Se utilizeaz\u0103 \u00eenainte de \u00eenceperea fermenta\u021biei alcoolice, \u00eenainte sau \u00een timpul aplic\u0103rii tulpinii de drojdie. Aplicarea acestui nutrient stimuleaz\u0103 popula\u021biile de drojdie \u00een orice proces de fabricare a berii, sporindu-le abilit\u0103\u021bile calitative. Se recomand\u0103 \u00een mod special:<\/p>\n<ul>\n<li>\u00cen produc\u021bia de soiuri ro\u0219ii cu un con\u021binut probabil ridicat de alcool \u0219i struguri supramatura\u021bi.<\/li>\n<li>Musturi destinate produc\u021biei de vinuri albe \u0219i roze la temperaturi sc\u0103zute.<\/li>\n<li>Musturi de soiuri albe foarte bine limpezite.<\/li>\n<li>\u00cen orice tip de prelucrare, pentru a optimiza caracteristicile tulpinii de drojdie utilizate.<\/li>\n<li>Pentru a spori expresia varietal\u0103 \u00een vinurile albe, ros\u00e9 \u0219i ro\u0219ii.<\/li>\n<\/ul>\n<h3>DOZAJ<\/h3>\n<div class=\"page\" title=\"Pagina 2\">\n<div class=\"layoutArea\">\n<div class=\"column\">\n<p>20-30 g\/hl<\/p>\n<\/div>\n<\/div>\n<\/div>\n","protected":false},"excerpt":{"rendered":"<p>Actimax NATURA este un nutrient organic pentru fermenta\u021bia alcoolic\u0103 a strugurilor \u0219i a mustului. Este o surs\u0103 foarte bogat\u0103 de azot organic (aminoacizi liberi).<\/p>\n","protected":false},"featured_media":53191,"template":"","meta":{"_acf_changed":false,"inline_featured_image":false,"site-sidebar-layout":"default","site-content-layout":"default","ast-site-content-layout":"default","site-content-style":"default","site-sidebar-style":"default","ast-global-header-display":"","ast-banner-title-visibility":"","ast-main-header-display":"","ast-hfb-above-header-display":"","ast-hfb-below-header-display":"","ast-hfb-mobile-header-display":"","site-post-title":"","ast-breadcrumbs-content":"","ast-featured-img":"","footer-sml-layout":"","ast-disable-related-posts":"","theme-transparent-header-meta":"default","adv-header-id-meta":"","stick-header-meta":"","header-above-stick-meta":"","header-main-stick-meta":"","header-below-stick-meta":"","astra-migrate-meta-layouts":"default","ast-page-background-enabled":"default","ast-page-background-meta":{"desktop":{"background-color":"var(--ast-global-color-5)","background-image":"","background-repeat":"repeat","background-position":"center center","background-size":"auto","background-attachment":"scroll","background-type":"","background-media":"","overlay-type":"","overlay-color":"","overlay-opacity":"","overlay-gradient":""},"tablet":{"background-color":"","background-image":"","background-repeat":"repeat","background-position":"center center","background-size":"auto","background-attachment":"scroll","background-type":"","background-media":"","overlay-type":"","overlay-color":"","overlay-opacity":"","overlay-gradient":""},"mobile":{"background-color":"","background-image":"","background-repeat":"repeat","background-position":"center center","background-size":"auto","background-attachment":"scroll","background-type":"","background-media":"","overlay-type":"","overlay-color":"","overlay-opacity":"","overlay-gradient":""}},"ast-content-background-meta":{"desktop":{"background-color":"var(--ast-global-color-4)","background-image":"","background-repeat":"repeat","background-position":"center center","background-size":"auto","background-attachment":"scroll","background-type":"","background-media":"","overlay-type":"","overlay-color":"","overlay-opacity":"","overlay-gradient":""},"tablet":{"background-color":"var(--ast-global-color-4)","background-image":"","background-repeat":"repeat","background-position":"center center","background-size":"auto","background-attachment":"scroll","background-type":"","background-media":"","overlay-type":"","overlay-color":"","overlay-opacity":"","overlay-gradient":""},"mobile":{"background-color":"var(--ast-global-color-4)","background-image":"","background-repeat":"repeat","background-position":"center center","background-size":"auto","background-attachment":"scroll","background-type":"","background-media":"","overlay-type":"","overlay-color":"","overlay-opacity":"","overlay-gradient":""}}},"product_brand":[],"product_cat":[213],"product_tag":[294],"class_list":{"0":"post-89621","1":"product","2":"type-product","3":"status-publish","4":"has-post-thumbnail","6":"product_cat-nutrienti","7":"product_tag-nutrienti-organic","8":"pa_aplicacion-fa-fml-ru","9":"pa_composicion-organic-ro","10":"pa_ecologico-autorizat-eu","11":"pa_ecologico-autorizat-nop-usda","12":"pa_estilo-de-vino-alb","13":"pa_estilo-de-vino-butoi","14":"pa_estilo-de-vino-rosu","15":"pa_estilo-de-vino-roz","16":"pa_estilo-de-vino-sclipitor","17":"pa_vegano-vegetarian","18":"desktop-align-left","19":"tablet-align-left","20":"mobile-align-left","22":"first","23":"instock","24":"virtual","25":"product-type-simple"},"acf":[],"_links":{"self":[{"href":"https:\/\/agrovin.com\/ro\/wp-json\/wp\/v2\/product\/89621","targetHints":{"allow":["GET"]}}],"collection":[{"href":"https:\/\/agrovin.com\/ro\/wp-json\/wp\/v2\/product"}],"about":[{"href":"https:\/\/agrovin.com\/ro\/wp-json\/wp\/v2\/types\/product"}],"version-history":[{"count":0,"href":"https:\/\/agrovin.com\/ro\/wp-json\/wp\/v2\/product\/89621\/revisions"}],"wp:featuredmedia":[{"embeddable":true,"href":"https:\/\/agrovin.com\/ro\/wp-json\/wp\/v2\/media\/53191"}],"wp:attachment":[{"href":"https:\/\/agrovin.com\/ro\/wp-json\/wp\/v2\/media?parent=89621"}],"wp:term":[{"taxonomy":"product_brand","embeddable":true,"href":"https:\/\/agrovin.com\/ro\/wp-json\/wp\/v2\/product_brand?post=89621"},{"taxonomy":"product_cat","embeddable":true,"href":"https:\/\/agrovin.com\/ro\/wp-json\/wp\/v2\/product_cat?post=89621"},{"taxonomy":"product_tag","embeddable":true,"href":"https:\/\/agrovin.com\/ro\/wp-json\/wp\/v2\/product_tag?post=89621"}],"curies":[{"name":"wp","href":"https:\/\/api.w.org\/{rel}","templated":true}]}}