{"id":89616,"date":"2018-03-28T14:47:12","date_gmt":"2022-11-04T16:59:42","guid":{"rendered":"https:\/\/staging.agrovin.com\/fara-categorie\/actimax-plus\/"},"modified":"2022-11-06T09:54:59","modified_gmt":"2022-11-06T08:54:59","slug":"actimax-plus","status":"publish","type":"product","link":"https:\/\/agrovin.com\/ro\/produse-oenologice\/nutrienti\/actimax-plus\/","title":{"rendered":"ACTIMAX PLUS"},"content":{"rendered":"<h3>CARACTERISTICI<\/h3>\n<p>Ad\u0103ugarea sa \u00een must cre\u0219te azotul u\u0219or asimilabil, asigur\u00e2nd o completare ideal\u0103 \u00een azot organic \u0219i anorganic, \u00eembun\u0103t\u0103\u021bind semnificativ condi\u021biile mediului pentru dezvoltarea rapid\u0103 a drojdiilor. Nivelurile crescute de YAN sprijin\u0103 multiplicarea drojdiilor \u0219i asigur\u0103 activitatea lor adecvat\u0103 pe tot parcursul procesului de fermentare.<\/p>\n<p>Previne apari\u021bia defectelor senzoriale asociate cu deficien\u021be nutritive, cum ar fi problemele de reducere: SH2 \u0219i derivate. Scade produc\u021bia de aciditate volatil\u0103. \u00cembun\u0103t\u0103\u021be\u0219te con\u021binutul de esteri aromatici.<\/p>\n<p>Drojdiile inactive furnizeaz\u0103, de asemenea, steroli \u0219i acizi gra\u0219i cu lan\u021b lung, elemente de rezisten\u021b\u0103 celular\u0103. De asemenea, acestea protejeaz\u0103 drojdiile \u00eensele prin legarea inhibitorilor toxici, cum ar fi acizii gra\u0219i C8-C12 sau reziduurile de pesticide.<\/p>\n<p>Tiamina este un factor de cre\u0219tere esen\u021bial, a c\u0103rui prezen\u021b\u0103 duce la o viabilitate ridicat\u0103 \u00een primele etape ale fermenta\u021biei.<\/p>\n<p>Alimentarea cu azot de amoniu cu Actimax Plus se face exclusiv sub form\u0103 de fosfat de amoniu.<\/p>\n<h3>APLICA\u021aIE<\/h3>\n<p>Actimax Plus permite:<\/p>\n<ul>\n<li>Fermentare \u00een condi\u021bii dificile, la temperaturi sc\u0103zute, precum \u0219i musturi cu o t\u0103rie alcoolic\u0103 poten\u021bial\u0103 ridicat\u0103 sau musturi puternic clarificate.<\/li>\n<li>Evita\u021bi fermenta\u021biile blocate \u0219i lente. Combate fermenta\u021bia blocat\u0103.<\/li>\n<li>Adsorb poten\u021bialele toxine care inhib\u0103 fermenta\u021bia.<\/li>\n<li>Este recomandat \u00een special pentru strugurii cu putregai sau din recolte t\u00e2rzii, unde deficien\u021bele de azot sunt mai importante. Util \u00een cazul \u00een care se suspecteaz\u0103 prezen\u021ba reziduurilor de pesticide \u00een must.<\/li>\n<\/ul>\n<h3>DOZAJ<\/h3>\n<div class=\"page\" title=\"Pagina 2\">\n<div class=\"layoutArea\">\n<div class=\"column\">\n<p>Condi\u021bii normale de fermentare: 10-20 g\/hl<\/p>\n<p>Condi\u021bii dificile: 20-30 g\/hl<\/p>\n<p>Utilizare curativ\u0103: oprirea fermenta\u021biei: <span style=\"font-size: 16px;\">30-40 g\/hl<\/span><\/p>\n<\/div>\n<\/div>\n<\/div>\n","protected":false},"excerpt":{"rendered":"<p>Actimax Plus este un activator de fermenta\u021bie alcoolic\u0103 formulat cu fosfat de amoniu, drojdii inactivate \u0219i tiamin\u0103.<\/p>\n","protected":false},"featured_media":42563,"template":"","meta":{"_acf_changed":false,"inline_featured_image":false,"site-sidebar-layout":"default","site-content-layout":"default","ast-site-content-layout":"default","site-content-style":"default","site-sidebar-style":"default","ast-global-header-display":"","ast-banner-title-visibility":"","ast-main-header-display":"","ast-hfb-above-header-display":"","ast-hfb-below-header-display":"","ast-hfb-mobile-header-display":"","site-post-title":"","ast-breadcrumbs-content":"","ast-featured-img":"","footer-sml-layout":"","ast-disable-related-posts":"","theme-transparent-header-meta":"default","adv-header-id-meta":"","stick-header-meta":"","header-above-stick-meta":"","header-main-stick-meta":"","header-below-stick-meta":"","astra-migrate-meta-layouts":"default","ast-page-background-enabled":"default","ast-page-background-meta":{"desktop":{"background-color":"var(--ast-global-color-5)","background-image":"","background-repeat":"repeat","background-position":"center center","background-size":"auto","background-attachment":"scroll","background-type":"","background-media":"","overlay-type":"","overlay-color":"","overlay-opacity":"","overlay-gradient":""},"tablet":{"background-color":"","background-image":"","background-repeat":"repeat","background-position":"center center","background-size":"auto","background-attachment":"scroll","background-type":"","background-media":"","overlay-type":"","overlay-color":"","overlay-opacity":"","overlay-gradient":""},"mobile":{"background-color":"","background-image":"","background-repeat":"repeat","background-position":"center center","background-size":"auto","background-attachment":"scroll","background-type":"","background-media":"","overlay-type":"","overlay-color":"","overlay-opacity":"","overlay-gradient":""}},"ast-content-background-meta":{"desktop":{"background-color":"var(--ast-global-color-4)","background-image":"","background-repeat":"repeat","background-position":"center center","background-size":"auto","background-attachment":"scroll","background-type":"","background-media":"","overlay-type":"","overlay-color":"","overlay-opacity":"","overlay-gradient":""},"tablet":{"background-color":"var(--ast-global-color-4)","background-image":"","background-repeat":"repeat","background-position":"center center","background-size":"auto","background-attachment":"scroll","background-type":"","background-media":"","overlay-type":"","overlay-color":"","overlay-opacity":"","overlay-gradient":""},"mobile":{"background-color":"var(--ast-global-color-4)","background-image":"","background-repeat":"repeat","background-position":"center center","background-size":"auto","background-attachment":"scroll","background-type":"","background-media":"","overlay-type":"","overlay-color":"","overlay-opacity":"","overlay-gradient":""}}},"product_brand":[],"product_cat":[213],"product_tag":[299],"class_list":{"0":"post-89616","1":"product","2":"type-product","3":"status-publish","4":"has-post-thumbnail","6":"product_cat-nutrienti","7":"product_tag-nutrienti-combinati","8":"pa_aplicacion-fa-fml-ru","9":"pa_composicion-complex-ro","10":"pa_ecologico-autorizat-eu","11":"pa_estilo-de-vino-alb","12":"pa_estilo-de-vino-rosu","13":"pa_estilo-de-vino-roz","14":"pa_estilo-de-vino-sclipitor","15":"pa_vegano-vegetarian","16":"desktop-align-left","17":"tablet-align-left","18":"mobile-align-left","20":"first","21":"instock","22":"virtual","23":"product-type-simple"},"acf":[],"_links":{"self":[{"href":"https:\/\/agrovin.com\/ro\/wp-json\/wp\/v2\/product\/89616","targetHints":{"allow":["GET"]}}],"collection":[{"href":"https:\/\/agrovin.com\/ro\/wp-json\/wp\/v2\/product"}],"about":[{"href":"https:\/\/agrovin.com\/ro\/wp-json\/wp\/v2\/types\/product"}],"version-history":[{"count":0,"href":"https:\/\/agrovin.com\/ro\/wp-json\/wp\/v2\/product\/89616\/revisions"}],"wp:featuredmedia":[{"embeddable":true,"href":"https:\/\/agrovin.com\/ro\/wp-json\/wp\/v2\/media\/42563"}],"wp:attachment":[{"href":"https:\/\/agrovin.com\/ro\/wp-json\/wp\/v2\/media?parent=89616"}],"wp:term":[{"taxonomy":"product_brand","embeddable":true,"href":"https:\/\/agrovin.com\/ro\/wp-json\/wp\/v2\/product_brand?post=89616"},{"taxonomy":"product_cat","embeddable":true,"href":"https:\/\/agrovin.com\/ro\/wp-json\/wp\/v2\/product_cat?post=89616"},{"taxonomy":"product_tag","embeddable":true,"href":"https:\/\/agrovin.com\/ro\/wp-json\/wp\/v2\/product_tag?post=89616"}],"curies":[{"name":"wp","href":"https:\/\/api.w.org\/{rel}","templated":true}]}}