{"id":89611,"date":"2018-03-28T14:44:51","date_gmt":"2022-11-04T16:59:35","guid":{"rendered":"https:\/\/staging.agrovin.com\/fara-categorie\/actimax-oeni\/"},"modified":"2022-11-06T10:06:09","modified_gmt":"2022-11-06T09:06:09","slug":"actimax-oeni","status":"publish","type":"product","link":"https:\/\/agrovin.com\/ro\/produse-oenologice\/nutrienti\/actimax-oeni\/","title":{"rendered":"ACTIMAX OENI"},"content":{"rendered":"<h3>CARACTERISTICI<\/h3>\n<p>Bacteriile lactice au cerin\u021be nutri\u021bionale complexe, deoarece \u0219i-au pierdut capacitatea de a sintetiza mul\u021bi compu\u0219i necesari pentru cre\u0219tere. Printre acestea se num\u0103r\u0103 vitaminele B \u0219i majoritatea aminoacizilor.<\/p>\n<p>Ace\u0219ti compu\u0219i sunt de obicei adu\u0219i de drojdia de fermenta\u021bie alcoolic\u0103. Cu toate acestea, aceast\u0103 ofert\u0103 natural\u0103 poate fi uneori insuficient\u0103. \u00cen aceste cazuri, este necesar\u0103 o reglementare nutri\u021bional\u0103 a vinului. Actimax Oeni ofer\u0103:<\/p>\n<ul>\n<li>Azot organic sub form\u0103 de aminoacizi primari, singura surs\u0103 de azot care poate fi asimilat\u0103 de bacteriile lactice.<\/li>\n<li>Aportul de minerale, \u00een special \u00eembog\u0103\u021bit \u00een magneziu \u0219i mangan, cofactori ai enzimelor metabolice cheie (kinaze, enzima malolactic\u0103).<\/li>\n<li>Vitaminele B (tiamina, acidul nicotinic, biotina \u0219i acidul pantotenic), care nu pot fi sintetizate de bacteriile lactice \u0219i care sunt absente din vinuri dup\u0103 fermenta\u021bia alcoolic\u0103.<\/li>\n<li>Prin \u00eencorporarea pere\u021bilor celulari inactivi ai drojdiei, turbiditatea cre\u0219te, iar con\u021binutul de polizaharide din suspensie cre\u0219te, \u00eembun\u0103t\u0103\u021bind cinetica de fermentare.<\/li>\n<li>Prezen\u021ba polizaharidelor atenueaz\u0103 efectul nefavorabil al frac\u021biunii taninice \u00een cazul vinurilor cu concentra\u021bie mare de culoare, al vinurilor cu adaos de tanin sau al fermenta\u021biilor \u00een butoaie.<\/li>\n<li>Actimax Oeni este un excelent adsorbant al substan\u021belor toxice, elimin\u00e2nd compu\u0219ii care inhib\u0103 fermenta\u021bia malolactic\u0103 (acizi gra\u0219i din fermenta\u021bia alcoolic\u0103 neregulat\u0103, reziduuri de pesticide).<\/li>\n<\/ul>\n<h3>APLICA\u021aIE<\/h3>\n<p>Actimax Oeni este utilizat pentru a intensifica dezvoltarea fermenta\u021biei malolactice \u00een<\/p>\n<ul>\n<li>Vinuri clarificate, filtrate sau cu mai multe filtre.<\/li>\n<li>Vinuri cu o perioad\u0103 lung\u0103 de timp \u00eentre fermenta\u021bia alcoolic\u0103 \u0219i cea malolactic\u0103.<\/li>\n<li>Vinuri fermentate cu drojdii cu autoliz\u0103 lent\u0103, rezistente la etanol.<\/li>\n<li>Vinuri din struguri foarte coapte<\/li>\n<\/ul>\n<h3>DOZAJ<\/h3>\n<p>Condi\u021bii normale de fermentare: 10-20 g\/hl<\/p>\n<p>Condi\u021bii dificile: 20-30 g\/hl<\/p>\n","protected":false},"excerpt":{"rendered":"<p>Actimax Oeni este un nutrient specific pentru stimularea fermenta\u021biei malolactice \u00een condi\u021bii dificile.<\/p>\n","protected":false},"featured_media":21014,"template":"","meta":{"_acf_changed":false,"inline_featured_image":false,"site-sidebar-layout":"default","site-content-layout":"default","ast-site-content-layout":"default","site-content-style":"default","site-sidebar-style":"default","ast-global-header-display":"","ast-banner-title-visibility":"","ast-main-header-display":"","ast-hfb-above-header-display":"","ast-hfb-below-header-display":"","ast-hfb-mobile-header-display":"","site-post-title":"","ast-breadcrumbs-content":"","ast-featured-img":"","footer-sml-layout":"","ast-disable-related-posts":"","theme-transparent-header-meta":"default","adv-header-id-meta":"","stick-header-meta":"","header-above-stick-meta":"","header-main-stick-meta":"","header-below-stick-meta":"","astra-migrate-meta-layouts":"default","ast-page-background-enabled":"default","ast-page-background-meta":{"desktop":{"background-color":"var(--ast-global-color-5)","background-image":"","background-repeat":"repeat","background-position":"center center","background-size":"auto","background-attachment":"scroll","background-type":"","background-media":"","overlay-type":"","overlay-color":"","overlay-opacity":"","overlay-gradient":""},"tablet":{"background-color":"","background-image":"","background-repeat":"repeat","background-position":"center center","background-size":"auto","background-attachment":"scroll","background-type":"","background-media":"","overlay-type":"","overlay-color":"","overlay-opacity":"","overlay-gradient":""},"mobile":{"background-color":"","background-image":"","background-repeat":"repeat","background-position":"center center","background-size":"auto","background-attachment":"scroll","background-type":"","background-media":"","overlay-type":"","overlay-color":"","overlay-opacity":"","overlay-gradient":""}},"ast-content-background-meta":{"desktop":{"background-color":"var(--ast-global-color-4)","background-image":"","background-repeat":"repeat","background-position":"center center","background-size":"auto","background-attachment":"scroll","background-type":"","background-media":"","overlay-type":"","overlay-color":"","overlay-opacity":"","overlay-gradient":""},"tablet":{"background-color":"var(--ast-global-color-4)","background-image":"","background-repeat":"repeat","background-position":"center center","background-size":"auto","background-attachment":"scroll","background-type":"","background-media":"","overlay-type":"","overlay-color":"","overlay-opacity":"","overlay-gradient":""},"mobile":{"background-color":"var(--ast-global-color-4)","background-image":"","background-repeat":"repeat","background-position":"center center","background-size":"auto","background-attachment":"scroll","background-type":"","background-media":"","overlay-type":"","overlay-color":"","overlay-opacity":"","overlay-gradient":""}}},"product_brand":[],"product_cat":[213],"product_tag":[294],"class_list":{"0":"post-89611","1":"product","2":"type-product","3":"status-publish","4":"has-post-thumbnail","6":"product_cat-nutrienti","7":"product_tag-nutrienti-organic","8":"pa_aplicacion-fa-fml-ru","9":"pa_composicion-complex-ro","10":"pa_estilo-de-vino-alb","11":"pa_estilo-de-vino-rosu","12":"pa_estilo-de-vino-sclipitor","13":"pa_vegano-vegetarian","14":"desktop-align-left","15":"tablet-align-left","16":"mobile-align-left","18":"first","19":"instock","20":"virtual","21":"product-type-simple"},"acf":[],"_links":{"self":[{"href":"https:\/\/agrovin.com\/ro\/wp-json\/wp\/v2\/product\/89611","targetHints":{"allow":["GET"]}}],"collection":[{"href":"https:\/\/agrovin.com\/ro\/wp-json\/wp\/v2\/product"}],"about":[{"href":"https:\/\/agrovin.com\/ro\/wp-json\/wp\/v2\/types\/product"}],"version-history":[{"count":0,"href":"https:\/\/agrovin.com\/ro\/wp-json\/wp\/v2\/product\/89611\/revisions"}],"wp:featuredmedia":[{"embeddable":true,"href":"https:\/\/agrovin.com\/ro\/wp-json\/wp\/v2\/media\/21014"}],"wp:attachment":[{"href":"https:\/\/agrovin.com\/ro\/wp-json\/wp\/v2\/media?parent=89611"}],"wp:term":[{"taxonomy":"product_brand","embeddable":true,"href":"https:\/\/agrovin.com\/ro\/wp-json\/wp\/v2\/product_brand?post=89611"},{"taxonomy":"product_cat","embeddable":true,"href":"https:\/\/agrovin.com\/ro\/wp-json\/wp\/v2\/product_cat?post=89611"},{"taxonomy":"product_tag","embeddable":true,"href":"https:\/\/agrovin.com\/ro\/wp-json\/wp\/v2\/product_tag?post=89611"}],"curies":[{"name":"wp","href":"https:\/\/api.w.org\/{rel}","templated":true}]}}