{"id":89597,"date":"2018-03-28T14:36:47","date_gmt":"2022-11-04T16:59:01","guid":{"rendered":"https:\/\/staging.agrovin.com\/fara-categorie\/actimax-vit\/"},"modified":"2022-11-06T10:44:34","modified_gmt":"2022-11-06T09:44:34","slug":"actimax-vit","status":"publish","type":"product","link":"https:\/\/agrovin.com\/ro\/produse-oenologice\/nutrienti\/actimax-vit\/","title":{"rendered":"ACTIMAX VIT"},"content":{"rendered":"<h3>CARACTERISTICI<\/h3>\n<p>\u00cen fermenta\u021bia alcoolic\u0103, drojdiile inactivate reprezint\u0103 o surs\u0103 important\u0103 de aminoacizi primari asimila\u021bi lent. Corecteaz\u0103 deficien\u021bele de azot din must f\u0103r\u0103 riscul de cre\u0219tere a temperaturii sau de abateri senzoriale.<\/p>\n<p>Actimax Vit asigur\u0103 un aport echilibrat de vitamine \u0219i minerale, cofactori metabolici ai drojdiei \u0219i bacteriilor lactice.<\/p>\n<p>Pere\u021bii celulari inactivi ai drojdiei cresc con\u021binutul de polizaharide. De asemenea, sunt un adsorbant excelent pentru substan\u021bele toxice.<\/p>\n<h3>APLICA\u021aIE<\/h3>\n<p>Poate fi utilizat:<\/p>\n<ul>\n<li>La \u00eenceputul sau \u00een timpul fermenta\u021biei alcoolice, pentru a echilibra con\u021binutul de azot organic al mustului.<\/li>\n<li>\u00cenainte de fermenta\u021bia malolactic\u0103, pentru a stimula dezvoltarea acesteia. Aminoacizii sunt singura surs\u0103 de azot care poate fi asimilat\u0103 de bacteriile lactice.<\/li>\n<li>\u00cen caz de oprire sau \u00eencetinire a fermenta\u021biei alcoolice.<\/li>\n<\/ul>\n<h3>DOZAJ<\/h3>\n<div class=\"page\" title=\"Pagina 2\">\n<div class=\"layoutArea\">\n<div class=\"column\">\n<p>Condi\u021bii normale de fermentare: 10-20 g\/hl<\/p>\n<p>Condi\u021bii dificile: 20-30 g\/hl<\/p>\n<p>Utilizare curativ\u0103: oprirea fermenta\u021biei: <span style=\"font-size: 16px;\">30-40 g\/hl<\/span><\/p>\n<\/div>\n<\/div>\n<\/div>\n","protected":false},"excerpt":{"rendered":"<p>Actimax Vit este un activator de fermentare bazat exclusiv pe azot organic \u0219i vitamine.<\/p>\n","protected":false},"featured_media":42575,"template":"","meta":{"_acf_changed":false,"inline_featured_image":false,"site-sidebar-layout":"default","site-content-layout":"default","ast-site-content-layout":"default","site-content-style":"default","site-sidebar-style":"default","ast-global-header-display":"","ast-banner-title-visibility":"","ast-main-header-display":"","ast-hfb-above-header-display":"","ast-hfb-below-header-display":"","ast-hfb-mobile-header-display":"","site-post-title":"","ast-breadcrumbs-content":"","ast-featured-img":"","footer-sml-layout":"","ast-disable-related-posts":"","theme-transparent-header-meta":"default","adv-header-id-meta":"","stick-header-meta":"","header-above-stick-meta":"","header-main-stick-meta":"","header-below-stick-meta":"","astra-migrate-meta-layouts":"default","ast-page-background-enabled":"default","ast-page-background-meta":{"desktop":{"background-color":"var(--ast-global-color-5)","background-image":"","background-repeat":"repeat","background-position":"center center","background-size":"auto","background-attachment":"scroll","background-type":"","background-media":"","overlay-type":"","overlay-color":"","overlay-opacity":"","overlay-gradient":""},"tablet":{"background-color":"","background-image":"","background-repeat":"repeat","background-position":"center center","background-size":"auto","background-attachment":"scroll","background-type":"","background-media":"","overlay-type":"","overlay-color":"","overlay-opacity":"","overlay-gradient":""},"mobile":{"background-color":"","background-image":"","background-repeat":"repeat","background-position":"center center","background-size":"auto","background-attachment":"scroll","background-type":"","background-media":"","overlay-type":"","overlay-color":"","overlay-opacity":"","overlay-gradient":""}},"ast-content-background-meta":{"desktop":{"background-color":"var(--ast-global-color-4)","background-image":"","background-repeat":"repeat","background-position":"center center","background-size":"auto","background-attachment":"scroll","background-type":"","background-media":"","overlay-type":"","overlay-color":"","overlay-opacity":"","overlay-gradient":""},"tablet":{"background-color":"var(--ast-global-color-4)","background-image":"","background-repeat":"repeat","background-position":"center center","background-size":"auto","background-attachment":"scroll","background-type":"","background-media":"","overlay-type":"","overlay-color":"","overlay-opacity":"","overlay-gradient":""},"mobile":{"background-color":"var(--ast-global-color-4)","background-image":"","background-repeat":"repeat","background-position":"center center","background-size":"auto","background-attachment":"scroll","background-type":"","background-media":"","overlay-type":"","overlay-color":"","overlay-opacity":"","overlay-gradient":""}}},"product_brand":[],"product_cat":[213],"product_tag":[294],"class_list":{"0":"post-89597","1":"product","2":"type-product","3":"status-publish","4":"has-post-thumbnail","6":"product_cat-nutrienti","7":"product_tag-nutrienti-organic","8":"pa_aplicacion-fa-fml-ru","9":"pa_composicion-organic-ro","10":"pa_ecologico-autorizat-eu","11":"pa_ecologico-autorizat-nop-usda","12":"pa_estilo-de-vino-alb","13":"pa_estilo-de-vino-rosu","14":"pa_estilo-de-vino-roz","15":"pa_estilo-de-vino-sclipitor","16":"pa_vegano-vegetarian","17":"desktop-align-left","18":"tablet-align-left","19":"mobile-align-left","21":"first","22":"instock","23":"virtual","24":"product-type-simple"},"acf":[],"_links":{"self":[{"href":"https:\/\/agrovin.com\/ro\/wp-json\/wp\/v2\/product\/89597","targetHints":{"allow":["GET"]}}],"collection":[{"href":"https:\/\/agrovin.com\/ro\/wp-json\/wp\/v2\/product"}],"about":[{"href":"https:\/\/agrovin.com\/ro\/wp-json\/wp\/v2\/types\/product"}],"version-history":[{"count":0,"href":"https:\/\/agrovin.com\/ro\/wp-json\/wp\/v2\/product\/89597\/revisions"}],"wp:featuredmedia":[{"embeddable":true,"href":"https:\/\/agrovin.com\/ro\/wp-json\/wp\/v2\/media\/42575"}],"wp:attachment":[{"href":"https:\/\/agrovin.com\/ro\/wp-json\/wp\/v2\/media?parent=89597"}],"wp:term":[{"taxonomy":"product_brand","embeddable":true,"href":"https:\/\/agrovin.com\/ro\/wp-json\/wp\/v2\/product_brand?post=89597"},{"taxonomy":"product_cat","embeddable":true,"href":"https:\/\/agrovin.com\/ro\/wp-json\/wp\/v2\/product_cat?post=89597"},{"taxonomy":"product_tag","embeddable":true,"href":"https:\/\/agrovin.com\/ro\/wp-json\/wp\/v2\/product_tag?post=89597"}],"curies":[{"name":"wp","href":"https:\/\/api.w.org\/{rel}","templated":true}]}}