{"id":89592,"date":"2018-03-28T14:39:04","date_gmt":"2022-11-04T16:58:53","guid":{"rendered":"https:\/\/staging.agrovin.com\/fara-categorie\/actimax-gsh\/"},"modified":"2022-11-06T10:38:42","modified_gmt":"2022-11-06T09:38:42","slug":"actimax-gsh","status":"publish","type":"product","link":"https:\/\/agrovin.com\/ro\/produse-oenologice\/nutrienti\/actimax-gsh\/","title":{"rendered":"ACTIMAX GSH"},"content":{"rendered":"<h3>CARACTERISTICI<\/h3>\n<p>Actimax GSH are capacitate antioxidant\u0103, protej\u00e2nd culoarea \u0219i aromele varietale (\u00een special cele de tip tiol) \u00een vinurile albe \u0219i ros\u00e9. Aceasta permite o expresie aromatic\u0103 maxim\u0103 a strugurilor, prelungind prospe\u021bimea \u0219i \u00eencetinind evolu\u021bia cromatic\u0103 a acestora \u00een sticl\u0103.<\/p>\n<p>Glutationul, un constituent comun al drojdiei, este esen\u021bial pentru proliferarea celular\u0103. Prin urmare, fermenta\u021biile alcoolice \u00eembun\u0103t\u0103\u021bite cu glutation sunt de dou\u0103 ori mai avantajoase, deoarece acest compus sus\u021bine cre\u0219terea celular\u0103 \u0219i protejeaz\u0103 vinul \u00eempotriva oxid\u0103rii timpurii.<\/p>\n<p>Acest preparat este deosebit de potrivit pentru soiurile bogate \u00een tioli volatili (Verdejo, Sauvignon Blanc), pentru musturile albe care sunt puternic zv\u00e2ntate sau sensibile la oxidare.<\/p>\n<p>Un r\u0103spuns excelent \u00een cazul vinurilor cu stres nutri\u021bional special sau \u00een situa\u021bii de stres de mediu pentru drojdie, cum ar fi temperaturile sc\u0103zute de fermenta\u021bie, con\u021binutul poten\u021bial ridicat de alcool, musturi puternic clarificate, musturi cu reziduuri fungicide sau fitosanitare.<\/p>\n<h3>APLICA\u021aIE<\/h3>\n<p>Nutrient cu o excelent\u0103 putere de reducere natural\u0103. Men\u021bine calit\u0103\u021bile aromatice ale vinurilor albe \u0219i ros\u00e9, protej\u00e2ndu-le de oxidare.<\/p>\n<ul>\n<li>La \u00eenceputul sau \u00een primele etape ale fermenta\u021biei alcoolice, pentru a echilibra con\u021binutul de azot organic al mustului.<\/li>\n<\/ul>\n<h3>DOZAJ<\/h3>\n<div class=\"page\" title=\"Pagina 2\">\n<div class=\"layoutArea\">\n<div class=\"column\">\n<p>Condi\u021bii normale de fermentare: 10-20 g\/hl<\/p>\n<p>Condi\u021bii dificile: 20-30 g\/hl<\/p>\n<\/div>\n<\/div>\n<\/div>\n","protected":false},"excerpt":{"rendered":"<p>Actimax GSH este un nutrient organic pentru fermenta\u021bia alcoolic\u0103 cu un con\u021binut ridicat de glutation pentru a p\u0103stra prospe\u021bimea \u0219i calit\u0103\u021bile aromatice ale vinurilor albe \u0219i ros\u00e9.<\/p>\n","protected":false},"featured_media":42569,"template":"","meta":{"_acf_changed":false,"inline_featured_image":false,"site-sidebar-layout":"default","site-content-layout":"default","ast-site-content-layout":"default","site-content-style":"default","site-sidebar-style":"default","ast-global-header-display":"","ast-banner-title-visibility":"","ast-main-header-display":"","ast-hfb-above-header-display":"","ast-hfb-below-header-display":"","ast-hfb-mobile-header-display":"","site-post-title":"","ast-breadcrumbs-content":"","ast-featured-img":"","footer-sml-layout":"","ast-disable-related-posts":"","theme-transparent-header-meta":"default","adv-header-id-meta":"","stick-header-meta":"","header-above-stick-meta":"","header-main-stick-meta":"","header-below-stick-meta":"","astra-migrate-meta-layouts":"default","ast-page-background-enabled":"default","ast-page-background-meta":{"desktop":{"background-color":"var(--ast-global-color-5)","background-image":"","background-repeat":"repeat","background-position":"center center","background-size":"auto","background-attachment":"scroll","background-type":"","background-media":"","overlay-type":"","overlay-color":"","overlay-opacity":"","overlay-gradient":""},"tablet":{"background-color":"","background-image":"","background-repeat":"repeat","background-position":"center center","background-size":"auto","background-attachment":"scroll","background-type":"","background-media":"","overlay-type":"","overlay-color":"","overlay-opacity":"","overlay-gradient":""},"mobile":{"background-color":"","background-image":"","background-repeat":"repeat","background-position":"center center","background-size":"auto","background-attachment":"scroll","background-type":"","background-media":"","overlay-type":"","overlay-color":"","overlay-opacity":"","overlay-gradient":""}},"ast-content-background-meta":{"desktop":{"background-color":"var(--ast-global-color-4)","background-image":"","background-repeat":"repeat","background-position":"center center","background-size":"auto","background-attachment":"scroll","background-type":"","background-media":"","overlay-type":"","overlay-color":"","overlay-opacity":"","overlay-gradient":""},"tablet":{"background-color":"var(--ast-global-color-4)","background-image":"","background-repeat":"repeat","background-position":"center center","background-size":"auto","background-attachment":"scroll","background-type":"","background-media":"","overlay-type":"","overlay-color":"","overlay-opacity":"","overlay-gradient":""},"mobile":{"background-color":"var(--ast-global-color-4)","background-image":"","background-repeat":"repeat","background-position":"center center","background-size":"auto","background-attachment":"scroll","background-type":"","background-media":"","overlay-type":"","overlay-color":"","overlay-opacity":"","overlay-gradient":""}}},"product_brand":[],"product_cat":[213],"product_tag":[294],"class_list":{"0":"post-89592","1":"product","2":"type-product","3":"status-publish","4":"has-post-thumbnail","6":"product_cat-nutrienti","7":"product_tag-nutrienti-organic","8":"pa_aplicacion-fa-fml-ru","9":"pa_composicion-organic-ro","10":"pa_ecologico-autorizat-eu","11":"pa_ecologico-autorizat-nop-usda","12":"pa_estilo-de-vino-alb","13":"pa_estilo-de-vino-butoi","14":"pa_estilo-de-vino-roz","15":"pa_estilo-de-vino-sclipitor","16":"pa_vegano-vegetarian","17":"desktop-align-left","18":"tablet-align-left","19":"mobile-align-left","21":"first","22":"instock","23":"virtual","24":"product-type-simple"},"acf":[],"_links":{"self":[{"href":"https:\/\/agrovin.com\/ro\/wp-json\/wp\/v2\/product\/89592","targetHints":{"allow":["GET"]}}],"collection":[{"href":"https:\/\/agrovin.com\/ro\/wp-json\/wp\/v2\/product"}],"about":[{"href":"https:\/\/agrovin.com\/ro\/wp-json\/wp\/v2\/types\/product"}],"version-history":[{"count":0,"href":"https:\/\/agrovin.com\/ro\/wp-json\/wp\/v2\/product\/89592\/revisions"}],"wp:featuredmedia":[{"embeddable":true,"href":"https:\/\/agrovin.com\/ro\/wp-json\/wp\/v2\/media\/42569"}],"wp:attachment":[{"href":"https:\/\/agrovin.com\/ro\/wp-json\/wp\/v2\/media?parent=89592"}],"wp:term":[{"taxonomy":"product_brand","embeddable":true,"href":"https:\/\/agrovin.com\/ro\/wp-json\/wp\/v2\/product_brand?post=89592"},{"taxonomy":"product_cat","embeddable":true,"href":"https:\/\/agrovin.com\/ro\/wp-json\/wp\/v2\/product_cat?post=89592"},{"taxonomy":"product_tag","embeddable":true,"href":"https:\/\/agrovin.com\/ro\/wp-json\/wp\/v2\/product_tag?post=89592"}],"curies":[{"name":"wp","href":"https:\/\/api.w.org\/{rel}","templated":true}]}}