{"id":89587,"date":"2018-03-09T16:36:16","date_gmt":"2022-11-04T16:58:45","guid":{"rendered":"https:\/\/staging.agrovin.com\/fara-categorie\/purac-vin-acid-lactic-88\/"},"modified":"2022-11-06T11:28:35","modified_gmt":"2022-11-06T10:28:35","slug":"acido-lactico-88","status":"publish","type":"product","link":"https:\/\/agrovin.com\/ro\/produse-oenologice\/acidifiant-dezacidifiant-produse-oenologice\/acido-lactico-88\/","title":{"rendered":"PURAC VIN (\u00c1CIDO L\u00c1CTICO 88%)"},"content":{"rendered":"<h3>CARACTERISTICI<\/h3>\n<p>Este o alternativ\u0103 la acidul tartric pentru acidificarea musturilor \u0219i a vinurilor.<\/p>\n<ul>\n<li>Este mai eficient \u00een cre\u0219terea acidit\u0103\u021bii totale, datorit\u0103 solubilit\u0103\u021bii mai mari a s\u0103rurilor sale cu potasiu.<\/li>\n<li>Ad\u0103ugarea sa determin\u0103 o u\u0219oar\u0103 sc\u0103dere a pH-ului, de\u0219i mai mic\u0103 dec\u00e2t \u00een cazul utiliz\u0103rii acidului tartric \u0219i \u00eentotdeauna previzibil\u0103.<\/li>\n<li>Confer\u0103 vinurilor stabilitate chimic\u0103 \u0219i microbiologic\u0103, precum \u0219i \u00eembun\u0103t\u0103\u021birea calit\u0103\u021bilor organoleptice ale acestora.<\/li>\n<li>Ca o consecin\u021b\u0103 a absen\u021bei precipita\u021biilor, vinurile au o capacitate tampon mai mare.<\/li>\n<li>Acidul lactic ad\u0103ugat \u00een musturi \u0219i vinuri se p\u0103streaz\u0103 dup\u0103 stabilizarea la rece \u0219i poate fi ad\u0103ugat chiar \u00eenainte de \u00eembuteliere f\u0103r\u0103 a provoca probleme de precipitare \u00een sticl\u0103.<\/li>\n<\/ul>\n<h3>APLICA\u021aIE<\/h3>\n<ul>\n<li>\u00cen timpul recolt\u0103rii, ca acidifiant al mustului.<\/li>\n<li>\u00cen vinurile albe, ros\u00e9 \u0219i ro\u0219ii pentru corectarea acidit\u0103\u021bii \u00een timpul procesului de vinificare.<\/li>\n<li>\u00cenainte de \u00eembutelierea vinurilor albe, ros\u00e9 \u0219i ro\u0219ii.<\/li>\n<\/ul>\n<h3>DOZAJ<\/h3>\n<ul>\n<li>Must: 0,5-1,5 ml\/l<\/li>\n<li>Vin: 0,5-2 ml\/l<\/li>\n<\/ul>\n<p>1,13 ml\/l de PuracVin cre\u0219te aciditatea unui vin cu 1 g\/l exprimat\u0103 \u00een acid tartric.<br \/>\nLimita maxim\u0103 de acidificare:<br \/>\n&#8211; Struguri proaspe\u021bi, must de struguri, must de struguri par\u021bial fermentat, must de struguri par\u021bial fermentat \u0219i vin nou \u00eenc\u0103 \u00een fermenta\u021bie: 1,5 g\/l exprimat \u00een acid tartric.<\/p>\n<p>&nbsp;<\/p>\n","protected":false},"excerpt":{"rendered":"<p>Purac Vin este format din 88% acid lactic, utilizat ca acidifiant pentru a corecta aciditatea din musturi \u0219i vinuri. Este o alternativ\u0103 la acidul tartric pentru acidificarea musturilor \u0219i a vinurilor.<\/p>\n","protected":false},"featured_media":34403,"template":"","meta":{"_acf_changed":false,"inline_featured_image":false,"site-sidebar-layout":"default","site-content-layout":"default","ast-site-content-layout":"default","site-content-style":"default","site-sidebar-style":"default","ast-global-header-display":"","ast-banner-title-visibility":"","ast-main-header-display":"","ast-hfb-above-header-display":"","ast-hfb-below-header-display":"","ast-hfb-mobile-header-display":"","site-post-title":"","ast-breadcrumbs-content":"","ast-featured-img":"","footer-sml-layout":"","ast-disable-related-posts":"","theme-transparent-header-meta":"default","adv-header-id-meta":"","stick-header-meta":"","header-above-stick-meta":"","header-main-stick-meta":"","header-below-stick-meta":"","astra-migrate-meta-layouts":"default","ast-page-background-enabled":"default","ast-page-background-meta":{"desktop":{"background-color":"var(--ast-global-color-5)","background-image":"","background-repeat":"repeat","background-position":"center center","background-size":"auto","background-attachment":"scroll","background-type":"","background-media":"","overlay-type":"","overlay-color":"","overlay-opacity":"","overlay-gradient":""},"tablet":{"background-color":"","background-image":"","background-repeat":"repeat","background-position":"center center","background-size":"auto","background-attachment":"scroll","background-type":"","background-media":"","overlay-type":"","overlay-color":"","overlay-opacity":"","overlay-gradient":""},"mobile":{"background-color":"","background-image":"","background-repeat":"repeat","background-position":"center center","background-size":"auto","background-attachment":"scroll","background-type":"","background-media":"","overlay-type":"","overlay-color":"","overlay-opacity":"","overlay-gradient":""}},"ast-content-background-meta":{"desktop":{"background-color":"var(--ast-global-color-4)","background-image":"","background-repeat":"repeat","background-position":"center center","background-size":"auto","background-attachment":"scroll","background-type":"","background-media":"","overlay-type":"","overlay-color":"","overlay-opacity":"","overlay-gradient":""},"tablet":{"background-color":"var(--ast-global-color-4)","background-image":"","background-repeat":"repeat","background-position":"center center","background-size":"auto","background-attachment":"scroll","background-type":"","background-media":"","overlay-type":"","overlay-color":"","overlay-opacity":"","overlay-gradient":""},"mobile":{"background-color":"var(--ast-global-color-4)","background-image":"","background-repeat":"repeat","background-position":"center center","background-size":"auto","background-attachment":"scroll","background-type":"","background-media":"","overlay-type":"","overlay-color":"","overlay-opacity":"","overlay-gradient":""}}},"product_brand":[],"product_cat":[451],"product_tag":[452],"class_list":{"0":"post-89587","1":"product","2":"type-product","3":"status-publish","4":"has-post-thumbnail","6":"product_cat-acidifiant-dezacidifiant-produse-oenologice","7":"product_tag-acidificantes-ro","8":"pa_ecologico-autorizat-eu","9":"pa_ecologico-autorizat-nop-usda","10":"pa_vegano-vegetarian","11":"desktop-align-left","12":"tablet-align-left","13":"mobile-align-left","15":"first","16":"instock","17":"virtual","18":"product-type-simple"},"acf":[],"_links":{"self":[{"href":"https:\/\/agrovin.com\/ro\/wp-json\/wp\/v2\/product\/89587","targetHints":{"allow":["GET"]}}],"collection":[{"href":"https:\/\/agrovin.com\/ro\/wp-json\/wp\/v2\/product"}],"about":[{"href":"https:\/\/agrovin.com\/ro\/wp-json\/wp\/v2\/types\/product"}],"version-history":[{"count":0,"href":"https:\/\/agrovin.com\/ro\/wp-json\/wp\/v2\/product\/89587\/revisions"}],"wp:featuredmedia":[{"embeddable":true,"href":"https:\/\/agrovin.com\/ro\/wp-json\/wp\/v2\/media\/34403"}],"wp:attachment":[{"href":"https:\/\/agrovin.com\/ro\/wp-json\/wp\/v2\/media?parent=89587"}],"wp:term":[{"taxonomy":"product_brand","embeddable":true,"href":"https:\/\/agrovin.com\/ro\/wp-json\/wp\/v2\/product_brand?post=89587"},{"taxonomy":"product_cat","embeddable":true,"href":"https:\/\/agrovin.com\/ro\/wp-json\/wp\/v2\/product_cat?post=89587"},{"taxonomy":"product_tag","embeddable":true,"href":"https:\/\/agrovin.com\/ro\/wp-json\/wp\/v2\/product_tag?post=89587"}],"curies":[{"name":"wp","href":"https:\/\/api.w.org\/{rel}","templated":true}]}}