{"id":89582,"date":"2018-03-12T15:56:22","date_gmt":"2022-11-04T16:58:37","guid":{"rendered":"https:\/\/staging.agrovin.com\/fara-categorie\/enozym-vintage\/"},"modified":"2022-11-06T12:49:17","modified_gmt":"2022-11-06T11:49:17","slug":"enozym-vintage","status":"publish","type":"product","link":"https:\/\/agrovin.com\/ro\/produse-oenologice\/enzime-produse-oenologice\/enozym-vintage\/","title":{"rendered":"ENOZYM VINTAGE"},"content":{"rendered":"<h3>CARACTERISTICI<\/h3>\n<p>Scopul aplic\u0103rii sale nu este doar ob\u021binerea culorii, ci \u0219i ob\u021binerea stabilit\u0103\u021bii culorii prin extragerea echilibrat\u0103 a taninurilor, antocianilor \u0219i polizaharidelor.<\/p>\n<p>Ac\u021biunea sa specific\u0103 este potrivit\u0103 pentru macerarea medie \u0219i lung\u0103 a strugurilor destina\u021bi vinului de butoi.<\/p>\n<h3>APLICA\u021aIE<\/h3>\n<ul>\n<li>Acesta permite o macerare eficient\u0103 a strugurilor ro\u0219ii, ajut\u00e2nd la extragerea echilibrat\u0103 a antocianilor \u0219i a taninurilor. Asigur\u0103 stabilitatea prin combinarea cu polizaharidele. Efect foarte dorit atunci c\u00e2nd se aplic\u0103 taninuri de adaos: \u00eembun\u0103t\u0103\u021birea stabilit\u0103\u021bii taninului exogen.<\/li>\n<li>Extrac\u021bia compu\u0219ilor aromatici din celulele pielii. Vinurile tratate cu aceast\u0103 enzim\u0103 exprim\u0103 arome de soi \u0219i o gur\u0103 mai plin\u0103.<\/li>\n<li>Timpul de macerare poate fi redus cu 25%, un efect de dorit \u00een cazul cuvelor scurte.<\/li>\n<li>Faciliteaz\u0103 clarificarea musturilor \u0219i a vinurilor.<\/li>\n<\/ul>\n<h3>DOZAJ<\/h3>\n<div class=\"page\" title=\"Pagina 1\">\n<div class=\"section\">\n<div class=\"layoutArea\">\n<div class=\"column\">\n<div class=\"page\" title=\"Pagina 1\">\n<div class=\"section\">\n<div class=\"layoutArea\">\n<div class=\"column\">\n<p>Macerare ro\u0219ie: &gt; 1 g\/100 kg<br \/>\nPres\u0103rat: &gt; 3 g\/100 kg<br \/>\nFiltrare: &gt; 2 g\/hl<br \/>\nVinuri\/mu\u0219tar afectat de Botrytis: &gt; 3 g\/hl<\/p>\n<\/div>\n<\/div>\n<\/div>\n<\/div>\n<\/div>\n<\/div>\n<\/div>\n<\/div>\n","protected":false},"excerpt":{"rendered":"<p>Enozym Vintage este un preparat enzimatic conceput pentru extrac\u021bia \u0219i stabilitatea compu\u0219ilor polifenolici \u00een timpul fazei de macerare fermentativ\u0103 a strugurilor ro\u0219ii.<\/p>\n","protected":false},"featured_media":43913,"template":"","meta":{"_acf_changed":false,"inline_featured_image":false,"site-sidebar-layout":"default","site-content-layout":"default","ast-site-content-layout":"default","site-content-style":"default","site-sidebar-style":"default","ast-global-header-display":"","ast-banner-title-visibility":"","ast-main-header-display":"","ast-hfb-above-header-display":"","ast-hfb-below-header-display":"","ast-hfb-mobile-header-display":"","site-post-title":"","ast-breadcrumbs-content":"","ast-featured-img":"","footer-sml-layout":"","ast-disable-related-posts":"","theme-transparent-header-meta":"default","adv-header-id-meta":"","stick-header-meta":"","header-above-stick-meta":"","header-main-stick-meta":"","header-below-stick-meta":"","astra-migrate-meta-layouts":"default","ast-page-background-enabled":"default","ast-page-background-meta":{"desktop":{"background-color":"var(--ast-global-color-5)","background-image":"","background-repeat":"repeat","background-position":"center center","background-size":"auto","background-attachment":"scroll","background-type":"","background-media":"","overlay-type":"","overlay-color":"","overlay-opacity":"","overlay-gradient":""},"tablet":{"background-color":"","background-image":"","background-repeat":"repeat","background-position":"center center","background-size":"auto","background-attachment":"scroll","background-type":"","background-media":"","overlay-type":"","overlay-color":"","overlay-opacity":"","overlay-gradient":""},"mobile":{"background-color":"","background-image":"","background-repeat":"repeat","background-position":"center center","background-size":"auto","background-attachment":"scroll","background-type":"","background-media":"","overlay-type":"","overlay-color":"","overlay-opacity":"","overlay-gradient":""}},"ast-content-background-meta":{"desktop":{"background-color":"var(--ast-global-color-4)","background-image":"","background-repeat":"repeat","background-position":"center center","background-size":"auto","background-attachment":"scroll","background-type":"","background-media":"","overlay-type":"","overlay-color":"","overlay-opacity":"","overlay-gradient":""},"tablet":{"background-color":"var(--ast-global-color-4)","background-image":"","background-repeat":"repeat","background-position":"center center","background-size":"auto","background-attachment":"scroll","background-type":"","background-media":"","overlay-type":"","overlay-color":"","overlay-opacity":"","overlay-gradient":""},"mobile":{"background-color":"var(--ast-global-color-4)","background-image":"","background-repeat":"repeat","background-position":"center center","background-size":"auto","background-attachment":"scroll","background-type":"","background-media":"","overlay-type":"","overlay-color":"","overlay-opacity":"","overlay-gradient":""}}},"product_brand":[],"product_cat":[178],"product_tag":[486],"class_list":{"0":"post-89582","1":"product","2":"type-product","3":"status-publish","4":"has-post-thumbnail","6":"product_cat-enzime-produse-oenologice","7":"product_tag-extractor-de-culoare","8":"pa_aplicacion-fa-fml-ru","9":"pa_ecologico-autorizat-eu","10":"pa_ecologico-autorizat-nop-usda","11":"pa_estilo-de-vino-butoi","12":"pa_estilo-de-vino-rosu","13":"pa_objetivo-extragerea-culorii","14":"pa_vegano-vegetarian","15":"desktop-align-left","16":"tablet-align-left","17":"mobile-align-left","19":"first","20":"instock","21":"virtual","22":"product-type-simple"},"acf":[],"_links":{"self":[{"href":"https:\/\/agrovin.com\/ro\/wp-json\/wp\/v2\/product\/89582","targetHints":{"allow":["GET"]}}],"collection":[{"href":"https:\/\/agrovin.com\/ro\/wp-json\/wp\/v2\/product"}],"about":[{"href":"https:\/\/agrovin.com\/ro\/wp-json\/wp\/v2\/types\/product"}],"version-history":[{"count":0,"href":"https:\/\/agrovin.com\/ro\/wp-json\/wp\/v2\/product\/89582\/revisions"}],"wp:featuredmedia":[{"embeddable":true,"href":"https:\/\/agrovin.com\/ro\/wp-json\/wp\/v2\/media\/43913"}],"wp:attachment":[{"href":"https:\/\/agrovin.com\/ro\/wp-json\/wp\/v2\/media?parent=89582"}],"wp:term":[{"taxonomy":"product_brand","embeddable":true,"href":"https:\/\/agrovin.com\/ro\/wp-json\/wp\/v2\/product_brand?post=89582"},{"taxonomy":"product_cat","embeddable":true,"href":"https:\/\/agrovin.com\/ro\/wp-json\/wp\/v2\/product_cat?post=89582"},{"taxonomy":"product_tag","embeddable":true,"href":"https:\/\/agrovin.com\/ro\/wp-json\/wp\/v2\/product_tag?post=89582"}],"curies":[{"name":"wp","href":"https:\/\/api.w.org\/{rel}","templated":true}]}}