{"id":89577,"date":"2018-03-12T15:43:29","date_gmt":"2022-11-04T16:58:28","guid":{"rendered":"https:\/\/staging.agrovin.com\/fara-categorie\/enozym-glucan\/"},"modified":"2022-11-06T15:06:09","modified_gmt":"2022-11-06T14:06:09","slug":"enovin-glucan","status":"publish","type":"product","link":"https:\/\/agrovin.com\/ro\/produse-oenologice\/enzime-produse-oenologice\/enovin-glucan\/","title":{"rendered":"ENOZYM GLUCAN"},"content":{"rendered":"<h3>CARACTERISTICI<\/h3>\n<ul>\n<li>\u00cembun\u0103t\u0103\u021be\u0219te clarificarea \u0219i filtrabilitatea. Permite degradarea \u00df-glucanilor produ\u0219i de Botrytis cinerea \u00een struguri, care \u00eempiedic\u0103 decantarea mustului, precum \u0219i clarificarea \u0219i filtrarea vinului.<\/li>\n<li>Accelereaz\u0103 \u00eenvechirea pe drojdie. Ac\u021bioneaz\u0103 asupra \u00df-glucanilor din pere\u021bii celulelor de drojdie, permi\u021b\u00e2nd extragerea polizaharidelor.<\/li>\n<\/ul>\n<h3>APLICA\u021aIE<\/h3>\n<p>Tratamentul musturilor \u0219i vinurilor afectate de putregai.<\/p>\n<ul>\n<li>\u00cen musturi, \u00eembun\u0103t\u0103\u021be\u0219te procesul de decantare. Aplicat \u00eempreun\u0103 cu enzimele pectolitice, acesta ajut\u0103 la precipitarea coloidal\u0103 \u0219i evit\u0103 problemele ulterioare de clarificare \u0219i filtrare.<\/li>\n<li>\u00cen cazul vinurilor albe \u0219i ro\u0219ii din struguri putrezi\u021bi, permite \u0219i \u00eembun\u0103t\u0103\u021be\u0219te clarificarea \u0219i filtrarea.<\/li>\n<\/ul>\n<p>\u00cembun\u0103t\u0103\u021birea clarific\u0103rii \u0219i filtr\u0103rii vinului. Combina\u021bia dintre Enozym GLUCAN \u0219i o enzim\u0103 de natur\u0103 pectolitic\u0103 (Enovin CLAR sau Enovin PECTINASE):<\/p>\n<ul>\n<li>Reduce dozajul \u0219i eficien\u021ba clarificatorului<\/li>\n<li>Reduce volumul drojdiei \u0219i cre\u0219te randamentul.<\/li>\n<li>\u00cembun\u0103t\u0103\u021be\u0219te performan\u021ba \u0219i calitatea filtr\u0103rii.<\/li>\n<li>\u00cembun\u0103t\u0103\u021be\u0219te clarificarea \u0219i calitatea vinurilor de pres\u0103.<\/li>\n<li>Acesta permite clarificarea vinurilor provenite din struguri prea maturi sau stafidi\u021bi.<\/li>\n<\/ul>\n<p>\u00cenvechirea pe drojdie fin\u0103 spore\u0219te extrac\u021bia polizaharidelor (manoproteine), care confer\u0103 mai mult corp \u0219i structur\u0103.<\/p>\n<ul>\n<li>Se reduce timpul de \u00eenvechire pe drojdie.<\/li>\n<li>Evit\u0103 riscurile de reducere \u0219i de abateri microbiologice rezultate \u00een urma unei perioade lungi de timp \u00een butoi.<\/li>\n<li>Aceasta \u00eembun\u0103t\u0103\u021be\u0219te filtrarea ulterioar\u0103, evit\u00e2nd pierderile de arom\u0103 \u00een aceast\u0103 etap\u0103.<\/li>\n<li>Aplicarea \u00een vinurile ro\u0219ii ajut\u0103 la stabilitatea culorii \u0219i \u00eenmoaie taninurile.<\/li>\n<\/ul>\n<h3>DOZAJ<\/h3>\n<div class=\"page\" title=\"Pagina 1\">\n<div class=\"section\">\n<div class=\"layoutArea\">\n<div class=\"column\">\n<p>Tratamentul musturilor\/vinurilor afectate de putregai.<\/p>\n<\/div>\n<\/div>\n<div class=\"layoutArea\">\n<div class=\"column\">\n<p>Vin alb: &gt; 3 g\/hl<\/p>\n<p>Vin ro\u0219u: &gt; 3 g\/hl<\/p>\n<\/div>\n<\/div>\n<div class=\"layoutArea\">\n<div class=\"column\">\n<p>\u00cembun\u0103t\u0103\u021birea clarific\u0103rii \u0219i filtr\u0103rii vinului (*)<\/p>\n<p>Vin alb: &gt; 3 g\/hl<\/p>\n<p>Vin ro\u0219u: &gt; 3 g\/hl<\/p>\n<p>(*)Combinare cu enzime pectolitice \u00een doz\u0103 de 2 g\/hl.<\/p>\n<p>Cre\u0219tere pe drojdie.<\/p>\n<\/div>\n<\/div>\n<div class=\"layoutArea\">\n<div class=\"column\">\n<p>Vin alb: 3 g\/hl<\/p>\n<p>Vin ro\u0219u: 5 g\/hl<\/p>\n<\/div>\n<div class=\"column\">\n<p>&nbsp;<\/p>\n<\/div>\n<div class=\"column\">\n<p>&nbsp;<\/p>\n<\/div>\n<\/div>\n<\/div>\n<\/div>\n","protected":false},"excerpt":{"rendered":"<p>Enozym Glucan este un preparat enzimatic cu activitate de \u00df-1,3-1,6 glucanaz\u0103, special conceput pentru hidroliza glucanilor prezen\u021bi \u00een musturi \u0219i vinuri.<\/p>\n","protected":false},"featured_media":22171,"template":"","meta":{"_acf_changed":false,"inline_featured_image":false,"site-sidebar-layout":"default","site-content-layout":"default","ast-site-content-layout":"default","site-content-style":"default","site-sidebar-style":"default","ast-global-header-display":"","ast-banner-title-visibility":"","ast-main-header-display":"","ast-hfb-above-header-display":"","ast-hfb-below-header-display":"","ast-hfb-mobile-header-display":"","site-post-title":"","ast-breadcrumbs-content":"","ast-featured-img":"","footer-sml-layout":"","ast-disable-related-posts":"","theme-transparent-header-meta":"default","adv-header-id-meta":"","stick-header-meta":"","header-above-stick-meta":"","header-main-stick-meta":"","header-below-stick-meta":"","astra-migrate-meta-layouts":"default","ast-page-background-enabled":"default","ast-page-background-meta":{"desktop":{"background-color":"var(--ast-global-color-5)","background-image":"","background-repeat":"repeat","background-position":"center center","background-size":"auto","background-attachment":"scroll","background-type":"","background-media":"","overlay-type":"","overlay-color":"","overlay-opacity":"","overlay-gradient":""},"tablet":{"background-color":"","background-image":"","background-repeat":"repeat","background-position":"center center","background-size":"auto","background-attachment":"scroll","background-type":"","background-media":"","overlay-type":"","overlay-color":"","overlay-opacity":"","overlay-gradient":""},"mobile":{"background-color":"","background-image":"","background-repeat":"repeat","background-position":"center center","background-size":"auto","background-attachment":"scroll","background-type":"","background-media":"","overlay-type":"","overlay-color":"","overlay-opacity":"","overlay-gradient":""}},"ast-content-background-meta":{"desktop":{"background-color":"var(--ast-global-color-4)","background-image":"","background-repeat":"repeat","background-position":"center center","background-size":"auto","background-attachment":"scroll","background-type":"","background-media":"","overlay-type":"","overlay-color":"","overlay-opacity":"","overlay-gradient":""},"tablet":{"background-color":"var(--ast-global-color-4)","background-image":"","background-repeat":"repeat","background-position":"center center","background-size":"auto","background-attachment":"scroll","background-type":"","background-media":"","overlay-type":"","overlay-color":"","overlay-opacity":"","overlay-gradient":""},"mobile":{"background-color":"var(--ast-global-color-4)","background-image":"","background-repeat":"repeat","background-position":"center center","background-size":"auto","background-attachment":"scroll","background-type":"","background-media":"","overlay-type":"","overlay-color":"","overlay-opacity":"","overlay-gradient":""}}},"product_brand":[],"product_cat":[178],"product_tag":[466,764],"class_list":{"0":"post-89577","1":"product","2":"type-product","3":"status-publish","4":"has-post-thumbnail","6":"product_cat-enzime-produse-oenologice","7":"product_tag-botrytis-ro","8":"product_tag-filtrarea-si-imbatranirea-pe-drojdii","9":"pa_ecologico-autorizat-nop-usda","10":"pa_estilo-de-vino-alb","11":"pa_estilo-de-vino-rosu","12":"pa_estilo-de-vino-roz","13":"pa_estilo-de-vino-sclipitor","14":"pa_vegano-vegetarian","15":"desktop-align-left","16":"tablet-align-left","17":"mobile-align-left","19":"first","20":"instock","21":"virtual","22":"product-type-simple"},"acf":[],"_links":{"self":[{"href":"https:\/\/agrovin.com\/ro\/wp-json\/wp\/v2\/product\/89577","targetHints":{"allow":["GET"]}}],"collection":[{"href":"https:\/\/agrovin.com\/ro\/wp-json\/wp\/v2\/product"}],"about":[{"href":"https:\/\/agrovin.com\/ro\/wp-json\/wp\/v2\/types\/product"}],"version-history":[{"count":0,"href":"https:\/\/agrovin.com\/ro\/wp-json\/wp\/v2\/product\/89577\/revisions"}],"wp:featuredmedia":[{"embeddable":true,"href":"https:\/\/agrovin.com\/ro\/wp-json\/wp\/v2\/media\/22171"}],"wp:attachment":[{"href":"https:\/\/agrovin.com\/ro\/wp-json\/wp\/v2\/media?parent=89577"}],"wp:term":[{"taxonomy":"product_brand","embeddable":true,"href":"https:\/\/agrovin.com\/ro\/wp-json\/wp\/v2\/product_brand?post=89577"},{"taxonomy":"product_cat","embeddable":true,"href":"https:\/\/agrovin.com\/ro\/wp-json\/wp\/v2\/product_cat?post=89577"},{"taxonomy":"product_tag","embeddable":true,"href":"https:\/\/agrovin.com\/ro\/wp-json\/wp\/v2\/product_tag?post=89577"}],"curies":[{"name":"wp","href":"https:\/\/api.w.org\/{rel}","templated":true}]}}