{"id":89572,"date":"2018-03-11T16:34:53","date_gmt":"2022-11-04T16:58:20","guid":{"rendered":"https:\/\/staging.agrovin.com\/fara-categorie\/acidul-citric\/"},"modified":"2023-03-29T18:27:40","modified_gmt":"2023-03-29T17:27:40","slug":"acido-citrico","status":"publish","type":"product","link":"https:\/\/agrovin.com\/ro\/produse-oenologice\/acidifiant-dezacidifiant-produse-oenologice\/acido-citrico\/","title":{"rendered":"ACID CITRIC"},"content":{"rendered":"<h3>CARACTERISTICI<\/h3>\n<p>Acidul citric formeaz\u0103 complec\u0219i naturali cu Fe(III), astfel \u00eenc\u00e2t ad\u0103ugarea sa poate consolida aceast\u0103 ac\u021biune prin sechestrarea unei anumite cantit\u0103\u021bi de fier con\u021binute \u00een vin. Acidul citric este o substan\u021b\u0103 perfect solubil\u0103 \u00een vinuri \u0219i se g\u0103se\u0219te, de asemenea, \u00een mod natural \u00een vinuri, \u00een special \u00een cele care nu au suferit fermenta\u021bie malolactic\u0103, deoarece bacteriile lactice sunt capabile s\u0103 \u00eel degradeze \u00een totalitate.<\/p>\n<h3>APLICA\u021aIE<\/h3>\n<ul>\n<li>\u00cen timpul recolt\u0103rii, ca acidifiant al mustului.<\/li>\n<li>\u00cen vinurile albe, ros\u00e9 \u0219i ro\u0219ii pentru corectarea acidit\u0103\u021bii \u00een timpul procesului de vinificare.<\/li>\n<li>La b\u0103uturi \u00een general, at\u00e2t b\u0103uturi r\u0103coritoare, c\u00e2t \u0219i b\u0103uturi carbogazoase.<\/li>\n<li>\u00cen bomboane, fructe, conserve de pe\u0219te, \u00eenghe\u021bat\u0103, dulciuri \u00een general, sosuri, sucuri \u0219i sirop de fructe etc.<\/li>\n<li>Datorit\u0103 naturii sale de sechestrare, poate fi utilizat ca agent de cur\u0103\u021bare a o\u021belului inoxidabil.<\/li>\n<\/ul>\n<h3>DOZAJ<\/h3>\n<ul>\n<li>Dozaj 0,2 &#8211; 0,5 g\/l.<\/li>\n<\/ul>\n<p>Cantitatea maxim\u0103 legal\u0103 \u00een vin este de 1 g\/l.<\/p>\n<p>&nbsp;<\/p>\n","protected":false},"excerpt":{"rendered":"<p>Acidul citric (E-330) este un acidifiant pentru corectarea acidit\u0103\u021bii \u00een musturi \u0219i vinuri \u0219i are, de asemenea, o ac\u021biune stabilizatoare ca antioxidant.<\/p>\n","protected":false},"featured_media":34409,"template":"","meta":{"_acf_changed":false,"inline_featured_image":false,"site-sidebar-layout":"default","site-content-layout":"default","ast-site-content-layout":"default","site-content-style":"default","site-sidebar-style":"default","ast-global-header-display":"","ast-banner-title-visibility":"","ast-main-header-display":"","ast-hfb-above-header-display":"","ast-hfb-below-header-display":"","ast-hfb-mobile-header-display":"","site-post-title":"","ast-breadcrumbs-content":"","ast-featured-img":"","footer-sml-layout":"","ast-disable-related-posts":"","theme-transparent-header-meta":"default","adv-header-id-meta":"","stick-header-meta":"","header-above-stick-meta":"","header-main-stick-meta":"","header-below-stick-meta":"","astra-migrate-meta-layouts":"default","ast-page-background-enabled":"default","ast-page-background-meta":{"desktop":{"background-color":"var(--ast-global-color-5)","background-image":"","background-repeat":"repeat","background-position":"center center","background-size":"auto","background-attachment":"scroll","background-type":"","background-media":"","overlay-type":"","overlay-color":"","overlay-opacity":"","overlay-gradient":""},"tablet":{"background-color":"","background-image":"","background-repeat":"repeat","background-position":"center center","background-size":"auto","background-attachment":"scroll","background-type":"","background-media":"","overlay-type":"","overlay-color":"","overlay-opacity":"","overlay-gradient":""},"mobile":{"background-color":"","background-image":"","background-repeat":"repeat","background-position":"center center","background-size":"auto","background-attachment":"scroll","background-type":"","background-media":"","overlay-type":"","overlay-color":"","overlay-opacity":"","overlay-gradient":""}},"ast-content-background-meta":{"desktop":{"background-color":"var(--ast-global-color-4)","background-image":"","background-repeat":"repeat","background-position":"center center","background-size":"auto","background-attachment":"scroll","background-type":"","background-media":"","overlay-type":"","overlay-color":"","overlay-opacity":"","overlay-gradient":""},"tablet":{"background-color":"var(--ast-global-color-4)","background-image":"","background-repeat":"repeat","background-position":"center center","background-size":"auto","background-attachment":"scroll","background-type":"","background-media":"","overlay-type":"","overlay-color":"","overlay-opacity":"","overlay-gradient":""},"mobile":{"background-color":"var(--ast-global-color-4)","background-image":"","background-repeat":"repeat","background-position":"center center","background-size":"auto","background-attachment":"scroll","background-type":"","background-media":"","overlay-type":"","overlay-color":"","overlay-opacity":"","overlay-gradient":""}}},"product_brand":[],"product_cat":[451],"product_tag":[452],"class_list":{"0":"post-89572","1":"product","2":"type-product","3":"status-publish","4":"has-post-thumbnail","6":"product_cat-acidifiant-dezacidifiant-produse-oenologice","7":"product_tag-acidificantes-ro","8":"pa_ecologico-autorizat-eu","9":"pa_ecologico-autorizat-nop-usda","10":"pa_vegano-vegetarian","11":"desktop-align-left","12":"tablet-align-left","13":"mobile-align-left","15":"first","16":"instock","17":"virtual","18":"product-type-simple"},"acf":[],"_links":{"self":[{"href":"https:\/\/agrovin.com\/ro\/wp-json\/wp\/v2\/product\/89572","targetHints":{"allow":["GET"]}}],"collection":[{"href":"https:\/\/agrovin.com\/ro\/wp-json\/wp\/v2\/product"}],"about":[{"href":"https:\/\/agrovin.com\/ro\/wp-json\/wp\/v2\/types\/product"}],"version-history":[{"count":0,"href":"https:\/\/agrovin.com\/ro\/wp-json\/wp\/v2\/product\/89572\/revisions"}],"wp:featuredmedia":[{"embeddable":true,"href":"https:\/\/agrovin.com\/ro\/wp-json\/wp\/v2\/media\/34409"}],"wp:attachment":[{"href":"https:\/\/agrovin.com\/ro\/wp-json\/wp\/v2\/media?parent=89572"}],"wp:term":[{"taxonomy":"product_brand","embeddable":true,"href":"https:\/\/agrovin.com\/ro\/wp-json\/wp\/v2\/product_brand?post=89572"},{"taxonomy":"product_cat","embeddable":true,"href":"https:\/\/agrovin.com\/ro\/wp-json\/wp\/v2\/product_cat?post=89572"},{"taxonomy":"product_tag","embeddable":true,"href":"https:\/\/agrovin.com\/ro\/wp-json\/wp\/v2\/product_tag?post=89572"}],"curies":[{"name":"wp","href":"https:\/\/api.w.org\/{rel}","templated":true}]}}