{"id":89557,"date":"2018-03-08T16:32:51","date_gmt":"2022-11-04T16:57:56","guid":{"rendered":"https:\/\/staging.agrovin.com\/fara-categorie\/tartaric-2-0\/"},"modified":"2022-11-06T11:50:15","modified_gmt":"2022-11-06T10:50:15","slug":"tartaric-2-0","status":"publish","type":"product","link":"https:\/\/agrovin.com\/ro\/produse-oenologice\/acidifiant-dezacidifiant-produse-oenologice\/tartaric-2-0\/","title":{"rendered":"TARTARIC 2.0"},"content":{"rendered":"<h3>CARACTERISTICI<\/h3>\n<p>Acesta este acidul tartric dextro, acidul L(+) tartric sau acidul tartric natural. Forma sa lichid\u0103 \u00eel face u\u0219or de utilizat \u0219i garanteaz\u0103 utilizarea complet\u0103 a dozei utilizate.<\/p>\n<h3>APLICA\u021aIE<\/h3>\n<ul>\n<li>\u00cen timpul recolt\u0103rii, ca acidifiant al mustului.<\/li>\n<li>\u00cen vinurile albe, ros\u00e9 \u0219i ro\u0219ii pentru corectarea acidit\u0103\u021bii \u00een timpul procesului de vinificare.<\/li>\n<\/ul>\n<h3>DOZAJ<\/h3>\n<ul>\n<li>Must 100-300 ml\/hl<\/li>\n<li>Vin 100-500 ml\/hl<\/li>\n<\/ul>\n<p>Limita maxim\u0103 de acidificare:<br \/>\n&#8211; Struguri proaspe\u021bi, must de struguri, must de struguri par\u021bial fermentat, must de struguri par\u021bial fermentat \u0219i vin nou \u00eenc\u0103 \u00een fermenta\u021bie: 1,5 g\/l exprimat \u00een acid tartric.<br \/>\n&#8211; Vin: 2,5 g\/l exprimat \u00een acid tartric.<\/p>\n","protected":false},"excerpt":{"rendered":"<p>Acid tartric \u00een solu\u021bie. Acidul tartric (E-334) este un acidifiant pentru corectarea acidit\u0103\u021bii \u00een musturi \u0219i vinuri.<\/p>\n","protected":false},"featured_media":34373,"template":"","meta":{"_acf_changed":false,"inline_featured_image":false,"site-sidebar-layout":"default","site-content-layout":"default","ast-site-content-layout":"default","site-content-style":"default","site-sidebar-style":"default","ast-global-header-display":"","ast-banner-title-visibility":"","ast-main-header-display":"","ast-hfb-above-header-display":"","ast-hfb-below-header-display":"","ast-hfb-mobile-header-display":"","site-post-title":"","ast-breadcrumbs-content":"","ast-featured-img":"","footer-sml-layout":"","ast-disable-related-posts":"","theme-transparent-header-meta":"default","adv-header-id-meta":"","stick-header-meta":"","header-above-stick-meta":"","header-main-stick-meta":"","header-below-stick-meta":"","astra-migrate-meta-layouts":"default","ast-page-background-enabled":"default","ast-page-background-meta":{"desktop":{"background-color":"var(--ast-global-color-5)","background-image":"","background-repeat":"repeat","background-position":"center center","background-size":"auto","background-attachment":"scroll","background-type":"","background-media":"","overlay-type":"","overlay-color":"","overlay-opacity":"","overlay-gradient":""},"tablet":{"background-color":"","background-image":"","background-repeat":"repeat","background-position":"center center","background-size":"auto","background-attachment":"scroll","background-type":"","background-media":"","overlay-type":"","overlay-color":"","overlay-opacity":"","overlay-gradient":""},"mobile":{"background-color":"","background-image":"","background-repeat":"repeat","background-position":"center center","background-size":"auto","background-attachment":"scroll","background-type":"","background-media":"","overlay-type":"","overlay-color":"","overlay-opacity":"","overlay-gradient":""}},"ast-content-background-meta":{"desktop":{"background-color":"var(--ast-global-color-4)","background-image":"","background-repeat":"repeat","background-position":"center center","background-size":"auto","background-attachment":"scroll","background-type":"","background-media":"","overlay-type":"","overlay-color":"","overlay-opacity":"","overlay-gradient":""},"tablet":{"background-color":"var(--ast-global-color-4)","background-image":"","background-repeat":"repeat","background-position":"center center","background-size":"auto","background-attachment":"scroll","background-type":"","background-media":"","overlay-type":"","overlay-color":"","overlay-opacity":"","overlay-gradient":""},"mobile":{"background-color":"var(--ast-global-color-4)","background-image":"","background-repeat":"repeat","background-position":"center center","background-size":"auto","background-attachment":"scroll","background-type":"","background-media":"","overlay-type":"","overlay-color":"","overlay-opacity":"","overlay-gradient":""}}},"product_brand":[],"product_cat":[451],"product_tag":[452],"class_list":{"0":"post-89557","1":"product","2":"type-product","3":"status-publish","4":"has-post-thumbnail","6":"product_cat-acidifiant-dezacidifiant-produse-oenologice","7":"product_tag-acidificantes-ro","8":"pa_ecologico-autorizat-eu","9":"pa_ecologico-autorizat-nop-usda","10":"pa_vegano-vegetarian","11":"desktop-align-left","12":"tablet-align-left","13":"mobile-align-left","15":"first","16":"instock","17":"virtual","18":"product-type-simple"},"acf":[],"_links":{"self":[{"href":"https:\/\/agrovin.com\/ro\/wp-json\/wp\/v2\/product\/89557","targetHints":{"allow":["GET"]}}],"collection":[{"href":"https:\/\/agrovin.com\/ro\/wp-json\/wp\/v2\/product"}],"about":[{"href":"https:\/\/agrovin.com\/ro\/wp-json\/wp\/v2\/types\/product"}],"version-history":[{"count":0,"href":"https:\/\/agrovin.com\/ro\/wp-json\/wp\/v2\/product\/89557\/revisions"}],"wp:featuredmedia":[{"embeddable":true,"href":"https:\/\/agrovin.com\/ro\/wp-json\/wp\/v2\/media\/34373"}],"wp:attachment":[{"href":"https:\/\/agrovin.com\/ro\/wp-json\/wp\/v2\/media?parent=89557"}],"wp:term":[{"taxonomy":"product_brand","embeddable":true,"href":"https:\/\/agrovin.com\/ro\/wp-json\/wp\/v2\/product_brand?post=89557"},{"taxonomy":"product_cat","embeddable":true,"href":"https:\/\/agrovin.com\/ro\/wp-json\/wp\/v2\/product_cat?post=89557"},{"taxonomy":"product_tag","embeddable":true,"href":"https:\/\/agrovin.com\/ro\/wp-json\/wp\/v2\/product_tag?post=89557"}],"curies":[{"name":"wp","href":"https:\/\/api.w.org\/{rel}","templated":true}]}}