{"id":89552,"date":"2018-03-12T16:18:55","date_gmt":"2022-11-04T16:57:48","guid":{"rendered":"https:\/\/staging.agrovin.com\/fara-categorie\/enovin-chrom\/"},"modified":"2022-11-06T12:31:12","modified_gmt":"2022-11-06T11:31:12","slug":"enovin-crom","status":"publish","type":"product","link":"https:\/\/agrovin.com\/ro\/produse-oenologice\/enzime-produse-oenologice\/enovin-crom\/","title":{"rendered":"ENOVIN CROM"},"content":{"rendered":"<h3>CARACTERISTICI<\/h3>\n<p>Aceasta permite macer\u0103ri mai scurte, ceea ce este de dorit \u00een anii de recolt\u0103 cu putregai sau atunci c\u00e2nd dori\u021bi s\u0103 refolosi\u021bi rapid rezervorul de fermentare.<\/p>\n<p>Acesta permite compactarea reziduurilor \u0219i efectuarea de despr\u0103fuire sau clarificare.<\/p>\n<h3>APLICA\u021aIE<\/h3>\n<ul>\n<li>Enovin CROM este enzima indicat\u0103 pentru macerarea soiurilor de struguri ro\u0219ii, m\u0103rind extrac\u021bia de material polifenolic \u0219i aromatic din recolta de struguri.<\/li>\n<li>Poate fi aplicat pe rezervorul de fermentare \u00een timpul cubaj\u0103rii sau direct pe struguri \u00eenainte sau dup\u0103 zdrobire.<\/li>\n<li>Ad\u0103ugarea enzimei permite o autoclarificare rapid\u0103 \u0219i o filtrare \u00eembun\u0103t\u0103\u021bit\u0103.<\/li>\n<\/ul>\n<h3>DOZAJ<\/h3>\n<p>Macerare ro\u0219ie: &gt; 2 ml\/100 kg<\/p>\n<p>Presare: &gt; 4 ml\/100 kg<\/p>\n","protected":false},"excerpt":{"rendered":"<p>Enovin CROM este un preparat enzimatic lichid conceput special pentru macerarea strugurilor ro\u0219ii, permi\u021b\u00e2nd o mai mare extrac\u021bie a compu\u0219ilor fenolici, o mai mare intensitate aromatic\u0103, precum \u0219i o cre\u0219tere a randamentului la presare.<\/p>\n","protected":false},"featured_media":43916,"template":"","meta":{"_acf_changed":false,"inline_featured_image":false,"site-sidebar-layout":"default","site-content-layout":"default","ast-site-content-layout":"default","site-content-style":"default","site-sidebar-style":"default","ast-global-header-display":"","ast-banner-title-visibility":"","ast-main-header-display":"","ast-hfb-above-header-display":"","ast-hfb-below-header-display":"","ast-hfb-mobile-header-display":"","site-post-title":"","ast-breadcrumbs-content":"","ast-featured-img":"","footer-sml-layout":"","ast-disable-related-posts":"","theme-transparent-header-meta":"default","adv-header-id-meta":"","stick-header-meta":"","header-above-stick-meta":"","header-main-stick-meta":"","header-below-stick-meta":"","astra-migrate-meta-layouts":"default","ast-page-background-enabled":"default","ast-page-background-meta":{"desktop":{"background-color":"var(--ast-global-color-5)","background-image":"","background-repeat":"repeat","background-position":"center center","background-size":"auto","background-attachment":"scroll","background-type":"","background-media":"","overlay-type":"","overlay-color":"","overlay-opacity":"","overlay-gradient":""},"tablet":{"background-color":"","background-image":"","background-repeat":"repeat","background-position":"center center","background-size":"auto","background-attachment":"scroll","background-type":"","background-media":"","overlay-type":"","overlay-color":"","overlay-opacity":"","overlay-gradient":""},"mobile":{"background-color":"","background-image":"","background-repeat":"repeat","background-position":"center center","background-size":"auto","background-attachment":"scroll","background-type":"","background-media":"","overlay-type":"","overlay-color":"","overlay-opacity":"","overlay-gradient":""}},"ast-content-background-meta":{"desktop":{"background-color":"var(--ast-global-color-4)","background-image":"","background-repeat":"repeat","background-position":"center center","background-size":"auto","background-attachment":"scroll","background-type":"","background-media":"","overlay-type":"","overlay-color":"","overlay-opacity":"","overlay-gradient":""},"tablet":{"background-color":"var(--ast-global-color-4)","background-image":"","background-repeat":"repeat","background-position":"center center","background-size":"auto","background-attachment":"scroll","background-type":"","background-media":"","overlay-type":"","overlay-color":"","overlay-opacity":"","overlay-gradient":""},"mobile":{"background-color":"var(--ast-global-color-4)","background-image":"","background-repeat":"repeat","background-position":"center center","background-size":"auto","background-attachment":"scroll","background-type":"","background-media":"","overlay-type":"","overlay-color":"","overlay-opacity":"","overlay-gradient":""}}},"product_brand":[],"product_cat":[178],"product_tag":[486],"class_list":{"0":"post-89552","1":"product","2":"type-product","3":"status-publish","4":"has-post-thumbnail","6":"product_cat-enzime-produse-oenologice","7":"product_tag-extractor-de-culoare","8":"pa_aplicacion-fa-fml-ru","9":"pa_ecologico-autorizat-eu","10":"pa_ecologico-autorizat-nop-usda","11":"pa_estilo-de-vino-rosu","12":"pa_objetivo-extragerea-culorii","13":"pa_vegano-vegetarian","14":"desktop-align-left","15":"tablet-align-left","16":"mobile-align-left","18":"first","19":"instock","20":"virtual","21":"product-type-simple"},"acf":[],"_links":{"self":[{"href":"https:\/\/agrovin.com\/ro\/wp-json\/wp\/v2\/product\/89552","targetHints":{"allow":["GET"]}}],"collection":[{"href":"https:\/\/agrovin.com\/ro\/wp-json\/wp\/v2\/product"}],"about":[{"href":"https:\/\/agrovin.com\/ro\/wp-json\/wp\/v2\/types\/product"}],"version-history":[{"count":0,"href":"https:\/\/agrovin.com\/ro\/wp-json\/wp\/v2\/product\/89552\/revisions"}],"wp:featuredmedia":[{"embeddable":true,"href":"https:\/\/agrovin.com\/ro\/wp-json\/wp\/v2\/media\/43916"}],"wp:attachment":[{"href":"https:\/\/agrovin.com\/ro\/wp-json\/wp\/v2\/media?parent=89552"}],"wp:term":[{"taxonomy":"product_brand","embeddable":true,"href":"https:\/\/agrovin.com\/ro\/wp-json\/wp\/v2\/product_brand?post=89552"},{"taxonomy":"product_cat","embeddable":true,"href":"https:\/\/agrovin.com\/ro\/wp-json\/wp\/v2\/product_cat?post=89552"},{"taxonomy":"product_tag","embeddable":true,"href":"https:\/\/agrovin.com\/ro\/wp-json\/wp\/v2\/product_tag?post=89552"}],"curies":[{"name":"wp","href":"https:\/\/api.w.org\/{rel}","templated":true}]}}