{"id":89542,"date":"2018-03-12T15:38:17","date_gmt":"2022-11-04T16:57:31","guid":{"rendered":"https:\/\/staging.agrovin.com\/fara-categorie\/enovin-clar\/"},"modified":"2023-03-13T12:37:43","modified_gmt":"2023-03-13T11:37:43","slug":"enovin-clar","status":"publish","type":"product","link":"https:\/\/agrovin.com\/ro\/produse-oenologice\/enzime-produse-oenologice\/enovin-clar\/","title":{"rendered":"ENOVIN CLAR"},"content":{"rendered":"<h3>APLICA\u021aIE<\/h3>\n<ul>\n<li>Desfundare static\u0103. Ad\u0103ugarea de Enovin Clar accelereaz\u0103 clarificarea mustului datorit\u0103 reducerii rapide a turbidit\u0103\u021bii acestuia.<\/li>\n<li>Este eficient la temperaturi sc\u0103zute \u0219i realizeaz\u0103 o compactare ridicat\u0103 a frac\u021biei solide pe fundul rezervorului.<\/li>\n<li>Musturile curate faciliteaz\u0103 exprimarea poten\u021bialului aromatic al soiului.<\/li>\n<li>Desl\u0103n\u021buire dinamic\u0103: prin utilizarea Enovin Clar se ob\u021bine o sc\u0103dere rapid\u0103 a v\u00e2scozit\u0103\u021bii mustului, ceea ce permite ob\u021binerea unor randamente mai mari \u00een filtrele de vid \u0219i \u00een centrifugi, care pot dep\u0103\u0219i 50%.<\/li>\n<li>Folosit \u00een flotare, reduce utilizarea adjuvan\u021bilor.<\/li>\n<li>Faciliteaz\u0103 clarificarea \u0219i filtrarea vinurilor de pres\u0103.<\/li>\n<li>Tratamentul preventiv al musturilor cu putregai. Aplicat \u00eempreun\u0103 cu Enovin Glucan (ac\u021biune ridicat\u0103 a \u03b2-glucanazei) \u00eembun\u0103t\u0103\u021be\u0219te precipitarea coloidal\u0103 \u0219i evit\u0103 problemele ulterioare de clarificare \u0219i filtrare.<\/li>\n<\/ul>\n<div class=\"page\" title=\"Pagina 1\">\n<div class=\"section\">\n<div class=\"layoutArea\">\n<div class=\"column\">\n<h3>DOZAJ<\/h3>\n<p>Decongelare: &gt; 1 g\/hl<\/p>\n<p>Centrifugare \/ Filtrare: &gt; 2 g\/ hl<\/p>\n<p>Flotare: &gt; 2 g\/ hl<\/p>\n<\/div>\n<\/div>\n<\/div>\n<\/div>\n","protected":false},"excerpt":{"rendered":"<p>Enovin Clar este un preparat enzimatic pectolitic care hidrolizeaz\u0103 selectiv leg\u0103turile dintre substan\u021bele pectice prezente \u00een lamina mijlocie \u0219i peretele celular al cojii, reduc\u00e2nd v\u00e2scozitatea mustului \u0219i facilit\u00e2nd clarificarea \u0219i decantarea musturilor albe \u0219i ros\u00e9.<\/p>\n","protected":false},"featured_media":12385,"template":"","meta":{"_acf_changed":false,"inline_featured_image":false,"site-sidebar-layout":"default","site-content-layout":"default","ast-site-content-layout":"default","site-content-style":"default","site-sidebar-style":"default","ast-global-header-display":"","ast-banner-title-visibility":"","ast-main-header-display":"","ast-hfb-above-header-display":"","ast-hfb-below-header-display":"","ast-hfb-mobile-header-display":"","site-post-title":"","ast-breadcrumbs-content":"","ast-featured-img":"","footer-sml-layout":"","ast-disable-related-posts":"","theme-transparent-header-meta":"default","adv-header-id-meta":"","stick-header-meta":"","header-above-stick-meta":"","header-main-stick-meta":"","header-below-stick-meta":"","astra-migrate-meta-layouts":"default","ast-page-background-enabled":"default","ast-page-background-meta":{"desktop":{"background-color":"var(--ast-global-color-5)","background-image":"","background-repeat":"repeat","background-position":"center center","background-size":"auto","background-attachment":"scroll","background-type":"","background-media":"","overlay-type":"","overlay-color":"","overlay-opacity":"","overlay-gradient":""},"tablet":{"background-color":"","background-image":"","background-repeat":"repeat","background-position":"center center","background-size":"auto","background-attachment":"scroll","background-type":"","background-media":"","overlay-type":"","overlay-color":"","overlay-opacity":"","overlay-gradient":""},"mobile":{"background-color":"","background-image":"","background-repeat":"repeat","background-position":"center center","background-size":"auto","background-attachment":"scroll","background-type":"","background-media":"","overlay-type":"","overlay-color":"","overlay-opacity":"","overlay-gradient":""}},"ast-content-background-meta":{"desktop":{"background-color":"var(--ast-global-color-4)","background-image":"","background-repeat":"repeat","background-position":"center center","background-size":"auto","background-attachment":"scroll","background-type":"","background-media":"","overlay-type":"","overlay-color":"","overlay-opacity":"","overlay-gradient":""},"tablet":{"background-color":"var(--ast-global-color-4)","background-image":"","background-repeat":"repeat","background-position":"center center","background-size":"auto","background-attachment":"scroll","background-type":"","background-media":"","overlay-type":"","overlay-color":"","overlay-opacity":"","overlay-gradient":""},"mobile":{"background-color":"var(--ast-global-color-4)","background-image":"","background-repeat":"repeat","background-position":"center center","background-size":"auto","background-attachment":"scroll","background-type":"","background-media":"","overlay-type":"","overlay-color":"","overlay-opacity":"","overlay-gradient":""}}},"product_brand":[],"product_cat":[178],"product_tag":[572],"class_list":{"0":"post-89542","1":"product","2":"type-product","3":"status-publish","4":"has-post-thumbnail","6":"product_cat-enzime-produse-oenologice","7":"product_tag-curatare-a-mustului","8":"pa_aplicacion-fa-fml-ru","9":"pa_ecologico-autorizat-eu","10":"pa_ecologico-autorizat-nop-usda","11":"pa_estilo-de-vino-alb","12":"pa_estilo-de-vino-roz","13":"pa_objetivo-ajutor-de-filtrare","14":"pa_objetivo-flotatie","15":"pa_vegano-vegetarian","16":"desktop-align-left","17":"tablet-align-left","18":"mobile-align-left","20":"first","21":"instock","22":"virtual","23":"product-type-simple"},"acf":[],"_links":{"self":[{"href":"https:\/\/agrovin.com\/ro\/wp-json\/wp\/v2\/product\/89542","targetHints":{"allow":["GET"]}}],"collection":[{"href":"https:\/\/agrovin.com\/ro\/wp-json\/wp\/v2\/product"}],"about":[{"href":"https:\/\/agrovin.com\/ro\/wp-json\/wp\/v2\/types\/product"}],"version-history":[{"count":0,"href":"https:\/\/agrovin.com\/ro\/wp-json\/wp\/v2\/product\/89542\/revisions"}],"wp:featuredmedia":[{"embeddable":true,"href":"https:\/\/agrovin.com\/ro\/wp-json\/wp\/v2\/media\/12385"}],"wp:attachment":[{"href":"https:\/\/agrovin.com\/ro\/wp-json\/wp\/v2\/media?parent=89542"}],"wp:term":[{"taxonomy":"product_brand","embeddable":true,"href":"https:\/\/agrovin.com\/ro\/wp-json\/wp\/v2\/product_brand?post=89542"},{"taxonomy":"product_cat","embeddable":true,"href":"https:\/\/agrovin.com\/ro\/wp-json\/wp\/v2\/product_cat?post=89542"},{"taxonomy":"product_tag","embeddable":true,"href":"https:\/\/agrovin.com\/ro\/wp-json\/wp\/v2\/product_tag?post=89542"}],"curies":[{"name":"wp","href":"https:\/\/api.w.org\/{rel}","templated":true}]}}