{"id":89532,"date":"2018-03-12T15:10:14","date_gmt":"2022-11-04T16:53:44","guid":{"rendered":"https:\/\/staging.agrovin.com\/fara-categorie\/enozym-lux\/"},"modified":"2023-03-13T15:11:22","modified_gmt":"2023-03-13T14:11:22","slug":"enozym-lux","status":"publish","type":"product","link":"https:\/\/agrovin.com\/ro\/produse-oenologice\/flotatie-produse-oenologice\/enozym-lux\/","title":{"rendered":"ENOZYM LUX"},"content":{"rendered":"<h3>CARACTERISTICI<\/h3>\n<p>Pectina lipaza (PL) faciliteaz\u0103 dezlipirea \u0219i accelereaz\u0103 c\u0103derea substan\u021belor solide. Randamentul de clarificare este crescut. Strugurii cop\u021bi abund\u0103 \u00een PME (pectinmetil esteraz\u0103) \u0219i PG (poligalacturonaz\u0103), dar nu con\u021bin PL. Prin \u00eencorporarea acestei activit\u0103\u021bi enzimatice, se ob\u021bin procese de clarificare mai rapide.<\/p>\n<h3>APLICA\u021aIE<\/h3>\n<ul>\n<li>Desfundare static\u0103: permite o desfundare rapid\u0103 \u0219i eficient\u0103 \u0219i realizeaz\u0103 o compactare ridicat\u0103 a frac\u021biei solide pe fundul rezervorului.<\/li>\n<li>Macerare prefermentativ\u0103 pe piele. Aceasta permite ca strugurii albi s\u0103 macereze \u00eenainte de presare. Extrac\u021bie mai mare a con\u021binutului peliculei \u0219i, prin urmare, o extrac\u021bie mai mare a precursorilor aromatici.<\/li>\n<\/ul>\n","protected":false},"excerpt":{"rendered":"<p>Enozym LUX este un preparat lichid u\u0219or de aplicat, foarte concentrat \u00een pectin\u0103 liaz\u0103 (PL), care, la doze foarte mici, ofer\u0103 musturi clare \u0219i cu randament ridicat. Se ob\u021bine o mai mare intensitate \u0219i stabilitate a aromelor.<\/p>\n","protected":false},"featured_media":121702,"template":"","meta":{"_acf_changed":false,"inline_featured_image":false,"site-sidebar-layout":"default","site-content-layout":"default","ast-site-content-layout":"default","site-content-style":"default","site-sidebar-style":"default","ast-global-header-display":"","ast-banner-title-visibility":"","ast-main-header-display":"","ast-hfb-above-header-display":"","ast-hfb-below-header-display":"","ast-hfb-mobile-header-display":"","site-post-title":"","ast-breadcrumbs-content":"","ast-featured-img":"","footer-sml-layout":"","ast-disable-related-posts":"","theme-transparent-header-meta":"default","adv-header-id-meta":"","stick-header-meta":"","header-above-stick-meta":"","header-main-stick-meta":"","header-below-stick-meta":"","astra-migrate-meta-layouts":"default","ast-page-background-enabled":"default","ast-page-background-meta":{"desktop":{"background-color":"var(--ast-global-color-5)","background-image":"","background-repeat":"repeat","background-position":"center center","background-size":"auto","background-attachment":"scroll","background-type":"","background-media":"","overlay-type":"","overlay-color":"","overlay-opacity":"","overlay-gradient":""},"tablet":{"background-color":"","background-image":"","background-repeat":"repeat","background-position":"center center","background-size":"auto","background-attachment":"scroll","background-type":"","background-media":"","overlay-type":"","overlay-color":"","overlay-opacity":"","overlay-gradient":""},"mobile":{"background-color":"","background-image":"","background-repeat":"repeat","background-position":"center center","background-size":"auto","background-attachment":"scroll","background-type":"","background-media":"","overlay-type":"","overlay-color":"","overlay-opacity":"","overlay-gradient":""}},"ast-content-background-meta":{"desktop":{"background-color":"var(--ast-global-color-4)","background-image":"","background-repeat":"repeat","background-position":"center center","background-size":"auto","background-attachment":"scroll","background-type":"","background-media":"","overlay-type":"","overlay-color":"","overlay-opacity":"","overlay-gradient":""},"tablet":{"background-color":"var(--ast-global-color-4)","background-image":"","background-repeat":"repeat","background-position":"center center","background-size":"auto","background-attachment":"scroll","background-type":"","background-media":"","overlay-type":"","overlay-color":"","overlay-opacity":"","overlay-gradient":""},"mobile":{"background-color":"var(--ast-global-color-4)","background-image":"","background-repeat":"repeat","background-position":"center center","background-size":"auto","background-attachment":"scroll","background-type":"","background-media":"","overlay-type":"","overlay-color":"","overlay-opacity":"","overlay-gradient":""}}},"product_brand":[],"product_cat":[178,687],"product_tag":[572],"class_list":{"0":"post-89532","1":"product","2":"type-product","3":"status-publish","4":"has-post-thumbnail","6":"product_cat-enzime-produse-oenologice","7":"product_cat-flotatie-produse-oenologice","8":"product_tag-curatare-a-mustului","9":"pa_aplicacion-fa-fml-ru","10":"pa_ecologico-autorizat-eu","11":"pa_ecologico-autorizat-nop-usda","12":"pa_estilo-de-vino-alb","13":"pa_estilo-de-vino-roz","14":"pa_objetivo-ajutor-de-filtrare","15":"pa_objetivo-flotatie","16":"pa_vegano-vegetarian","17":"desktop-align-left","18":"tablet-align-left","19":"mobile-align-left","21":"first","22":"instock","23":"virtual","24":"product-type-simple"},"acf":[],"_links":{"self":[{"href":"https:\/\/agrovin.com\/ro\/wp-json\/wp\/v2\/product\/89532","targetHints":{"allow":["GET"]}}],"collection":[{"href":"https:\/\/agrovin.com\/ro\/wp-json\/wp\/v2\/product"}],"about":[{"href":"https:\/\/agrovin.com\/ro\/wp-json\/wp\/v2\/types\/product"}],"version-history":[{"count":0,"href":"https:\/\/agrovin.com\/ro\/wp-json\/wp\/v2\/product\/89532\/revisions"}],"wp:featuredmedia":[{"embeddable":true,"href":"https:\/\/agrovin.com\/ro\/wp-json\/wp\/v2\/media\/121702"}],"wp:attachment":[{"href":"https:\/\/agrovin.com\/ro\/wp-json\/wp\/v2\/media?parent=89532"}],"wp:term":[{"taxonomy":"product_brand","embeddable":true,"href":"https:\/\/agrovin.com\/ro\/wp-json\/wp\/v2\/product_brand?post=89532"},{"taxonomy":"product_cat","embeddable":true,"href":"https:\/\/agrovin.com\/ro\/wp-json\/wp\/v2\/product_cat?post=89532"},{"taxonomy":"product_tag","embeddable":true,"href":"https:\/\/agrovin.com\/ro\/wp-json\/wp\/v2\/product_tag?post=89532"}],"curies":[{"name":"wp","href":"https:\/\/api.w.org\/{rel}","templated":true}]}}