{"id":89527,"date":"2018-03-12T14:58:38","date_gmt":"2022-11-04T16:53:32","guid":{"rendered":"https:\/\/staging.agrovin.com\/fara-categorie\/mannoplus\/"},"modified":"2022-11-06T16:08:35","modified_gmt":"2022-11-06T15:08:35","slug":"manoplus","status":"publish","type":"product","link":"https:\/\/agrovin.com\/ro\/produse-oenologice\/polizaharide-si-manoproteine\/manoplus\/","title":{"rendered":"MANNOPLUS"},"content":{"rendered":"<h3>CARACTERISTICI<\/h3>\n<ul>\n<li>Acesta contribuie la caracteristicile senzoriale ale vinului, oferind densitate, fine\u021be \u0219i corp. Acesta lustruie\u0219te taninurile agresive, reduc\u00e2nd astringen\u021ba excesiv\u0103. Limeaz\u0103 taninitatea excesiv\u0103 a lemnului.<\/li>\n<li>Restabile\u0219te echilibrul acid prin cre\u0219terea senza\u021biei pozitive \u00een gur\u0103.<\/li>\n<li>\u00cembun\u0103t\u0103\u021be\u0219te stabilitatea tartric\u0103 prin prevenirea cristaliz\u0103rii s\u0103rurilor de acid tartric.<\/li>\n<li>\u00cembun\u0103t\u0103\u021be\u0219te stabilitatea proteinelor.<\/li>\n<li>\u00cembun\u0103t\u0103\u021be\u0219te stabilitatea culorii prin formarea de coloizi protectori \u0219i de complexe stabile cu taninurile.<\/li>\n<li>La a doua fermentare: cre\u0219terea volumului \u00een gur\u0103 \u0219i persisten\u021ba spumei.<\/li>\n<\/ul>\n<p>Datorit\u0103 interven\u021biei organoleptice a mannoproteinelor, asigur\u0103 netezime \u0219i cre\u0219te considerabil senza\u021bia de volum \u00een gur\u0103.<\/p>\n<p>Ac\u021biune rapid\u0103 asupra senza\u021biei de volum \u00een gur\u0103. Acesta nu adaug\u0103 niciun registru aromatic suplimentar vinului.<\/p>\n<h3>APLICA\u021aIE<\/h3>\n<p>Pentru vinuri albe \u0219i ro\u0219ii. Aplicarea pe vinul finit, ultimul tratament \u00eenainte de \u00eembuteliere.<\/p>\n<ul>\n<li>Pentru vinurile care urmeaz\u0103 s\u0103 fie filtrate: Mannoplus se adaug\u0103 cu cel pu\u021bin 24 de ore \u00eenainte de ultima filtrare. Mannoplus cre\u0219te cu greu rata de colmatare a vinurilor bine preg\u0103tite. Microfiltrarea dup\u0103 tratare nu este necesar\u0103. Se recomand\u0103 s\u0103 se cunoasc\u0103 indicele de colmatare \u00eenainte de a trece vinul prin microfiltrare.<\/li>\n<li>Pentru vinurile care nu vor fi filtrate: ad\u0103uga\u021bi Mannoplus cu 24 de ore \u00eenainte de \u00eembuteliere. Dup\u0103 ad\u0103ugarea vinului, acesta poate fi sulfitat \u0219i \u00eembuteliat \u00een mod corespunz\u0103tor.<\/li>\n<li>Pentru vinuri spumante: se aplic\u0103 \u00eempreun\u0103 cu lichiorul de expedi\u021bie.<\/li>\n<\/ul>\n<h3>DOZAJ<\/h3>\n<div class=\"page\" title=\"Pagina 2\">\n<div class=\"layoutArea\">\n<div class=\"column\">\n<p>Vin ro\u0219u: 5-15 g \/hl<\/p>\n<p>Vin alb: 2-10g\/ hl<\/p>\n<div class=\"page\" title=\"Pagina 2\">\n<div class=\"layoutArea\">\n<div class=\"column\">\n<p>Vin spumant: 2-10 g. hl<\/p>\n<\/div>\n<\/div>\n<\/div>\n<\/div>\n<\/div>\n<\/div>\n","protected":false},"excerpt":{"rendered":"<p>Mannoplus este o mannoprotein\u0103 purificat\u0103, preparat\u0103 pentru aplicarea direct\u0103 \u00een vin. Con\u021bine 85-95% mannoproteine solubile.<\/p>\n","protected":false},"featured_media":21112,"template":"","meta":{"_acf_changed":false,"inline_featured_image":false,"site-sidebar-layout":"default","site-content-layout":"default","ast-site-content-layout":"default","site-content-style":"default","site-sidebar-style":"default","ast-global-header-display":"","ast-banner-title-visibility":"","ast-main-header-display":"","ast-hfb-above-header-display":"","ast-hfb-below-header-display":"","ast-hfb-mobile-header-display":"","site-post-title":"","ast-breadcrumbs-content":"","ast-featured-img":"","footer-sml-layout":"","ast-disable-related-posts":"","theme-transparent-header-meta":"default","adv-header-id-meta":"","stick-header-meta":"","header-above-stick-meta":"","header-main-stick-meta":"","header-below-stick-meta":"","astra-migrate-meta-layouts":"default","ast-page-background-enabled":"default","ast-page-background-meta":{"desktop":{"background-color":"var(--ast-global-color-5)","background-image":"","background-repeat":"repeat","background-position":"center center","background-size":"auto","background-attachment":"scroll","background-type":"","background-media":"","overlay-type":"","overlay-color":"","overlay-opacity":"","overlay-gradient":""},"tablet":{"background-color":"","background-image":"","background-repeat":"repeat","background-position":"center center","background-size":"auto","background-attachment":"scroll","background-type":"","background-media":"","overlay-type":"","overlay-color":"","overlay-opacity":"","overlay-gradient":""},"mobile":{"background-color":"","background-image":"","background-repeat":"repeat","background-position":"center center","background-size":"auto","background-attachment":"scroll","background-type":"","background-media":"","overlay-type":"","overlay-color":"","overlay-opacity":"","overlay-gradient":""}},"ast-content-background-meta":{"desktop":{"background-color":"var(--ast-global-color-4)","background-image":"","background-repeat":"repeat","background-position":"center center","background-size":"auto","background-attachment":"scroll","background-type":"","background-media":"","overlay-type":"","overlay-color":"","overlay-opacity":"","overlay-gradient":""},"tablet":{"background-color":"var(--ast-global-color-4)","background-image":"","background-repeat":"repeat","background-position":"center center","background-size":"auto","background-attachment":"scroll","background-type":"","background-media":"","overlay-type":"","overlay-color":"","overlay-opacity":"","overlay-gradient":""},"mobile":{"background-color":"var(--ast-global-color-4)","background-image":"","background-repeat":"repeat","background-position":"center center","background-size":"auto","background-attachment":"scroll","background-type":"","background-media":"","overlay-type":"","overlay-color":"","overlay-opacity":"","overlay-gradient":""}}},"product_brand":[],"product_cat":[218],"product_tag":[423],"class_list":{"0":"post-89527","1":"product","2":"type-product","3":"status-publish","4":"has-post-thumbnail","6":"product_cat-polizaharide-si-manoproteine","7":"product_tag-drojdii-inactive","8":"pa_ecologico-autorizat-eu","9":"pa_ecologico-autorizat-nop-usda","10":"pa_estilo-de-vino-alb","11":"pa_estilo-de-vino-butoi","12":"pa_estilo-de-vino-rosu","13":"pa_estilo-de-vino-roz","14":"pa_estilo-de-vino-sclipitor","15":"pa_objetivo-fin","16":"pa_objetivo-imbunatatirea-senzoriala","17":"pa_vegano-vegetarian","18":"desktop-align-left","19":"tablet-align-left","20":"mobile-align-left","22":"first","23":"instock","24":"virtual","25":"product-type-simple"},"acf":[],"_links":{"self":[{"href":"https:\/\/agrovin.com\/ro\/wp-json\/wp\/v2\/product\/89527","targetHints":{"allow":["GET"]}}],"collection":[{"href":"https:\/\/agrovin.com\/ro\/wp-json\/wp\/v2\/product"}],"about":[{"href":"https:\/\/agrovin.com\/ro\/wp-json\/wp\/v2\/types\/product"}],"version-history":[{"count":0,"href":"https:\/\/agrovin.com\/ro\/wp-json\/wp\/v2\/product\/89527\/revisions"}],"wp:featuredmedia":[{"embeddable":true,"href":"https:\/\/agrovin.com\/ro\/wp-json\/wp\/v2\/media\/21112"}],"wp:attachment":[{"href":"https:\/\/agrovin.com\/ro\/wp-json\/wp\/v2\/media?parent=89527"}],"wp:term":[{"taxonomy":"product_brand","embeddable":true,"href":"https:\/\/agrovin.com\/ro\/wp-json\/wp\/v2\/product_brand?post=89527"},{"taxonomy":"product_cat","embeddable":true,"href":"https:\/\/agrovin.com\/ro\/wp-json\/wp\/v2\/product_cat?post=89527"},{"taxonomy":"product_tag","embeddable":true,"href":"https:\/\/agrovin.com\/ro\/wp-json\/wp\/v2\/product_tag?post=89527"}],"curies":[{"name":"wp","href":"https:\/\/api.w.org\/{rel}","templated":true}]}}