{"id":89522,"date":"2018-03-12T12:27:56","date_gmt":"2022-11-04T16:53:22","guid":{"rendered":"https:\/\/staging.agrovin.com\/fara-categorie\/superbouquet-mn\/"},"modified":"2024-08-23T13:09:39","modified_gmt":"2024-08-23T12:09:39","slug":"superbouquet-mn","status":"publish","type":"product","link":"https:\/\/agrovin.com\/ro\/produse-oenologice\/polizaharide-si-manoproteine\/superbouquet-mn\/","title":{"rendered":"SUPERBOUQUET MN"},"content":{"rendered":"<div class=\"page\" title=\"Pagina 1\">\n<div class=\"section\">\n<div class=\"layoutArea\">\n<div class=\"column\">\n<h3>APLICA\u021aIE<\/h3>\n<p>Pentru vinuri albe \u0219i ro\u0219ii:<\/p>\n<p>Fermenta\u021bie alcoolic\u0103 \u0219i malolactic\u0103: volum crescut \u00een gur\u0103. \u00cen cazul vinurilor ro\u0219ii, \u00eembun\u0103t\u0103\u021be\u0219te stabilitatea materiei colorante \u0219i asigur\u0103 o fine\u021be taninic\u0103.<\/p>\n<p>\u00cenvechirea pe drojdie: cre\u0219te transferul de polizaharide \u00een timpul acestui proces, at\u00e2t \u00een tancuri, c\u00e2t \u0219i \u00een butoaie, sporind eficien\u021ba agita\u021biei sau a batonajului.<\/p>\n<p>Vin finit: structur\u0103 \u0219i corp. Pentru vinuri spumante:<\/p>\n<p>A doua fermentare: cre\u0219te volumul drojdiei, sporind senza\u021bia de volum \u00een gur\u0103 \u0219i persisten\u021ba spumei.<\/p>\n<h3>DOZAJ<\/h3>\n<div class=\"page\" title=\"Pagina 1\">\n<div class=\"section\">\n<div class=\"layoutArea\">\n<div class=\"column\">\n<p>\u00cenvechire pe drojdie \u0219i vin finit: 20-40 g\/hl<\/p>\n<p>Vin spumant: 10-30 g\/hl<\/p>\n<p>Doza maxim\u0103 autorizat\u0103 40 g\/hl<\/p>\n<\/div>\n<div class=\"column\">\n<p>&nbsp;<\/p>\n<\/div>\n<\/div>\n<\/div>\n<\/div>\n<\/div>\n<\/div>\n<\/div>\n<\/div>\n","protected":false},"excerpt":{"rendered":"<h5><span style=\"color: #333333;\">STIL DE VIN:<\/span><\/h5>\n<p><img decoding=\"async\" class=\"alignnone size-full wp-image-4976\" src=\"https:\/\/agrovin.com\/wp-content\/uploads\/2018\/03\/blanco.png\" alt=\"\" width=\"50\" height=\"44\" \/><img decoding=\"async\" class=\"alignnone size-full wp-image-4979\" src=\"https:\/\/agrovin.com\/wp-content\/uploads\/2018\/03\/rosado.png\" alt=\"\" width=\"50\" height=\"44\" \/><img decoding=\"async\" class=\"alignnone size-full wp-image-4981\" src=\"https:\/\/agrovin.com\/wp-content\/uploads\/2018\/03\/espumoso.png\" alt=\"\" width=\"50\" height=\"44\" \/><img loading=\"lazy\" decoding=\"async\" class=\"alignnone size-full wp-image-4980\" src=\"https:\/\/agrovin.com\/wp-content\/uploads\/2018\/03\/tinto.png\" alt=\"\" width=\"50\" height=\"44\" \/><img loading=\"lazy\" decoding=\"async\" class=\"alignnone size-full wp-image-4975\" src=\"https:\/\/agrovin.com\/wp-content\/uploads\/2018\/03\/barrica.png\" alt=\"\" width=\"50\" height=\"44\" \/><\/p>\n<h5><span style=\"color: #333333;\">CARACTERISTICI:<\/span><\/h5>\n<p>&#8211; Coji de drojdie, bogate \u00een polizaharide de drojdie, care reprezint\u0103 48-53 % din greutatea produsului. Con\u021binut ridicat de mannoproteine solubile (20-22%). Eliberarea rapid\u0103 a polizaharidelor \u0219i a mannoproteinelor. Aceasta accelereaz\u0103 \u00eenvechirea pe drojdie, f\u0103r\u0103 a accentua aromele de drojdie.<br \/>\n&#8211; Contribuie la caracteristicile senzoriale ale vinului, lustruind taninurile agresive, reduc\u00e2nd astringen\u021ba \u0219i cresc\u00e2nd senza\u021biile de corp \u0219i volum \u00een gur\u0103.<br \/>\n&#8211; Cre\u0219te persisten\u021ba \u0219i stabilitatea aromelor.<\/p>\n<p>&#8211; \u00cembun\u0103t\u0103\u021be\u0219te stabilitatea culorii.<\/p>\n<p>&#8211; Efect favorabil asupra fermenta\u021biei alcoolice \u0219i\/sau malolactice prin detoxifierea mustului\/vinului.<\/p>\n","protected":false},"featured_media":52261,"template":"","meta":{"_acf_changed":false,"inline_featured_image":false,"site-sidebar-layout":"default","site-content-layout":"default","ast-site-content-layout":"default","site-content-style":"default","site-sidebar-style":"default","ast-global-header-display":"","ast-banner-title-visibility":"","ast-main-header-display":"","ast-hfb-above-header-display":"","ast-hfb-below-header-display":"","ast-hfb-mobile-header-display":"","site-post-title":"","ast-breadcrumbs-content":"","ast-featured-img":"","footer-sml-layout":"","ast-disable-related-posts":"","theme-transparent-header-meta":"default","adv-header-id-meta":"","stick-header-meta":"","header-above-stick-meta":"","header-main-stick-meta":"","header-below-stick-meta":"","astra-migrate-meta-layouts":"default","ast-page-background-enabled":"default","ast-page-background-meta":{"desktop":{"background-color":"var(--ast-global-color-5)","background-image":"","background-repeat":"repeat","background-position":"center center","background-size":"auto","background-attachment":"scroll","background-type":"","background-media":"","overlay-type":"","overlay-color":"","overlay-opacity":"","overlay-gradient":""},"tablet":{"background-color":"","background-image":"","background-repeat":"repeat","background-position":"center center","background-size":"auto","background-attachment":"scroll","background-type":"","background-media":"","overlay-type":"","overlay-color":"","overlay-opacity":"","overlay-gradient":""},"mobile":{"background-color":"","background-image":"","background-repeat":"repeat","background-position":"center center","background-size":"auto","background-attachment":"scroll","background-type":"","background-media":"","overlay-type":"","overlay-color":"","overlay-opacity":"","overlay-gradient":""}},"ast-content-background-meta":{"desktop":{"background-color":"var(--ast-global-color-4)","background-image":"","background-repeat":"repeat","background-position":"center center","background-size":"auto","background-attachment":"scroll","background-type":"","background-media":"","overlay-type":"","overlay-color":"","overlay-opacity":"","overlay-gradient":""},"tablet":{"background-color":"var(--ast-global-color-4)","background-image":"","background-repeat":"repeat","background-position":"center center","background-size":"auto","background-attachment":"scroll","background-type":"","background-media":"","overlay-type":"","overlay-color":"","overlay-opacity":"","overlay-gradient":""},"mobile":{"background-color":"var(--ast-global-color-4)","background-image":"","background-repeat":"repeat","background-position":"center center","background-size":"auto","background-attachment":"scroll","background-type":"","background-media":"","overlay-type":"","overlay-color":"","overlay-opacity":"","overlay-gradient":""}}},"product_brand":[],"product_cat":[218],"product_tag":[823,423],"class_list":{"0":"post-89522","1":"product","2":"type-product","3":"status-publish","4":"has-post-thumbnail","6":"product_cat-polizaharide-si-manoproteine","7":"product_tag-stabilitate-si-culoare-aromatice","8":"product_tag-drojdii-inactive","9":"pa_aplicacion-fa-fml-ru","10":"pa_ecologico-autorizat-eu","11":"pa_ecologico-autorizat-nop-usda","12":"pa_estilo-de-vino-alb","13":"pa_estilo-de-vino-butoi","14":"pa_estilo-de-vino-rosu","15":"pa_estilo-de-vino-roz","16":"pa_estilo-de-vino-sclipitor","17":"pa_objetivo-fin","18":"pa_objetivo-imbunatatirea-senzoriala","19":"pa_vegano-vegetarian","20":"desktop-align-left","21":"tablet-align-left","22":"mobile-align-left","24":"first","25":"instock","26":"virtual","27":"product-type-simple"},"acf":[],"_links":{"self":[{"href":"https:\/\/agrovin.com\/ro\/wp-json\/wp\/v2\/product\/89522","targetHints":{"allow":["GET"]}}],"collection":[{"href":"https:\/\/agrovin.com\/ro\/wp-json\/wp\/v2\/product"}],"about":[{"href":"https:\/\/agrovin.com\/ro\/wp-json\/wp\/v2\/types\/product"}],"version-history":[{"count":1,"href":"https:\/\/agrovin.com\/ro\/wp-json\/wp\/v2\/product\/89522\/revisions"}],"predecessor-version":[{"id":116221,"href":"https:\/\/agrovin.com\/ro\/wp-json\/wp\/v2\/product\/89522\/revisions\/116221"}],"wp:featuredmedia":[{"embeddable":true,"href":"https:\/\/agrovin.com\/ro\/wp-json\/wp\/v2\/media\/52261"}],"wp:attachment":[{"href":"https:\/\/agrovin.com\/ro\/wp-json\/wp\/v2\/media?parent=89522"}],"wp:term":[{"taxonomy":"product_brand","embeddable":true,"href":"https:\/\/agrovin.com\/ro\/wp-json\/wp\/v2\/product_brand?post=89522"},{"taxonomy":"product_cat","embeddable":true,"href":"https:\/\/agrovin.com\/ro\/wp-json\/wp\/v2\/product_cat?post=89522"},{"taxonomy":"product_tag","embeddable":true,"href":"https:\/\/agrovin.com\/ro\/wp-json\/wp\/v2\/product_tag?post=89522"}],"curies":[{"name":"wp","href":"https:\/\/api.w.org\/{rel}","templated":true}]}}