{"id":89517,"date":"2018-03-12T15:34:32","date_gmt":"2022-11-04T16:53:10","guid":{"rendered":"https:\/\/staging.agrovin.com\/fara-categorie\/enovin-pectinaza\/"},"modified":"2022-11-06T15:24:07","modified_gmt":"2022-11-06T14:24:07","slug":"enovin-fl-pectinase","status":"publish","type":"product","link":"https:\/\/agrovin.com\/ro\/produse-oenologice\/enzime-produse-oenologice\/enovin-fl-pectinase\/","title":{"rendered":"ENOVIN PECTINASE"},"content":{"rendered":"<h3>CARACTERISTICI<\/h3>\n<p>Enovin Pectinaza hidrolizeaz\u0103 \u00een mod selectiv leg\u0103turile dintre substan\u021bele pectice prezente \u00een lamina mijlocie \u0219i peretele celular al pielii.<\/p>\n<p>Reduce v\u00e2scozitatea musturilor \u0219i a vinurilor, acceler\u00e2nd decantarea musturilor albe \u0219i ros\u00e9 \u0219i clarificarea vinurilor. \u00cen cazul vinurilor ro\u0219ii, faciliteaz\u0103 dezintegrarea peretelui vegetal, anticip\u00e2nd extrac\u021bia materiei colorante.<\/p>\n<p>Enovin Pectinaza este un preparat purificat \u0219i nu con\u021bine activit\u0103\u021bi secundare \u0219i nu are activitate de cinamil esteraz\u0103 (FCE).<\/p>\n<h3>APLICA\u021aIE<\/h3>\n<ul>\n<li>F\u0103r\u0103 g\u00e2t de g\u00e2t. Ad\u0103ugarea de Enovin Pectinaza accelereaz\u0103 clarificarea mustului datorit\u0103 reducerii rapide a turbidit\u0103\u021bii acestuia. Este eficient la temperaturi sc\u0103zute \u0219i realizeaz\u0103 o compactare ridicat\u0103 a frac\u021biunii solide pe fundul rezervorului.<\/li>\n<li>Macerarea strugurilor ro\u0219ii: Enovin Pectinaza accelereaz\u0103 extragerea culorii prin solubilizarea peretelui celular.<\/li>\n<li>Foarte recomandat \u00een procesele de detent\u0103 flash \u0219i termovinificare, reduc\u00e2nd drastic v\u00e2scozitatea dup\u0103 prelucrare.<\/li>\n<li>Faciliteaz\u0103 clarificarea \u0219i filtrarea tuturor vinurilor, inclusiv a vinurilor de pres\u0103.<\/li>\n<\/ul>\n<div class=\"page\" title=\"Pagina 1\">\n<div class=\"section\">\n<div class=\"layoutArea\">\n<div class=\"column\">\n<h3>DOZAJ<\/h3>\n<p>Decantare: Vinuri albe \u0219i roze: &gt; 2 ml\/hl<\/p>\n<p>Macerare (18-25oC): Vinuri ro\u0219ii: &gt; 2 ml\/100 kg<\/p>\n<p>Detonare rapid\u0103 (30-40oC) 5-10 min: &gt; 8 ml\/hl<\/p>\n<p>Termomacerare (50-55o) 30 -60 min: 3-5 ml\/hl<\/p>\n<p>Clarificare \u0219i filtrare: 4 ml\/hl<\/p>\n<\/div>\n<\/div>\n<\/div>\n<\/div>\n","protected":false},"excerpt":{"rendered":"<p>Enovin Pectinaza este un preparat enzimatic lichid cu spectru larg pentru tratarea musturilor \u0219i a vinurilor.<\/p>\n","protected":false},"featured_media":43923,"template":"","meta":{"_acf_changed":false,"inline_featured_image":false,"site-sidebar-layout":"default","site-content-layout":"default","ast-site-content-layout":"default","site-content-style":"default","site-sidebar-style":"default","ast-global-header-display":"","ast-banner-title-visibility":"","ast-main-header-display":"","ast-hfb-above-header-display":"","ast-hfb-below-header-display":"","ast-hfb-mobile-header-display":"","site-post-title":"","ast-breadcrumbs-content":"","ast-featured-img":"","footer-sml-layout":"","ast-disable-related-posts":"","theme-transparent-header-meta":"default","adv-header-id-meta":"","stick-header-meta":"","header-above-stick-meta":"","header-main-stick-meta":"","header-below-stick-meta":"","astra-migrate-meta-layouts":"default","ast-page-background-enabled":"default","ast-page-background-meta":{"desktop":{"background-color":"var(--ast-global-color-5)","background-image":"","background-repeat":"repeat","background-position":"center center","background-size":"auto","background-attachment":"scroll","background-type":"","background-media":"","overlay-type":"","overlay-color":"","overlay-opacity":"","overlay-gradient":""},"tablet":{"background-color":"","background-image":"","background-repeat":"repeat","background-position":"center center","background-size":"auto","background-attachment":"scroll","background-type":"","background-media":"","overlay-type":"","overlay-color":"","overlay-opacity":"","overlay-gradient":""},"mobile":{"background-color":"","background-image":"","background-repeat":"repeat","background-position":"center center","background-size":"auto","background-attachment":"scroll","background-type":"","background-media":"","overlay-type":"","overlay-color":"","overlay-opacity":"","overlay-gradient":""}},"ast-content-background-meta":{"desktop":{"background-color":"var(--ast-global-color-4)","background-image":"","background-repeat":"repeat","background-position":"center center","background-size":"auto","background-attachment":"scroll","background-type":"","background-media":"","overlay-type":"","overlay-color":"","overlay-opacity":"","overlay-gradient":""},"tablet":{"background-color":"var(--ast-global-color-4)","background-image":"","background-repeat":"repeat","background-position":"center center","background-size":"auto","background-attachment":"scroll","background-type":"","background-media":"","overlay-type":"","overlay-color":"","overlay-opacity":"","overlay-gradient":""},"mobile":{"background-color":"var(--ast-global-color-4)","background-image":"","background-repeat":"repeat","background-position":"center center","background-size":"auto","background-attachment":"scroll","background-type":"","background-media":"","overlay-type":"","overlay-color":"","overlay-opacity":"","overlay-gradient":""}}},"product_brand":[],"product_cat":[178],"product_tag":[572,764],"class_list":{"0":"post-89517","1":"product","2":"type-product","3":"status-publish","4":"has-post-thumbnail","6":"product_cat-enzime-produse-oenologice","7":"product_tag-curatare-a-mustului","8":"product_tag-filtrarea-si-imbatranirea-pe-drojdii","9":"pa_aplicacion-fa-fml-ru","10":"pa_ecologico-autorizat-eu","11":"pa_ecologico-autorizat-nop-usda","12":"pa_estilo-de-vino-alb","13":"pa_estilo-de-vino-rosu","14":"pa_estilo-de-vino-roz","15":"pa_objetivo-ajutor-de-filtrare","16":"pa_objetivo-flotatie","17":"pa_vegano-vegetarian","18":"desktop-align-left","19":"tablet-align-left","20":"mobile-align-left","22":"first","23":"instock","24":"virtual","25":"product-type-simple"},"acf":[],"_links":{"self":[{"href":"https:\/\/agrovin.com\/ro\/wp-json\/wp\/v2\/product\/89517","targetHints":{"allow":["GET"]}}],"collection":[{"href":"https:\/\/agrovin.com\/ro\/wp-json\/wp\/v2\/product"}],"about":[{"href":"https:\/\/agrovin.com\/ro\/wp-json\/wp\/v2\/types\/product"}],"version-history":[{"count":0,"href":"https:\/\/agrovin.com\/ro\/wp-json\/wp\/v2\/product\/89517\/revisions"}],"wp:featuredmedia":[{"embeddable":true,"href":"https:\/\/agrovin.com\/ro\/wp-json\/wp\/v2\/media\/43923"}],"wp:attachment":[{"href":"https:\/\/agrovin.com\/ro\/wp-json\/wp\/v2\/media?parent=89517"}],"wp:term":[{"taxonomy":"product_brand","embeddable":true,"href":"https:\/\/agrovin.com\/ro\/wp-json\/wp\/v2\/product_brand?post=89517"},{"taxonomy":"product_cat","embeddable":true,"href":"https:\/\/agrovin.com\/ro\/wp-json\/wp\/v2\/product_cat?post=89517"},{"taxonomy":"product_tag","embeddable":true,"href":"https:\/\/agrovin.com\/ro\/wp-json\/wp\/v2\/product_tag?post=89517"}],"curies":[{"name":"wp","href":"https:\/\/api.w.org\/{rel}","templated":true}]}}