{"id":89512,"date":"2018-03-12T15:27:35","date_gmt":"2022-11-04T16:53:01","guid":{"rendered":"https:\/\/staging.agrovin.com\/fara-categorie\/enzoym-extra-arome\/"},"modified":"2022-11-06T15:30:26","modified_gmt":"2022-11-06T14:30:26","slug":"enzoym-extra-arome","status":"publish","type":"product","link":"https:\/\/agrovin.com\/ro\/produse-oenologice\/enzime-produse-oenologice\/enzoym-extra-arome\/","title":{"rendered":"ENZOYM EXTRA AROME"},"content":{"rendered":"<h3>CARACTERISTICI<\/h3>\n<p>Enozym EXTRA AROME este un preparat lichid, u\u0219or de aplicat, foarte concentrat \u00een pectin\u0103 liaz\u0103 (PL) care, la doze foarte mici, asigur\u0103 musturi clare \u0219i cu randament ridicat. Se ob\u021bine o mai mare intensitate \u0219i stabilitate a aromelor.<\/p>\n<p>\u00cencorporeaz\u0103 activitatea \u03b2-glucozidazei, care permite eliberarea precursorilor aromatici \u00een timpul fermenta\u021biei alcoolice.<\/p>\n<p>Activit\u0103\u021bi enzimatice foarte purificate, limiteaz\u0103 extrac\u021bia elementelor erbacee \u0219i controleaz\u0103 eliberarea de metanol. Poate fi utilizat direct pe struguri \u00eentregi.<\/p>\n<p>Datorit\u0103 concentra\u021biei sale, este eficient la temperaturi sc\u0103zute (10o C) \u0219i la doze foarte mici.<\/p>\n<h3>APLICA\u021aIE<\/h3>\n<ul>\n<li>Macerare prefermentativ\u0103 pe piele. Eliberarea de precursori aromatici de natur\u0103 glicozidic\u0103 (terpene). Atunci c\u00e2nd se aplic\u0103 \u00een timpul macer\u0103rii strugurilor albi (\u00eenainte de presare), se ob\u021bine o mai mare extrac\u021bie a con\u021binutului pelicular \u0219i, prin urmare, o mai mare extrac\u021bie a precursorilor aromatici care pot fi dezv\u0103lui\u021bi treptat pe parcursul fermenta\u021biei alcoolice.<\/li>\n<li>Deshidratare: permite o deshidratare rapid\u0103 \u0219i eficient\u0103 \u0219i realizeaz\u0103 o compactare ridicat\u0103 a frac\u021biei solide.<\/li>\n<\/ul>\n<h3>DOZAJ<\/h3>\n<div class=\"page\" title=\"Pagina 1\">\n<div class=\"section\">\n<div class=\"layoutArea\">\n<div class=\"column\">\n<p>Dezghe\u021bare: &gt; 0,4 ml \/hl<\/p>\n<p>Aplicare pe struguri \u00eentregi \u00een pres\u0103 sau macerator: <span style=\"font-size: 16px;\">&gt;0,8ml\/100kg<\/span><\/p>\n<\/div>\n<\/div>\n<\/div>\n<\/div>\n","protected":false},"excerpt":{"rendered":"<p>Enozym EXTRA AROME este un preparat enzimatic specific pentru extragerea maxim\u0103 a aromelor varietale \u00een timpul clarific\u0103rii mustului sau al macer\u0103rii pe pieli\u021b\u0103 a strugurilor albi.<\/p>\n","protected":false},"featured_media":121694,"template":"","meta":{"_acf_changed":false,"inline_featured_image":false,"site-sidebar-layout":"default","site-content-layout":"default","ast-site-content-layout":"default","site-content-style":"default","site-sidebar-style":"default","ast-global-header-display":"","ast-banner-title-visibility":"","ast-main-header-display":"","ast-hfb-above-header-display":"","ast-hfb-below-header-display":"","ast-hfb-mobile-header-display":"","site-post-title":"","ast-breadcrumbs-content":"","ast-featured-img":"","footer-sml-layout":"","ast-disable-related-posts":"","theme-transparent-header-meta":"default","adv-header-id-meta":"","stick-header-meta":"","header-above-stick-meta":"","header-main-stick-meta":"","header-below-stick-meta":"","astra-migrate-meta-layouts":"default","ast-page-background-enabled":"default","ast-page-background-meta":{"desktop":{"background-color":"var(--ast-global-color-5)","background-image":"","background-repeat":"repeat","background-position":"center center","background-size":"auto","background-attachment":"scroll","background-type":"","background-media":"","overlay-type":"","overlay-color":"","overlay-opacity":"","overlay-gradient":""},"tablet":{"background-color":"","background-image":"","background-repeat":"repeat","background-position":"center center","background-size":"auto","background-attachment":"scroll","background-type":"","background-media":"","overlay-type":"","overlay-color":"","overlay-opacity":"","overlay-gradient":""},"mobile":{"background-color":"","background-image":"","background-repeat":"repeat","background-position":"center center","background-size":"auto","background-attachment":"scroll","background-type":"","background-media":"","overlay-type":"","overlay-color":"","overlay-opacity":"","overlay-gradient":""}},"ast-content-background-meta":{"desktop":{"background-color":"var(--ast-global-color-4)","background-image":"","background-repeat":"repeat","background-position":"center center","background-size":"auto","background-attachment":"scroll","background-type":"","background-media":"","overlay-type":"","overlay-color":"","overlay-opacity":"","overlay-gradient":""},"tablet":{"background-color":"var(--ast-global-color-4)","background-image":"","background-repeat":"repeat","background-position":"center center","background-size":"auto","background-attachment":"scroll","background-type":"","background-media":"","overlay-type":"","overlay-color":"","overlay-opacity":"","overlay-gradient":""},"mobile":{"background-color":"var(--ast-global-color-4)","background-image":"","background-repeat":"repeat","background-position":"center center","background-size":"auto","background-attachment":"scroll","background-type":"","background-media":"","overlay-type":"","overlay-color":"","overlay-opacity":"","overlay-gradient":""}}},"product_brand":[],"product_cat":[178],"product_tag":[572,273],"class_list":{"0":"post-89512","1":"product","2":"type-product","3":"status-publish","4":"has-post-thumbnail","6":"product_cat-enzime-produse-oenologice","7":"product_tag-curatare-a-mustului","8":"product_tag-cresterea-aromei","9":"pa_aplicacion-fa-fml-ru","10":"pa_ecologico-autorizat-eu","11":"pa_ecologico-autorizat-nop-usda","12":"pa_estilo-de-vino-alb","13":"pa_estilo-de-vino-roz","14":"pa_objetivo-extractia-aromelor","15":"pa_vegano-vegetarian","16":"desktop-align-left","17":"tablet-align-left","18":"mobile-align-left","20":"first","21":"instock","22":"virtual","23":"product-type-simple"},"acf":[],"_links":{"self":[{"href":"https:\/\/agrovin.com\/ro\/wp-json\/wp\/v2\/product\/89512","targetHints":{"allow":["GET"]}}],"collection":[{"href":"https:\/\/agrovin.com\/ro\/wp-json\/wp\/v2\/product"}],"about":[{"href":"https:\/\/agrovin.com\/ro\/wp-json\/wp\/v2\/types\/product"}],"version-history":[{"count":0,"href":"https:\/\/agrovin.com\/ro\/wp-json\/wp\/v2\/product\/89512\/revisions"}],"wp:featuredmedia":[{"embeddable":true,"href":"https:\/\/agrovin.com\/ro\/wp-json\/wp\/v2\/media\/121694"}],"wp:attachment":[{"href":"https:\/\/agrovin.com\/ro\/wp-json\/wp\/v2\/media?parent=89512"}],"wp:term":[{"taxonomy":"product_brand","embeddable":true,"href":"https:\/\/agrovin.com\/ro\/wp-json\/wp\/v2\/product_brand?post=89512"},{"taxonomy":"product_cat","embeddable":true,"href":"https:\/\/agrovin.com\/ro\/wp-json\/wp\/v2\/product_cat?post=89512"},{"taxonomy":"product_tag","embeddable":true,"href":"https:\/\/agrovin.com\/ro\/wp-json\/wp\/v2\/product_tag?post=89512"}],"curies":[{"name":"wp","href":"https:\/\/api.w.org\/{rel}","templated":true}]}}