{"id":89507,"date":"2018-03-12T12:25:39","date_gmt":"2022-11-04T16:52:52","guid":{"rendered":"https:\/\/staging.agrovin.com\/fara-categorie\/manno-arome\/"},"modified":"2022-11-06T16:29:48","modified_gmt":"2022-11-06T15:29:48","slug":"mano-arome","status":"publish","type":"product","link":"https:\/\/agrovin.com\/ro\/produse-oenologice\/polizaharide-si-manoproteine\/mano-arome\/","title":{"rendered":"MANNO AROME"},"content":{"rendered":"<h3>CARACTERISTICI<\/h3>\n<p>Este un preparat pe baz\u0103 de scoar\u021b\u0103 de drojdie \u0219i tanin elagic din stejarii selecta\u021bi. Combina\u021bia dintre mannoproteine \u0219i taninurile din p\u0103durile nobile confer\u0103 o dubl\u0103 ac\u021biune aromatic\u0103 \u0219i structurant\u0103 asupra calit\u0103\u021bilor senzoriale ale vinurilor ro\u0219ii.<\/p>\n<p>Coaja de drojdie este o surs\u0103 de polizaharide \u0219i mannoproteine care particip\u0103 la protec\u021bia coloidal\u0103 a frac\u021biunii polifenolice, \u00eempiedic\u00e2nd precipitarea substan\u021belor colorante.<\/p>\n<p>Acestea contribuie, de asemenea, la caracteristicile senzoriale ale vinului, lustruind taninurile agresive, reduc\u00e2nd astringen\u021ba \u0219i sporind senza\u021biile de corp \u0219i volum \u00een gur\u0103.<\/p>\n<p>Adaosul de tanin de stejar elagic \u00eembun\u0103t\u0103\u021be\u0219te calitatea senzorial\u0103 a vinului, aduc\u00e2nd note elegante de vanilie, caramel \u0219i ciocolat\u0103.<\/p>\n<p>\u00cen plus, taninurile de stejar \u00eembun\u0103t\u0103\u021besc stabilitatea culorii \u0219i evolu\u021bia acesteia \u00een timp. Acestea ofer\u0103, de asemenea, protec\u021bie antioxidant\u0103 la \u00eenceputul macer\u0103rii.<\/p>\n<h3>APLICA\u021aIE<\/h3>\n<p>\u00cen acele vinific\u0103ri \u00een care se dore\u0219te o cre\u0219tere a complexit\u0103\u021bii aromatice cu descriptori caracteristici ai stejarului pr\u0103jit (ciocolat\u0103, vanilie, caramel, nuci), stabilitate a substan\u021belor colorante \u0219i o mai mare fine\u021be taninic\u0103.<\/p>\n<p>Propriet\u0103\u021bi:<\/p>\n<ul>\n<li>Arome de stejar cu descriptori caracteristici (cafea cu lapte, caramel, nuci, nuci, p\u00e2ine pr\u0103jit\u0103, ciocolat\u0103, vanilie) cu o mare integrare \u00een ansamblul vinului. -Pune accentul pe notele varietale \u0219i fructate.<\/li>\n<li>Reduce senza\u021biile de astringen\u021b\u0103 \u0219i \u00eenverzire.<\/li>\n<li>Cre\u0219terea volumului \u0219i a structurii vinului.<\/li>\n<li>Stabilizeaz\u0103 culoarea.<\/li>\n<li>Ac\u021biune detoxifiant\u0103.<\/li>\n<\/ul>\n<p>Aplicarea Manno Arome este recomandat\u0103 la \u00eenceputul macer\u0103rii, astfel \u00eenc\u00e2t formarea complexelor polizaharidice-frac\u021biune colorant\u0103 s\u0103 \u00eenceap\u0103 c\u00e2t mai repede posibil, asigur\u00e2nd propriet\u0103\u021bile de volum \u0219i structur\u0103 \u00een gur\u0103 \u0219i integrarea aromelor caracteristice de stejar.<\/p>\n<h3>DOZAJ<\/h3>\n<div class=\"page\" title=\"Pagina 2\">\n<div class=\"layoutArea\">\n<div class=\"column\">\n<p>Must 20-50 g\/hl<\/p>\n<p>Doza maxim\u0103 autorizat\u0103 53,3 g\/hl<\/p>\n<\/div>\n<\/div>\n<\/div>\n","protected":false},"excerpt":{"rendered":"<p>Manno Arome ofer\u0103 note caracteristice de stejar pr\u0103jit care sporesc complexitatea aromatic\u0103 \u0219i structura vinurilor.<\/p>\n","protected":false},"featured_media":21124,"template":"","meta":{"_acf_changed":false,"inline_featured_image":false,"site-sidebar-layout":"default","site-content-layout":"default","ast-site-content-layout":"default","site-content-style":"default","site-sidebar-style":"default","ast-global-header-display":"","ast-banner-title-visibility":"","ast-main-header-display":"","ast-hfb-above-header-display":"","ast-hfb-below-header-display":"","ast-hfb-mobile-header-display":"","site-post-title":"","ast-breadcrumbs-content":"","ast-featured-img":"","footer-sml-layout":"","ast-disable-related-posts":"","theme-transparent-header-meta":"default","adv-header-id-meta":"","stick-header-meta":"","header-above-stick-meta":"","header-main-stick-meta":"","header-below-stick-meta":"","astra-migrate-meta-layouts":"default","ast-page-background-enabled":"default","ast-page-background-meta":{"desktop":{"background-color":"var(--ast-global-color-5)","background-image":"","background-repeat":"repeat","background-position":"center center","background-size":"auto","background-attachment":"scroll","background-type":"","background-media":"","overlay-type":"","overlay-color":"","overlay-opacity":"","overlay-gradient":""},"tablet":{"background-color":"","background-image":"","background-repeat":"repeat","background-position":"center center","background-size":"auto","background-attachment":"scroll","background-type":"","background-media":"","overlay-type":"","overlay-color":"","overlay-opacity":"","overlay-gradient":""},"mobile":{"background-color":"","background-image":"","background-repeat":"repeat","background-position":"center center","background-size":"auto","background-attachment":"scroll","background-type":"","background-media":"","overlay-type":"","overlay-color":"","overlay-opacity":"","overlay-gradient":""}},"ast-content-background-meta":{"desktop":{"background-color":"var(--ast-global-color-4)","background-image":"","background-repeat":"repeat","background-position":"center center","background-size":"auto","background-attachment":"scroll","background-type":"","background-media":"","overlay-type":"","overlay-color":"","overlay-opacity":"","overlay-gradient":""},"tablet":{"background-color":"var(--ast-global-color-4)","background-image":"","background-repeat":"repeat","background-position":"center center","background-size":"auto","background-attachment":"scroll","background-type":"","background-media":"","overlay-type":"","overlay-color":"","overlay-opacity":"","overlay-gradient":""},"mobile":{"background-color":"var(--ast-global-color-4)","background-image":"","background-repeat":"repeat","background-position":"center center","background-size":"auto","background-attachment":"scroll","background-type":"","background-media":"","overlay-type":"","overlay-color":"","overlay-opacity":"","overlay-gradient":""}}},"product_brand":[],"product_cat":[218],"product_tag":[427,423],"class_list":{"0":"post-89507","1":"product","2":"type-product","3":"status-publish","4":"has-post-thumbnail","6":"product_cat-polizaharide-si-manoproteine","7":"product_tag-levadura-inactiva-ro","8":"product_tag-drojdii-inactive","9":"pa_aplicacion-fa-fml-ru","10":"pa_ecologico-autorizat-eu","11":"pa_ecologico-autorizat-nop-usda","12":"pa_estilo-de-vino-butoi","13":"pa_estilo-de-vino-rosu","14":"pa_objetivo-arome-crescute-de-lemn","15":"pa_vegano-vegetarian","16":"desktop-align-left","17":"tablet-align-left","18":"mobile-align-left","20":"first","21":"instock","22":"virtual","23":"product-type-simple"},"acf":[],"_links":{"self":[{"href":"https:\/\/agrovin.com\/ro\/wp-json\/wp\/v2\/product\/89507","targetHints":{"allow":["GET"]}}],"collection":[{"href":"https:\/\/agrovin.com\/ro\/wp-json\/wp\/v2\/product"}],"about":[{"href":"https:\/\/agrovin.com\/ro\/wp-json\/wp\/v2\/types\/product"}],"version-history":[{"count":0,"href":"https:\/\/agrovin.com\/ro\/wp-json\/wp\/v2\/product\/89507\/revisions"}],"wp:featuredmedia":[{"embeddable":true,"href":"https:\/\/agrovin.com\/ro\/wp-json\/wp\/v2\/media\/21124"}],"wp:attachment":[{"href":"https:\/\/agrovin.com\/ro\/wp-json\/wp\/v2\/media?parent=89507"}],"wp:term":[{"taxonomy":"product_brand","embeddable":true,"href":"https:\/\/agrovin.com\/ro\/wp-json\/wp\/v2\/product_brand?post=89507"},{"taxonomy":"product_cat","embeddable":true,"href":"https:\/\/agrovin.com\/ro\/wp-json\/wp\/v2\/product_cat?post=89507"},{"taxonomy":"product_tag","embeddable":true,"href":"https:\/\/agrovin.com\/ro\/wp-json\/wp\/v2\/product_tag?post=89507"}],"curies":[{"name":"wp","href":"https:\/\/api.w.org\/{rel}","templated":true}]}}