{"id":89488,"date":"2018-05-09T09:37:01","date_gmt":"2022-11-04T16:07:47","guid":{"rendered":"https:\/\/staging.agrovin.com\/fara-categorie\/beco\/"},"modified":"2024-02-27T09:54:32","modified_gmt":"2024-02-27T08:54:32","slug":"beco","status":"publish","type":"product","link":"https:\/\/agrovin.com\/ro\/produse-oenologice\/produse-filtrare\/beco\/","title":{"rendered":"BECO"},"content":{"rendered":"<h3><span style=\"color: #000000;\">CARACTERISTICI<\/span><\/h3>\n<p>Pl\u0103cile BECO Standard Series ofer\u0103 o gam\u0103 larg\u0103 de pl\u0103ci filtrante, inclusiv grade nominale \u00eentre 4,0 \u03bcm \u0219i 0,1 \u03bcm, ceea ce permite utilizarea lor pentru filtrarea grosier\u0103, pentru o reducere semnificativ\u0103 a popula\u021biei microbiene din alimentele lichide sau pentru a contribui la stabilitatea microbiologic\u0103 a alimentelor lichide. Filtrarea pe pl\u0103ci este adesea etapa premerg\u0103toare filtr\u0103rii prin sterilizare cu membran\u0103 sau etapa din amonte a unui proces de ultrafiltrare. Acestea \u00ee\u0219i exercit\u0103 efectul de filtrare \u00een zona anterioar\u0103 \u0219i profund\u0103 a structurii materialului (filtrare static\u0103 \u00een profunzime).<br \/>\nCalitatea \u0219i prepararea materiilor prime utilizate asigur\u0103 \u00eentotdeauna o bun\u0103 eficien\u021b\u0103 de clarificare \u0219i randamente ridicate. Porozitatea acestor pl\u0103ci este ob\u021binut\u0103 ca urmare a amestecului de materiale grosiere \u0219i fine, a c\u0103ror propor\u021bie este predeterminat\u0103 pentru fiecare tip de plac\u0103.<br \/>\nPl\u0103cile de filtrare BECO au pori asimetrici: porii mari sunt situa\u021bi pe partea de intrare a filtrului, iar porii mici sunt situa\u021bi pe partea de ie\u0219ire, unde materialul devine mai dens.<br \/>\nSistemul de filtrare \u00een profunzime ofer\u0103 o serie de avantaje fa\u021b\u0103 de alte metode de filtrare cu pl\u0103ci filtrante BECO:<br \/>\nSistemele de filtrare prin sit\u0103 sunt combinate cu efectul de adsorb\u021bie.<br \/>\nStructura diferen\u021biat\u0103 a porilor, \u00een func\u021bie de tipul de filtru, \u0219i suprafa\u021ba interioar\u0103 maxim\u0103 asigur\u0103 \u00eentotdeauna o bun\u0103 eficien\u021b\u0103 de clarificare \u0219i o performan\u021b\u0103 ridicat\u0103.<\/p>\n","protected":false},"excerpt":{"rendered":"<p>&nbsp;<\/p>\n<p class=\"textosbloque\">Pl\u0103ci filtrante din seria BECO pentru industria alimentar\u0103 \u0219i a vinului. Pl\u0103cile din seria BECO pot fi utilizate pentru filtrarea oric\u0103rui aliment lichid, de la filtrarea grosier\u0103 la filtrarea care vizeaz\u0103 o reducere semnificativ\u0103 a popula\u021biei microbiene.<\/p>\n<p class=\"textosbloque\">Tipuri de pl\u0103ci BECO \u00een func\u021bie de permeabilitate \u0219i de valorile nominale \u00een microni.<\/p>\n","protected":false},"featured_media":14595,"template":"","meta":{"_acf_changed":false,"inline_featured_image":false,"site-sidebar-layout":"default","site-content-layout":"default","ast-site-content-layout":"default","site-content-style":"default","site-sidebar-style":"default","ast-global-header-display":"","ast-banner-title-visibility":"","ast-main-header-display":"","ast-hfb-above-header-display":"","ast-hfb-below-header-display":"","ast-hfb-mobile-header-display":"","site-post-title":"","ast-breadcrumbs-content":"","ast-featured-img":"","footer-sml-layout":"","ast-disable-related-posts":"","theme-transparent-header-meta":"default","adv-header-id-meta":"","stick-header-meta":"","header-above-stick-meta":"","header-main-stick-meta":"","header-below-stick-meta":"","astra-migrate-meta-layouts":"default","ast-page-background-enabled":"default","ast-page-background-meta":{"desktop":{"background-color":"var(--ast-global-color-5)","background-image":"","background-repeat":"repeat","background-position":"center center","background-size":"auto","background-attachment":"scroll","background-type":"","background-media":"","overlay-type":"","overlay-color":"","overlay-opacity":"","overlay-gradient":""},"tablet":{"background-color":"","background-image":"","background-repeat":"repeat","background-position":"center center","background-size":"auto","background-attachment":"scroll","background-type":"","background-media":"","overlay-type":"","overlay-color":"","overlay-opacity":"","overlay-gradient":""},"mobile":{"background-color":"","background-image":"","background-repeat":"repeat","background-position":"center center","background-size":"auto","background-attachment":"scroll","background-type":"","background-media":"","overlay-type":"","overlay-color":"","overlay-opacity":"","overlay-gradient":""}},"ast-content-background-meta":{"desktop":{"background-color":"var(--ast-global-color-4)","background-image":"","background-repeat":"repeat","background-position":"center center","background-size":"auto","background-attachment":"scroll","background-type":"","background-media":"","overlay-type":"","overlay-color":"","overlay-opacity":"","overlay-gradient":""},"tablet":{"background-color":"var(--ast-global-color-4)","background-image":"","background-repeat":"repeat","background-position":"center center","background-size":"auto","background-attachment":"scroll","background-type":"","background-media":"","overlay-type":"","overlay-color":"","overlay-opacity":"","overlay-gradient":""},"mobile":{"background-color":"var(--ast-global-color-4)","background-image":"","background-repeat":"repeat","background-position":"center center","background-size":"auto","background-attachment":"scroll","background-type":"","background-media":"","overlay-type":"","overlay-color":"","overlay-opacity":"","overlay-gradient":""}}},"product_brand":[],"product_cat":[360],"product_tag":[],"class_list":{"0":"post-89488","1":"product","2":"type-product","3":"status-publish","4":"has-post-thumbnail","6":"product_cat-produse-filtrare","7":"desktop-align-left","8":"tablet-align-left","9":"mobile-align-left","11":"first","12":"instock","13":"virtual","14":"product-type-simple"},"acf":[],"_links":{"self":[{"href":"https:\/\/agrovin.com\/ro\/wp-json\/wp\/v2\/product\/89488","targetHints":{"allow":["GET"]}}],"collection":[{"href":"https:\/\/agrovin.com\/ro\/wp-json\/wp\/v2\/product"}],"about":[{"href":"https:\/\/agrovin.com\/ro\/wp-json\/wp\/v2\/types\/product"}],"version-history":[{"count":0,"href":"https:\/\/agrovin.com\/ro\/wp-json\/wp\/v2\/product\/89488\/revisions"}],"wp:featuredmedia":[{"embeddable":true,"href":"https:\/\/agrovin.com\/ro\/wp-json\/wp\/v2\/media\/14595"}],"wp:attachment":[{"href":"https:\/\/agrovin.com\/ro\/wp-json\/wp\/v2\/media?parent=89488"}],"wp:term":[{"taxonomy":"product_brand","embeddable":true,"href":"https:\/\/agrovin.com\/ro\/wp-json\/wp\/v2\/product_brand?post=89488"},{"taxonomy":"product_cat","embeddable":true,"href":"https:\/\/agrovin.com\/ro\/wp-json\/wp\/v2\/product_cat?post=89488"},{"taxonomy":"product_tag","embeddable":true,"href":"https:\/\/agrovin.com\/ro\/wp-json\/wp\/v2\/product_tag?post=89488"}],"curies":[{"name":"wp","href":"https:\/\/api.w.org\/{rel}","templated":true}]}}