{"id":89483,"date":"2018-05-08T07:44:09","date_gmt":"2022-11-04T16:07:40","guid":{"rendered":"https:\/\/staging.agrovin.com\/fara-categorie\/microstab-ph\/"},"modified":"2025-06-27T09:21:39","modified_gmt":"2025-06-27T07:21:39","slug":"microstab-ph","status":"publish","type":"product","link":"https:\/\/agrovin.com\/ro\/produse-oenologice\/control-microbiologic-ro-produse-oenologice\/microstab-ph\/","title":{"rendered":"MICROSTAB PH"},"content":{"rendered":"<h4>CARACTERISTICI<\/h4>\n<p>Microstab pH este un stabilizator cu activitate antimicrobian\u0103 care limiteaz\u0103 dezvoltarea popula\u021biilor de alterare. Utilizarea sa permite:<br \/>\nControlul fermenta\u021biei malolactice (FML): \u00een musturile albe \u0219i ros\u00e9, poate fi utilizat pentru a \u00eent\u00e2rzia sau inhiba FML f\u0103r\u0103 a afecta dezvoltarea normal\u0103 a fermenta\u021biei alcoolice.<\/p>\n<p>Reducerea impactului senzorial negativ cauzat de contamin\u0103rile microbiene nedorite (aciditate volatil\u0103, amine biogene, fenoli volatili).<\/p>\n<p>Capacitatea sa antimicrobian\u0103 ridicat\u0103 reduce nivelul de SO2 \u00een timpul prelucr\u0103rii.<\/p>\n<h4>APLICA\u021aIE<\/h4>\n<p>-La recoltare, ca antimicrobian, cu capacitate acidifiant\u0103 a mustului.<br \/>\n-\u00cen musturi \u0219i vinuri pentru a limita dezvoltarea florei contaminante. Efectul s\u0103u antimicrobian face posibil\u0103 reducerea dozei de sulf.<\/p>\n<h4>COMPOZI\u021aIE<\/h4>\n<p>Formul\u0103 lichid\u0103 pe baz\u0103 de chitosan de origine fungic\u0103 \u0219i acid L (+) tartric (E-334).<\/p>\n<h4>DOZAJ<\/h4>\n<p>Must \u0219i vin. 200-400 ml\/hl<br \/>\nDozele de 200 ml\/hl cresc aciditatea total\u0103 cu \u22481 g\/l .<br \/>\nDoza maxim\u0103 admisibil\u0103 din punct de vedere legal: 400 ml\/hl<\/p>\n<h4>INSTRUC\u021aIUNI DE UTILIZARE<\/h4>\n<p>Aplicarea pe struguri:<br \/>\nAd\u0103uga\u021bi cantitatea total\u0103 corespunz\u0103toare volumului de struguri care urmeaz\u0103 s\u0103 fie \u00eencorporat \u00een bunc\u0103rul de recep\u021bie, dup\u0103 zdrobire \u0219i desciorchinare sau \u00een timpul umplerii presei sau a maceratorului.<br \/>\nSe aplic\u0103 pe must sau pe vin:<br \/>\nSe adaug\u0103 cantitatea total\u0103 corespunz\u0103toare \u00eentregului must sau vin care urmeaz\u0103 s\u0103 fie tratat, asigur\u00e2nd o omogenizare total\u0103. Ad\u0103ugarea preparatului cu ajutorul unei pompe dozatoare asigur\u0103 o distribu\u021bie uniform\u0103 a produsului.<\/p>\n","protected":false},"excerpt":{"rendered":"<p>Microstab pH este un stabilizator cu activitate antimicrobian\u0103 care limiteaz\u0103 dezvoltarea popula\u021biilor de alterare. Utilizarea sa permite:<br \/>\nControlul fermenta\u021biei malolactice (FML): \u00een musturile albe \u0219i ros\u00e9, poate fi utilizat pentru a \u00eent\u00e2rzia sau inhiba FML f\u0103r\u0103 a afecta dezvoltarea normal\u0103 a fermenta\u021biei alcoolice.<\/p>\n<p>Reducerea impactului senzorial negativ cauzat de contamin\u0103rile microbiene nedorite (aciditate volatil\u0103, amine biogene, fenoli volatili).<br \/>\nCapacitatea sa antimicrobian\u0103 ridicat\u0103 reduce nivelul de SO2 \u00een timpul prelucr\u0103rii.<\/p>\n","protected":false},"featured_media":14465,"template":"","meta":{"_acf_changed":false,"inline_featured_image":false,"site-sidebar-layout":"default","site-content-layout":"default","ast-site-content-layout":"default","site-content-style":"default","site-sidebar-style":"default","ast-global-header-display":"","ast-banner-title-visibility":"","ast-main-header-display":"","ast-hfb-above-header-display":"","ast-hfb-below-header-display":"","ast-hfb-mobile-header-display":"","site-post-title":"","ast-breadcrumbs-content":"","ast-featured-img":"","footer-sml-layout":"","ast-disable-related-posts":"","theme-transparent-header-meta":"default","adv-header-id-meta":"","stick-header-meta":"","header-above-stick-meta":"","header-main-stick-meta":"","header-below-stick-meta":"","astra-migrate-meta-layouts":"set","ast-page-background-enabled":"default","ast-page-background-meta":{"desktop":{"background-color":"var(--ast-global-color-5)","background-image":"","background-repeat":"repeat","background-position":"center center","background-size":"auto","background-attachment":"scroll","background-type":"","background-media":"","overlay-type":"","overlay-color":"","overlay-opacity":"","overlay-gradient":""},"tablet":{"background-color":"","background-image":"","background-repeat":"repeat","background-position":"center center","background-size":"auto","background-attachment":"scroll","background-type":"","background-media":"","overlay-type":"","overlay-color":"","overlay-opacity":"","overlay-gradient":""},"mobile":{"background-color":"","background-image":"","background-repeat":"repeat","background-position":"center center","background-size":"auto","background-attachment":"scroll","background-type":"","background-media":"","overlay-type":"","overlay-color":"","overlay-opacity":"","overlay-gradient":""}},"ast-content-background-meta":{"desktop":{"background-color":"var(--ast-global-color-4)","background-image":"","background-repeat":"repeat","background-position":"center center","background-size":"auto","background-attachment":"scroll","background-type":"","background-media":"","overlay-type":"","overlay-color":"","overlay-opacity":"","overlay-gradient":""},"tablet":{"background-color":"var(--ast-global-color-4)","background-image":"","background-repeat":"repeat","background-position":"center center","background-size":"auto","background-attachment":"scroll","background-type":"","background-media":"","overlay-type":"","overlay-color":"","overlay-opacity":"","overlay-gradient":""},"mobile":{"background-color":"var(--ast-global-color-4)","background-image":"","background-repeat":"repeat","background-position":"center center","background-size":"auto","background-attachment":"scroll","background-type":"","background-media":"","overlay-type":"","overlay-color":"","overlay-opacity":"","overlay-gradient":""}}},"product_brand":[],"product_cat":[890],"product_tag":[],"class_list":{"0":"post-89483","1":"product","2":"type-product","3":"status-publish","4":"has-post-thumbnail","6":"product_cat-control-microbiologic-ro-produse-oenologice","7":"pa_aplicacion-fa-fml-ru","8":"pa_aplicacion-struguri-si-must","9":"pa_ecologico-autorizat-eu","10":"pa_estilo-de-vino-alb","11":"pa_estilo-de-vino-butoi","12":"pa_estilo-de-vino-rosu","13":"pa_estilo-de-vino-roz","14":"pa_estilo-de-vino-sclipitor","15":"pa_objetivo-protectie-microbiologica","16":"pa_objetivo-stabilizare","17":"pa_vegano-vegetarian","18":"desktop-align-left","19":"tablet-align-left","20":"mobile-align-left","22":"first","23":"instock","24":"virtual","25":"product-type-simple"},"acf":[],"_links":{"self":[{"href":"https:\/\/agrovin.com\/ro\/wp-json\/wp\/v2\/product\/89483","targetHints":{"allow":["GET"]}}],"collection":[{"href":"https:\/\/agrovin.com\/ro\/wp-json\/wp\/v2\/product"}],"about":[{"href":"https:\/\/agrovin.com\/ro\/wp-json\/wp\/v2\/types\/product"}],"version-history":[{"count":1,"href":"https:\/\/agrovin.com\/ro\/wp-json\/wp\/v2\/product\/89483\/revisions"}],"predecessor-version":[{"id":120441,"href":"https:\/\/agrovin.com\/ro\/wp-json\/wp\/v2\/product\/89483\/revisions\/120441"}],"wp:featuredmedia":[{"embeddable":true,"href":"https:\/\/agrovin.com\/ro\/wp-json\/wp\/v2\/media\/14465"}],"wp:attachment":[{"href":"https:\/\/agrovin.com\/ro\/wp-json\/wp\/v2\/media?parent=89483"}],"wp:term":[{"taxonomy":"product_brand","embeddable":true,"href":"https:\/\/agrovin.com\/ro\/wp-json\/wp\/v2\/product_brand?post=89483"},{"taxonomy":"product_cat","embeddable":true,"href":"https:\/\/agrovin.com\/ro\/wp-json\/wp\/v2\/product_cat?post=89483"},{"taxonomy":"product_tag","embeddable":true,"href":"https:\/\/agrovin.com\/ro\/wp-json\/wp\/v2\/product_tag?post=89483"}],"curies":[{"name":"wp","href":"https:\/\/api.w.org\/{rel}","templated":true}]}}