{"id":89468,"date":"2018-04-20T09:43:42","date_gmt":"2022-11-04T16:07:17","guid":{"rendered":"https:\/\/staging.agrovin.com\/fara-categorie\/compakcel-oleo-max\/"},"modified":"2025-10-06T16:26:30","modified_gmt":"2025-10-06T14:26:30","slug":"compakcel-oleo-max","status":"publish","type":"product","link":"https:\/\/agrovin.com\/ro\/produse-oenologice\/produse-filtrare\/compakcel-oleo-max\/","title":{"rendered":"COMPAKCEL OLEO MAX"},"content":{"rendered":"<h3>CARACTERISTICI<\/h3>\n<ul>\n<li>Eficien\u021b\u0103 de filtrare crescut\u0103.<\/li>\n<li>\u00cembun\u0103t\u0103\u021be\u0219te stabilitatea pre\u00eenveli\u0219ului \u00een timpul filtr\u0103rii \u0219i performan\u021ba greut\u0103\u021bii filtratului.<\/li>\n<li>Umezire rapid\u0103 prin reducerea timpului de formare a preacoperirii.<\/li>\n<li>Distribu\u021bia omogen\u0103 a preacoperirii pe \u00eentreaga suprafa\u021b\u0103 a filtrului.<\/li>\n<li>Putere mare de adsorb\u021bie a umidit\u0103\u021bii \u0219i a coloizilor \u00een suspensie, datorit\u0103 suprafe\u021bei specifice ridicate a produsului \u0219i a chimiei speciale a suprafe\u021bei sale.<\/li>\n<li>Rezisten\u021ba la \u0219ocurile de presiune, \u00een special \u00een cazul filtrelor cu pl\u0103ci verticale. -Separarea u\u0219oar\u0103 a preacoperi\u0219ului la sf\u00e2r\u0219itul filtr\u0103rii, chiar \u0219i \u00een cazul filtrelor cu desc\u0103rcare automat\u0103.<\/li>\n<\/ul>\n<h3>APLICA\u021aIE<\/h3>\n<p>Unele dintre aplica\u021biile Compakcel sunt:<\/p>\n<ul>\n<li>Eliminarea umidit\u0103\u021bii \u0219i a solidelor \u00een uleiurile comestibile.<\/li>\n<li>\u00cendep\u0103rtarea umidit\u0103\u021bii \u0219i a solidelor din uleiurile industriale.<\/li>\n<li>Filtrarea sucurilor \u0219i a concentratelor.<\/li>\n<li>\u00cendep\u0103rtarea gr\u0103similor din lichidele apoase.<\/li>\n<li>Filtrarea rugoas\u0103 a lichidelor alimentare \u00een general.<\/li>\n<li>Asistent de filtrare \u00een industria farmaceutic\u0103 \u0219i chimic\u0103.<\/li>\n<\/ul>\n","protected":false},"excerpt":{"rendered":"<p>Compakcel este un ajutor de filtrare care se utilizeaz\u0103 \u00een procesul de preacoperire, \u00eenainte de \u00eenceperea filtr\u0103rii, \u00eembun\u0103t\u0103\u021bind formarea filtr\u0103rii.<\/p>\n","protected":false},"featured_media":34827,"template":"","meta":{"_acf_changed":false,"inline_featured_image":false,"site-sidebar-layout":"default","site-content-layout":"default","ast-site-content-layout":"default","site-content-style":"default","site-sidebar-style":"default","ast-global-header-display":"","ast-banner-title-visibility":"","ast-main-header-display":"","ast-hfb-above-header-display":"","ast-hfb-below-header-display":"","ast-hfb-mobile-header-display":"","site-post-title":"","ast-breadcrumbs-content":"","ast-featured-img":"","footer-sml-layout":"","ast-disable-related-posts":"","theme-transparent-header-meta":"default","adv-header-id-meta":"","stick-header-meta":"","header-above-stick-meta":"","header-main-stick-meta":"","header-below-stick-meta":"","astra-migrate-meta-layouts":"set","ast-page-background-enabled":"default","ast-page-background-meta":{"desktop":{"background-color":"var(--ast-global-color-5)","background-image":"","background-repeat":"repeat","background-position":"center center","background-size":"auto","background-attachment":"scroll","background-type":"","background-media":"","overlay-type":"","overlay-color":"","overlay-opacity":"","overlay-gradient":""},"tablet":{"background-color":"","background-image":"","background-repeat":"repeat","background-position":"center center","background-size":"auto","background-attachment":"scroll","background-type":"","background-media":"","overlay-type":"","overlay-color":"","overlay-opacity":"","overlay-gradient":""},"mobile":{"background-color":"","background-image":"","background-repeat":"repeat","background-position":"center center","background-size":"auto","background-attachment":"scroll","background-type":"","background-media":"","overlay-type":"","overlay-color":"","overlay-opacity":"","overlay-gradient":""}},"ast-content-background-meta":{"desktop":{"background-color":"var(--ast-global-color-4)","background-image":"","background-repeat":"repeat","background-position":"center center","background-size":"auto","background-attachment":"scroll","background-type":"","background-media":"","overlay-type":"","overlay-color":"","overlay-opacity":"","overlay-gradient":""},"tablet":{"background-color":"var(--ast-global-color-4)","background-image":"","background-repeat":"repeat","background-position":"center center","background-size":"auto","background-attachment":"scroll","background-type":"","background-media":"","overlay-type":"","overlay-color":"","overlay-opacity":"","overlay-gradient":""},"mobile":{"background-color":"var(--ast-global-color-4)","background-image":"","background-repeat":"repeat","background-position":"center center","background-size":"auto","background-attachment":"scroll","background-type":"","background-media":"","overlay-type":"","overlay-color":"","overlay-opacity":"","overlay-gradient":""}}},"product_brand":[],"product_cat":[360],"product_tag":[659],"class_list":{"0":"post-89468","1":"product","2":"type-product","3":"status-publish","4":"has-post-thumbnail","6":"product_cat-produse-filtrare","7":"product_tag-silicat-de-activat-si-celuloza","8":"desktop-align-left","9":"tablet-align-left","10":"mobile-align-left","12":"first","13":"instock","14":"virtual","15":"product-type-simple"},"acf":[],"_links":{"self":[{"href":"https:\/\/agrovin.com\/ro\/wp-json\/wp\/v2\/product\/89468","targetHints":{"allow":["GET"]}}],"collection":[{"href":"https:\/\/agrovin.com\/ro\/wp-json\/wp\/v2\/product"}],"about":[{"href":"https:\/\/agrovin.com\/ro\/wp-json\/wp\/v2\/types\/product"}],"version-history":[{"count":2,"href":"https:\/\/agrovin.com\/ro\/wp-json\/wp\/v2\/product\/89468\/revisions"}],"predecessor-version":[{"id":122240,"href":"https:\/\/agrovin.com\/ro\/wp-json\/wp\/v2\/product\/89468\/revisions\/122240"}],"wp:featuredmedia":[{"embeddable":true,"href":"https:\/\/agrovin.com\/ro\/wp-json\/wp\/v2\/media\/34827"}],"wp:attachment":[{"href":"https:\/\/agrovin.com\/ro\/wp-json\/wp\/v2\/media?parent=89468"}],"wp:term":[{"taxonomy":"product_brand","embeddable":true,"href":"https:\/\/agrovin.com\/ro\/wp-json\/wp\/v2\/product_brand?post=89468"},{"taxonomy":"product_cat","embeddable":true,"href":"https:\/\/agrovin.com\/ro\/wp-json\/wp\/v2\/product_cat?post=89468"},{"taxonomy":"product_tag","embeddable":true,"href":"https:\/\/agrovin.com\/ro\/wp-json\/wp\/v2\/product_tag?post=89468"}],"curies":[{"name":"wp","href":"https:\/\/api.w.org\/{rel}","templated":true}]}}