{"id":89453,"date":"2018-04-20T07:35:07","date_gmt":"2022-11-04T16:06:55","guid":{"rendered":"https:\/\/staging.agrovin.com\/fara-categorie\/radifil-rn\/"},"modified":"2022-11-05T15:56:30","modified_gmt":"2022-11-05T14:56:30","slug":"radifil-rn","status":"publish","type":"product","link":"https:\/\/agrovin.com\/ro\/produse-oenologice\/produse-filtrare\/radifil-rn\/","title":{"rendered":"RADIFIL RN"},"content":{"rendered":"<h3>CARACTERISTICI<\/h3>\n<p>Din cauza porozit\u0103\u021bii sale ridicate, diatomita extras\u0103 din cariere con\u021bine 60-70% ap\u0103. Diatomeele Radifil RN sunt diatomee naturale m\u0103cinate, uscate \u0219i apoi zdrobite prin selectarea dimensiunilor precise ale particulelor, p\u00e2n\u0103 c\u00e2nd acestea ajung la forma lor de pulbere.<\/p>\n<p>Diatomeele Radifil RN sunt apoi calcinate \u00een cuptoare la o temperatur\u0103 cuprins\u0103 \u00eentre 800 \u0219i 1100 o C. Aceast\u0103 calcinare \u00eendep\u0103rteaz\u0103 materia organic\u0103 \u0219i aglomereaz\u0103 diatomeele, f\u0103r\u0103 a le modifica porozitatea. Dup\u0103 r\u0103cire, produsul este m\u0103cinat \u0219i apoi sortat pentru a realiza t\u0103ieri precise ale dimensiunilor particulelor, r\u0103spunz\u00e2nd astfel diverselor aplica\u021bii.<\/p>\n<h3>APLICA\u021aIE<\/h3>\n<p>Filtrarea b\u0103uturilor, cum ar fi musturile, vinurile, berile, sucurile, cidrele, uleiurile \u0219i gr\u0103simile.<\/p>\n","protected":false},"excerpt":{"rendered":"<p>Radifil RN sunt p\u0103m\u00e2nturi de diatomee cu o permeabilitate medie \u00eentre 0,025 \u0219i 0,100 darcies. Acestea constau, \u00een esen\u021b\u0103, din cochilii silicioase fosile de alge unicelulare microoscopice \u0219i sunt utilizate ca adjuvan\u021bi de filtrare, datorit\u0103 porozit\u0103\u021bii \u0219i capacit\u0103\u021bii ridicate de adsorb\u021bie.<\/p>\n","protected":false},"featured_media":14775,"template":"","meta":{"_acf_changed":false,"inline_featured_image":false,"site-sidebar-layout":"default","site-content-layout":"default","ast-site-content-layout":"default","site-content-style":"default","site-sidebar-style":"default","ast-global-header-display":"","ast-banner-title-visibility":"","ast-main-header-display":"","ast-hfb-above-header-display":"","ast-hfb-below-header-display":"","ast-hfb-mobile-header-display":"","site-post-title":"","ast-breadcrumbs-content":"","ast-featured-img":"","footer-sml-layout":"","ast-disable-related-posts":"","theme-transparent-header-meta":"default","adv-header-id-meta":"","stick-header-meta":"","header-above-stick-meta":"","header-main-stick-meta":"","header-below-stick-meta":"","astra-migrate-meta-layouts":"default","ast-page-background-enabled":"default","ast-page-background-meta":{"desktop":{"background-color":"var(--ast-global-color-5)","background-image":"","background-repeat":"repeat","background-position":"center center","background-size":"auto","background-attachment":"scroll","background-type":"","background-media":"","overlay-type":"","overlay-color":"","overlay-opacity":"","overlay-gradient":""},"tablet":{"background-color":"","background-image":"","background-repeat":"repeat","background-position":"center center","background-size":"auto","background-attachment":"scroll","background-type":"","background-media":"","overlay-type":"","overlay-color":"","overlay-opacity":"","overlay-gradient":""},"mobile":{"background-color":"","background-image":"","background-repeat":"repeat","background-position":"center center","background-size":"auto","background-attachment":"scroll","background-type":"","background-media":"","overlay-type":"","overlay-color":"","overlay-opacity":"","overlay-gradient":""}},"ast-content-background-meta":{"desktop":{"background-color":"var(--ast-global-color-4)","background-image":"","background-repeat":"repeat","background-position":"center center","background-size":"auto","background-attachment":"scroll","background-type":"","background-media":"","overlay-type":"","overlay-color":"","overlay-opacity":"","overlay-gradient":""},"tablet":{"background-color":"var(--ast-global-color-4)","background-image":"","background-repeat":"repeat","background-position":"center center","background-size":"auto","background-attachment":"scroll","background-type":"","background-media":"","overlay-type":"","overlay-color":"","overlay-opacity":"","overlay-gradient":""},"mobile":{"background-color":"var(--ast-global-color-4)","background-image":"","background-repeat":"repeat","background-position":"center center","background-size":"auto","background-attachment":"scroll","background-type":"","background-media":"","overlay-type":"","overlay-color":"","overlay-opacity":"","overlay-gradient":""}}},"product_brand":[],"product_cat":[360],"product_tag":[],"class_list":{"0":"post-89453","1":"product","2":"type-product","3":"status-publish","4":"has-post-thumbnail","6":"product_cat-produse-filtrare","7":"pa_ecologico-autorizat-eu","8":"pa_ecologico-autorizat-nop-usda","9":"desktop-align-left","10":"tablet-align-left","11":"mobile-align-left","13":"first","14":"instock","15":"virtual","16":"product-type-simple"},"acf":[],"_links":{"self":[{"href":"https:\/\/agrovin.com\/ro\/wp-json\/wp\/v2\/product\/89453","targetHints":{"allow":["GET"]}}],"collection":[{"href":"https:\/\/agrovin.com\/ro\/wp-json\/wp\/v2\/product"}],"about":[{"href":"https:\/\/agrovin.com\/ro\/wp-json\/wp\/v2\/types\/product"}],"version-history":[{"count":0,"href":"https:\/\/agrovin.com\/ro\/wp-json\/wp\/v2\/product\/89453\/revisions"}],"wp:featuredmedia":[{"embeddable":true,"href":"https:\/\/agrovin.com\/ro\/wp-json\/wp\/v2\/media\/14775"}],"wp:attachment":[{"href":"https:\/\/agrovin.com\/ro\/wp-json\/wp\/v2\/media?parent=89453"}],"wp:term":[{"taxonomy":"product_brand","embeddable":true,"href":"https:\/\/agrovin.com\/ro\/wp-json\/wp\/v2\/product_brand?post=89453"},{"taxonomy":"product_cat","embeddable":true,"href":"https:\/\/agrovin.com\/ro\/wp-json\/wp\/v2\/product_cat?post=89453"},{"taxonomy":"product_tag","embeddable":true,"href":"https:\/\/agrovin.com\/ro\/wp-json\/wp\/v2\/product_tag?post=89453"}],"curies":[{"name":"wp","href":"https:\/\/api.w.org\/{rel}","templated":true}]}}