{"id":89428,"date":"2018-04-20T07:35:38","date_gmt":"2022-11-04T16:06:19","guid":{"rendered":"https:\/\/staging.agrovin.com\/fara-categorie\/radifil-rp\/"},"modified":"2024-10-28T22:39:37","modified_gmt":"2024-10-28T20:39:37","slug":"radifil-rp","status":"publish","type":"product","link":"https:\/\/agrovin.com\/ro\/produse-oenologice\/produse-filtrare\/radifil-rp\/","title":{"rendered":"RADIFIL RP"},"content":{"rendered":"<h3>CARACTERISTICI<\/h3>\n<p>Din cauza porozit\u0103\u021bii sale ridicate, diatomita extras\u0103 din cariere con\u021bine 60-70% ap\u0103. Dup\u0103 m\u0103cinare, minereul este uscat, zdrobit \u0219i apoi purificat sub form\u0103 de pulbere.<\/p>\n<p>Diatomeele Radifil RP sunt apoi calcinate \u00een cuptoare \u00eentre 800 \u0219i 1100 o C. Aceast\u0103 calcinare \u00eendep\u0103rteaz\u0103 materia organic\u0103 \u0219i aglomereaz\u0103 diatomeele, f\u0103r\u0103 a le modifica porozitatea. Dup\u0103 r\u0103cire, produsul este m\u0103cinat \u0219i apoi sortat pentru a realiza t\u0103ieri precise ale dimensiunilor particulelor, r\u0103spunz\u00e2nd astfel diverselor aplica\u021bii.<\/p>\n<h3>APLICA\u021aIE<\/h3>\n<p>Filtrarea b\u0103uturilor, cum ar fi musturile, vinurile, berile, sucurile, cidrele, uleiurile \u0219i gr\u0103simile.<\/p>\n","protected":false},"excerpt":{"rendered":"<p>Radifil RP sunt p\u0103m\u00e2nturi de diatomee cu o permeabilitate medie \u00eentre 0,09 \u0219i 0,30 darcies. Diatomeele provin din roci sedimentare foarte poroase, const\u00e2nd \u00een principal din cochilii silicioase fosilizate de alge unicelulare microoscopice, \u0219i sunt utilizate ca adjuvan\u021bi de filtrare datorit\u0103 porozit\u0103\u021bii lor \u0219i capacit\u0103\u021bii ridicate de adsorb\u021bie.<\/p>\n","protected":false},"featured_media":14770,"template":"","meta":{"_acf_changed":false,"inline_featured_image":false,"site-sidebar-layout":"default","site-content-layout":"default","ast-site-content-layout":"default","site-content-style":"default","site-sidebar-style":"default","ast-global-header-display":"","ast-banner-title-visibility":"","ast-main-header-display":"","ast-hfb-above-header-display":"","ast-hfb-below-header-display":"","ast-hfb-mobile-header-display":"","site-post-title":"","ast-breadcrumbs-content":"","ast-featured-img":"","footer-sml-layout":"","ast-disable-related-posts":"","theme-transparent-header-meta":"default","adv-header-id-meta":"","stick-header-meta":"","header-above-stick-meta":"","header-main-stick-meta":"","header-below-stick-meta":"","astra-migrate-meta-layouts":"set","ast-page-background-enabled":"default","ast-page-background-meta":{"desktop":{"background-color":"var(--ast-global-color-5)","background-image":"","background-repeat":"repeat","background-position":"center center","background-size":"auto","background-attachment":"scroll","background-type":"","background-media":"","overlay-type":"","overlay-color":"","overlay-opacity":"","overlay-gradient":""},"tablet":{"background-color":"","background-image":"","background-repeat":"repeat","background-position":"center center","background-size":"auto","background-attachment":"scroll","background-type":"","background-media":"","overlay-type":"","overlay-color":"","overlay-opacity":"","overlay-gradient":""},"mobile":{"background-color":"","background-image":"","background-repeat":"repeat","background-position":"center center","background-size":"auto","background-attachment":"scroll","background-type":"","background-media":"","overlay-type":"","overlay-color":"","overlay-opacity":"","overlay-gradient":""}},"ast-content-background-meta":{"desktop":{"background-color":"var(--ast-global-color-4)","background-image":"","background-repeat":"repeat","background-position":"center center","background-size":"auto","background-attachment":"scroll","background-type":"","background-media":"","overlay-type":"","overlay-color":"","overlay-opacity":"","overlay-gradient":""},"tablet":{"background-color":"var(--ast-global-color-4)","background-image":"","background-repeat":"repeat","background-position":"center center","background-size":"auto","background-attachment":"scroll","background-type":"","background-media":"","overlay-type":"","overlay-color":"","overlay-opacity":"","overlay-gradient":""},"mobile":{"background-color":"var(--ast-global-color-4)","background-image":"","background-repeat":"repeat","background-position":"center center","background-size":"auto","background-attachment":"scroll","background-type":"","background-media":"","overlay-type":"","overlay-color":"","overlay-opacity":"","overlay-gradient":""}}},"product_brand":[],"product_cat":[360],"product_tag":[],"class_list":{"0":"post-89428","1":"product","2":"type-product","3":"status-publish","4":"has-post-thumbnail","6":"product_cat-produse-filtrare","7":"pa_ecologico-autorizat-eu","8":"pa_ecologico-autorizat-nop-usda","9":"desktop-align-left","10":"tablet-align-left","11":"mobile-align-left","13":"first","14":"instock","15":"virtual","16":"product-type-simple"},"acf":[],"_links":{"self":[{"href":"https:\/\/agrovin.com\/ro\/wp-json\/wp\/v2\/product\/89428","targetHints":{"allow":["GET"]}}],"collection":[{"href":"https:\/\/agrovin.com\/ro\/wp-json\/wp\/v2\/product"}],"about":[{"href":"https:\/\/agrovin.com\/ro\/wp-json\/wp\/v2\/types\/product"}],"version-history":[{"count":1,"href":"https:\/\/agrovin.com\/ro\/wp-json\/wp\/v2\/product\/89428\/revisions"}],"predecessor-version":[{"id":116839,"href":"https:\/\/agrovin.com\/ro\/wp-json\/wp\/v2\/product\/89428\/revisions\/116839"}],"wp:featuredmedia":[{"embeddable":true,"href":"https:\/\/agrovin.com\/ro\/wp-json\/wp\/v2\/media\/14770"}],"wp:attachment":[{"href":"https:\/\/agrovin.com\/ro\/wp-json\/wp\/v2\/media?parent=89428"}],"wp:term":[{"taxonomy":"product_brand","embeddable":true,"href":"https:\/\/agrovin.com\/ro\/wp-json\/wp\/v2\/product_brand?post=89428"},{"taxonomy":"product_cat","embeddable":true,"href":"https:\/\/agrovin.com\/ro\/wp-json\/wp\/v2\/product_cat?post=89428"},{"taxonomy":"product_tag","embeddable":true,"href":"https:\/\/agrovin.com\/ro\/wp-json\/wp\/v2\/product_tag?post=89428"}],"curies":[{"name":"wp","href":"https:\/\/api.w.org\/{rel}","templated":true}]}}